{"id":889,"date":"2022-12-01T12:29:10","date_gmt":"2022-12-01T11:29:10","guid":{"rendered":"https:\/\/spielzimmer.berlin\/kontakt\/"},"modified":"2024-08-09T19:19:18","modified_gmt":"2024-08-09T17:19:18","slug":"contact","status":"publish","type":"page","link":"https:\/\/spielzimmer.berlin\/en\/contact\/","title":{"rendered":"Welcome to our contact page"},"content":{"rendered":"\n<ul class=\"wp-block-list\">\n<li class=\"dripicons-checkmark-phone\"><strong>Telephone number:&nbsp;&nbsp;<\/strong><a href=\"tel:+49-030 44037635\">+49-30-44037635<\/a><\/li>\n\n\n\n<li class=\"dripicons-checkmark-mail\"><strong>Email address:&nbsp;&nbsp;<\/strong>kontakt@spielzimmer.berlin<\/li>\n<\/ul>\n\n\n\n<div class=\"wp-block-group has-border-color has-vivid-cyan-blue-border-color has-background is-layout-flow wp-block-group-is-layout-flow\" style=\"border-width:1px;background-color:#edfafcad;padding-top:var(--wp--preset--spacing--30);padding-right:var(--wp--preset--spacing--30);padding-bottom:var(--wp--preset--spacing--30);padding-left:var(--wp--preset--spacing--30)\">\n<h3 class=\"wp-block-heading alignwide\">Frequently Asked Questions<\/h3>\n\n\n\n<hr class=\"wp-block-separator alignwide has-text-color has-vivid-cyan-blue-color has-alpha-channel-opacity has-vivid-cyan-blue-background-color has-background is-style-default\"\/>\n\n\n\n<button class=\"accordion\">What are your opening hours?<\/button>\n<div class=\"contactinfoarea\">\n<p>We also rent out the children&#8217;s caf\u00e9 to <strong>private parties<\/strong>. Therefore, it can unfortunately also happen that we are closed. You can always find our <a href=\"\/en\/#oeffungszeiten-spielzimmer\" title=\"current opening hours here on the homepage \">current opening hours here on the homepage <\/a> or in the <a href=\"https:\/\/www.google.com\/search?client=firefox-b-d&amp;q=kindercafe+spielzimmer#loh=true\" title=\"description on Google\" target=\"_blank\" rel=\"noopener\">description on Google<\/a>. Thank you for your understanding.<\/p><\/div>\n\n<button class=\"accordion\">When is it not so crowded at the children&#8217;s caf\u00e9 Spielzimmer? When are your peak times?<\/button>\n<div class=\"contactinfoarea\">\n<p>Experience has shown that the children&#8217;s caf\u00e9 Spielzimmer is quite busy in winter. <strong>During the week<\/strong>, we can almost always find a place for you. Monday to Friday <strong>mornings<\/strong> are of course the quietest \u2013 before most of the children come home from kindergarten or school. <strong>At the weekend<\/strong>, it is emptier <strong>between 1pm and 2pm<\/strong>. We look forward to your visit!<\/p><\/div>\n\n<button class=\"accordion\">Can I bring my own food?<\/button>\n<div class=\"contactinfoarea\">\n<p>As restaurateurs, we <strong>live from the sale of our food and drinks<\/strong>. Therefore, we ask for your understanding that we cannot allow you to bring your own food and drinks. Thank you for your support!<\/p><\/div>\n\n<button class=\"accordion\">Is it possible to make reservations at Spielzimmer?<\/button>\n<div class=\"contactinfoarea\">\n<p>Unfortunately, we cannot reserve individual tables. If there are <strong>more than 10 people<\/strong>, please contact us in advance via <strong>contact form<\/strong> or by <strong>phone<\/strong>.\nWe can offer you a <strong>reservation<\/strong> as part of a <a href=\"\/en\/family-breakfast-prenzlauer-berg\/\" title=\"family breakfast\">family breakfast<\/a>, a <a href=\"\/en\/children-birthday-parties-prenzlauer-berg\/\" title=\"children's birthday party\">children&#8217;s birthday party<\/a> or a <a href=\"\/en\/children-birthday-parties-prenzlauer-berg\/#geschlossene-gesellschaft\" title=\"private event\">private event<\/a>.<\/p><\/div>\n\n<button class=\"accordion\">Can I park a pram in the caf\u00e9?<\/button>\n<div class=\"contactinfoarea\">\n<p>We would like to ask you to park your prams, bicycles, running bikes etc. <strong>in front of the caf\u00e9<\/strong>. There is an <strong>important reason<\/strong> for this: prams would block the paths in the caf\u00e9. This would pose a risk of injury to the children playing and running around. Of course, we want to avoid this.<\/p>\n\n<p>Since the founding of the children&#8217;s caf\u00e9 Spielzimmer, every pram has stayed in front of the caf\u00e9 so far. Depending on where you sit in the caf\u00e9, you can keep an eye on your pram through our glass front. If necessary, you can also secure the pram with a lock.<\/p>\n\n<p>We hope that the children&#8217;s caf\u00e9 Spielzimmer is a nice place for all our guests, young and old, to enjoy and play. Thank you for your understanding and support!<\/p><\/div>\n\n<button class=\"accordion\">Can I bring dogs into the caf\u00e9?<\/button>\n<div class=\"contactinfoarea\">\n<p>We would like to ask you <strong>not to bring dogs<\/strong>. There are <strong>important reasons<\/strong> for this: Firstly, the stay would probably be very stressful for your four-legged darlings. The children&#8217;s caf\u00e9 is loud and busy. Many people are present who are strangers to your dogs.<\/p>\n\n<p>On the other hand, it could be that guests are allergic to dog hair. Some guests may also be afraid of dogs. Therefore, we ask you not to bring your furry friends with you. Thank you for your support!<\/p><\/div>\n\n<button class=\"accordion\">Can I pay by EC card?<\/button>\n<div class=\"contactinfoarea\">\n<p>Unfortunately, payment by EC card is <strong>not possible<\/strong>. Only payment <strong>in cash<\/strong> is possible.<\/p><\/div>\n<\/div>\n\n\n\n<div class=\"wp-block-group has-custom-kontaktformular-background-color has-background has-global-padding is-layout-constrained wp-block-group-is-layout-constrained\" style=\"padding-top:var(--wp--preset--spacing--30);padding-bottom:var(--wp--preset--spacing--30)\">\n<h2 class=\"wp-block-heading\">Contact Form<\/h2>\n\n\n\n<hr class=\"wp-block-separator has-text-color has-custom-trenner-kontakt-color has-alpha-channel-opacity has-custom-trenner-kontakt-background-color has-background is-style-wide\"\/>\n\n\n\n<div class=\"wp-block-contact-form-7-contact-form-selector is-style-wide\">\n<div class=\"wpcf7 no-js\" id=\"wpcf7-f892-o1\" lang=\"en-US\" dir=\"ltr\" data-wpcf7-id=\"892\">\n<div class=\"screen-reader-response\"><p role=\"status\" aria-live=\"polite\" aria-atomic=\"true\"><\/p> <ul><\/ul><\/div>\n<form action=\"\/en\/wp-json\/wp\/v2\/pages\/889#wpcf7-f892-o1\" method=\"post\" class=\"wpcf7-form init\" aria-label=\"Contact form\" novalidate=\"novalidate\" data-status=\"init\">\n<fieldset class=\"hidden-fields-container\"><input type=\"hidden\" name=\"_wpcf7\" value=\"892\" \/><input type=\"hidden\" name=\"_wpcf7_version\" value=\"6.1.5\" \/><input type=\"hidden\" name=\"_wpcf7_locale\" value=\"en_US\" \/><input type=\"hidden\" name=\"_wpcf7_unit_tag\" value=\"wpcf7-f892-o1\" \/><input type=\"hidden\" name=\"_wpcf7_container_post\" value=\"0\" \/><input type=\"hidden\" name=\"_wpcf7_posted_data_hash\" value=\"\" \/>\n<\/fieldset>\n<p>First name<br \/>\n<span class=\"wpcf7-form-control-wrap\" data-name=\"firstname\"><input size=\"40\" maxlength=\"400\" class=\"wpcf7-form-control wpcf7-text\" aria-invalid=\"false\" value=\"\" type=\"text\" name=\"firstname\" \/><\/span>\n<\/p>\n<p>Surname<br \/>\n<span class=\"wpcf7-form-control-wrap\" data-name=\"lastname\"><input size=\"40\" maxlength=\"400\" class=\"wpcf7-form-control wpcf7-text\" aria-invalid=\"false\" value=\"\" type=\"text\" name=\"lastname\" \/><\/span><span id=\"wpcf7-69de5d5ce218d-wrapper\" class=\"wpcf7-form-control-wrap first-name-wrap\" style=\"display:none !important; visibility:hidden !important;\"><label for=\"wpcf7-69de5d5ce218d-field\" class=\"hp-message\">Please leave this field empty.<\/label><input id=\"wpcf7-69de5d5ce218d-field\"  class=\"wpcf7-form-control wpcf7-text\" type=\"text\" name=\"first-name\" value=\"\" size=\"40\" tabindex=\"-1\" autocomplete=\"new-password\" \/><\/span><span id=\"wpcf7-69de5d5ce21cb-wrapper\" class=\"wpcf7-form-control-wrap last-name-wrap\" style=\"display:none !important; visibility:hidden !important;\"><label for=\"wpcf7-69de5d5ce21cb-field\" class=\"hp-message\">Please leave this field empty.<\/label><input id=\"wpcf7-69de5d5ce21cb-field\"  class=\"wpcf7-form-control wpcf7-text\" type=\"text\" name=\"last-name\" value=\"\" size=\"40\" tabindex=\"-1\" autocomplete=\"new-password\" \/><\/span>\n<\/p>\n<p>E-mail address*<br \/>\n<span class=\"wpcf7-form-control-wrap\" data-name=\"email\"><input size=\"40\" maxlength=\"400\" class=\"wpcf7-form-control wpcf7-email wpcf7-validates-as-required wpcf7-text wpcf7-validates-as-email\" aria-required=\"true\" aria-invalid=\"false\" value=\"\" type=\"email\" name=\"email\" \/><\/span>\n<\/p>\n<p>Phone number<br \/>\n<span class=\"wpcf7-form-control-wrap\" data-name=\"phone\"><input size=\"40\" maxlength=\"400\" class=\"wpcf7-form-control wpcf7-tel wpcf7-text wpcf7-validates-as-tel\" aria-invalid=\"false\" value=\"\" type=\"tel\" name=\"phone\" \/><\/span>\n<\/p>\n<p>Subject*<br \/>\n<span class=\"wpcf7-form-control-wrap\" data-name=\"subject\"><input size=\"40\" maxlength=\"400\" class=\"wpcf7-form-control wpcf7-text wpcf7-validates-as-required\" aria-required=\"true\" aria-invalid=\"false\" value=\"\" type=\"text\" name=\"subject\" \/><\/span>\n<\/p>\n<p>Message<br \/>\n<span class=\"wpcf7-form-control-wrap\" data-name=\"message\"><textarea cols=\"40\" rows=\"10\" maxlength=\"2000\" class=\"wpcf7-form-control wpcf7-textarea\" aria-invalid=\"false\" name=\"message\"><\/textarea><\/span>\n<\/p>\n<p><input class=\"wpcf7-form-control wpcf7-submit has-spinner\" type=\"submit\" value=\"Send\" \/>\n<\/p><div class=\"wpcf7-response-output\" aria-hidden=\"true\"><\/div>\n<\/form>\n<\/div>\n<\/div>\n<\/div>\n\n\n\n<script src=\"https:\/\/ajax.googleapis.com\/ajax\/libs\/jquery\/2.2.4\/jquery.min.js\"><\/script>\n<script>\nvar acc = document.getElementsByClassName(\"accordion\");\nvar i;\nfor (i = 0; i < acc.length; i++) {\n  acc[i].addEventListener(\"click\", function() {\n\n    this.classList.toggle(\"active\");\n    var panel = this.nextElementSibling;\n    if (panel.style.maxHeight){\n      panel.style.maxHeight = null;\n    } else {\n      panel.style.maxHeight = panel.scrollHeight + \"px\";\n    }\n  });\n}\n<\/script>\n","protected":false},"excerpt":{"rendered":"<p>Frequently Asked Questions What are your opening hours? We also rent out the children&#8217;s caf\u00e9 to private parties. Therefore, it can unfortunately also happen that we are closed. You can always find our current opening hours here on the homepage or in the description on Google. Thank you for your understanding. When is it not [&hellip;]<\/p>\n","protected":false},"author":1,"featured_media":0,"parent":0,"menu_order":110,"comment_status":"closed","ping_status":"closed","template":"","meta":{"_acf_changed":false,"footnotes":""},"class_list":["post-889","page","type-page","status-publish","hentry"],"acf":[],"_links":{"self":[{"href":"https:\/\/spielzimmer.berlin\/en\/wp-json\/wp\/v2\/pages\/889","targetHints":{"allow":["GET"]}}],"collection":[{"href":"https:\/\/spielzimmer.berlin\/en\/wp-json\/wp\/v2\/pages"}],"about":[{"href":"https:\/\/spielzimmer.berlin\/en\/wp-json\/wp\/v2\/types\/page"}],"author":[{"embeddable":true,"href":"https:\/\/spielzimmer.berlin\/en\/wp-json\/wp\/v2\/users\/1"}],"replies":[{"embeddable":true,"href":"https:\/\/spielzimmer.berlin\/en\/wp-json\/wp\/v2\/comments?post=889"}],"version-history":[{"count":10,"href":"https:\/\/spielzimmer.berlin\/en\/wp-json\/wp\/v2\/pages\/889\/revisions"}],"predecessor-version":[{"id":5286,"href":"https:\/\/spielzimmer.berlin\/en\/wp-json\/wp\/v2\/pages\/889\/revisions\/5286"}],"wp:attachment":[{"href":"https:\/\/spielzimmer.berlin\/en\/wp-json\/wp\/v2\/media?parent=889"}],"curies":[{"name":"wp","href":"https:\/\/api.w.org\/{rel}","templated":true}]}}