{"id":1052,"date":"2022-12-02T17:56:40","date_gmt":"2022-12-02T16:56:40","guid":{"rendered":"https:\/\/spielzimmer.berlin\/?page_id=1052"},"modified":"2024-09-01T19:23:51","modified_gmt":"2024-09-01T17:23:51","slug":"fetes-de-famille-enfants-cafe-pour-parents-enfants-berlin","status":"publish","type":"page","link":"https:\/\/spielzimmer.berlin\/fr\/fetes-de-famille-enfants-cafe-pour-parents-enfants-berlin\/","title":{"rendered":"F\u00eates de famille avec enfants au caf\u00e9 pour parents et enfants de Berlin"},"content":{"rendered":"\n<figure class=\"wp-block-image aligncenter size-full\"><img loading=\"lazy\" decoding=\"async\" width=\"1263\" height=\"455\" src=\"https:\/\/spielzimmer.berlin\/wp-content\/uploads\/2022\/11\/kindercafe-spielzimmer-fruehstueck.jpg\" alt=\"F\u00eates de famille avec enfants au caf\u00e9 pour parents et enfants de Berlin\" class=\"wp-image-153\" srcset=\"https:\/\/spielzimmer.berlin\/wp-content\/uploads\/2022\/11\/kindercafe-spielzimmer-fruehstueck.jpg 1263w, https:\/\/spielzimmer.berlin\/wp-content\/uploads\/2022\/11\/kindercafe-spielzimmer-fruehstueck-300x108.jpg 300w, https:\/\/spielzimmer.berlin\/wp-content\/uploads\/2022\/11\/kindercafe-spielzimmer-fruehstueck-1024x369.jpg 1024w, https:\/\/spielzimmer.berlin\/wp-content\/uploads\/2022\/11\/kindercafe-spielzimmer-fruehstueck-768x277.jpg 768w\" sizes=\"auto, (max-width: 1263px) 100vw, 1263px\" \/><\/figure>\n\n\n\n<p>Le <a href=\"https:\/\/spielzimmer.berlin\/fr\/\">caf\u00e9 familial Spielzimmer<\/a> est un merveilleux <strong>lieu de f\u00eate pour les f\u00eates de famille avec enfants \u00e0 Berlin.<\/strong> Nous sommes l\u00e0 pour vous, pour que votre f\u00eate avec toute la famille soit un moment fort pour petits et grands.<\/p>\n\n\n\n<p>Si vous le souhaitez, vous pouvez r\u00e9server tout le <strong>caf\u00e9 pour enfants uniquement pour vos f\u00eates de famille avec enfants.<\/strong> Une \u00e9quipe de serveurs vous sera pleinement d\u00e9vou\u00e9e pendant 3h30 ou 8 heures. Profitez de la d\u00e9coration festive et, si vous le souhaitez, de votre repas personnalis\u00e9 Les enfants peuvent s&rsquo;amuser sans \u00eatre d\u00e9rang\u00e9s par d&rsquo;autres enfants dans l&rsquo;<strong>aire de jeux d&rsquo;int\u00e9rieur<\/strong> ou dans le<strong> coin r\u00e9serv\u00e9 aux tout-petits.<\/strong> Un autre gros plus pour vous : nous vous \u00e9vitons ainsi toutes les t\u00e2ches fastidieuses, comme le rangement, le nettoyage et la vaisselle.<\/p>\n\n\n\n<p>F\u00eatez joyeusement avec les enfants <strong>sur la Helmholtzplatz au c\u0153ur de Berlin Prenzlauer Berg.<\/strong> En plus de la f\u00eate d&rsquo;anniversaire classique pour enfants avec le g\u00e2teau d&rsquo;anniversaire, nous sommes ouverts \u00e0 vos id\u00e9es pour c\u00e9l\u00e9brer l&rsquo;\u00e9v\u00e9nement.<\/p>\n\n\n\n<p><code><\/code><\/p>\n\n\n\n<p><code><\/code><\/p>\n\n\n\n<div class=\"wp-block-group has-border-color has-custom-rahmen-border-color has-custom-bookly-boxen-background-color has-background has-global-padding is-layout-constrained wp-block-group-is-layout-constrained\" style=\"border-width:2px;padding-top:var(--wp--preset--spacing--30);padding-bottom:var(--wp--preset--spacing--30)\">\n<h2 class=\"wp-block-heading\">R\u00e9servez d\u00e8s maintenant au caf\u00e9 pour enfants Spielzimmer !<\/h2>\n\n\n\n<hr class=\"wp-block-separator has-text-color has-vivid-cyan-blue-color has-alpha-channel-opacity has-vivid-cyan-blue-background-color has-background is-style-wide\"\/>\n\n\n\n<div class=\"wp-block-bookly-form\"><!--\nPlugin Name: Bookly - Responsive WordPress Appointment Booking and Scheduling Plugin\nPlugin URI: https:\/\/www.booking-wp-plugin.com\/?utm_source=bookly_admin&utm_medium=plugins_page&utm_campaign=plugins_page\nVersion: 27.4-->\n<style type=\"text\/css\">\n    :root {\n        --bookly-main-color: #ff6f96 !important;\n        --bookly-color: #ff6f96 !important;\n    }\n\n        .active{\nbackground-color: unset !important;\npadding: unset !important;\nfont-size: unset !important;\n}\n.bookly-form select{\n  background-color: #ebeaea;\n}\n.bookly-form-group input{\n  background-color: #dcdcdc;\n}\n.bookly-form-group textarea{\n  background-color: #dcdcdc;\n}\n\n\/* Basis: Label als Karten + Bildfl\u00e4che *\/\n.bookly-form input[name=\"bookly-js-custom-field-99434-2\"] + span, .bookly-form input[name=\"bookly-js-custom-field-99434-3\"] + span, .bookly-form input[name=\"bookly-js-custom-field-99434-12\"] + span {\n  display: flex;\n  flex-direction: column-reverse; \/* Text oben, Bild unten *\/\n  align-items: flex-start;        \/* Inhalte links ausrichten *\/\n  text-align: left;               \/* Text linksb\u00fcndig *\/\n  gap: 10px;\n  padding: 8px 12px;\n  margin: 6px;\n  cursor: pointer;\n}\n\n\/* Bildfl\u00e4che davor *\/\n.bookly-form input[name=\"bookly-js-custom-field-99434-2\"] + span::before, .bookly-form input[name=\"bookly-js-custom-field-99434-3\"] + span::before, .bookly-form input[name=\"bookly-js-custom-field-99434-12\"] + span::before {\n  content: \"\";\n  display: block;\n  width: 150px;\n  height: 150px;\n  background-size: cover;\n  background-position: center;\n  border-radius: 8px;\n}\n\n\/* Bild f\u00fcr Obstteller *\/\n.bookly-form input[name=\"bookly-js-custom-field-99434-2\"][value=\"Obstteller\"] + span::before, .bookly-form input[name=\"bookly-js-custom-field-99434-3\"][value=\"Obstteller\"] + span::before, .bookly-form input[name=\"bookly-js-custom-field-99434-12\"][value=\"Obstteller\"] + span::before {\n  background-image: url('\/wp-content\/uploads\/2025\/08\/geburtstag-obstteller.png');\n}\n\n\/* Bild f\u00fcr Gem\u00fcseteller *\/\n.bookly-form input[name=\"bookly-js-custom-field-99434-2\"][value*=\"Gem\u00fcseteller\"] + span::before, .bookly-form input[name=\"bookly-js-custom-field-99434-3\"][value*=\"Gem\u00fcseteller\"] + span::before, .bookly-form input[name=\"bookly-js-custom-field-99434-12\"][value*=\"Gem\u00fcseteller\"] + span::before {\n  background-image: url('\/wp-content\/uploads\/2025\/08\/geburtstag-gemueseteller.png');\n}\n\n\/* Aktive Auswahl hervorheben *\/\n.bookly-form input[name=\"bookly-js-custom-field-99434-2\"]:checked + span, .bookly-form input[name=\"bookly-js-custom-field-99434-3\"]:checked + span, .bookly-form input[name=\"bookly-js-custom-field-99434-12\"]:checked + span {\n  outline: 2px solid #111;\n  outline-offset: 2px;\n}\n@media (max-width: 480px) {\n  .bookly-form input[name=\"bookly-js-custom-field-99434-2\"] + span::before, .bookly-form input[name=\"bookly-js-custom-field-99434-3\"] + span::before, .bookly-form input[name=\"bookly-js-custom-field-99434-12\"] + span::before {\n    width: 100px;\n    height: 100px;\n  }\n}\n\n\n\n\/* Basis: Label als Karten + Bildfl\u00e4che (Gruppe Geburtstagskuchen) *\/\n.bookly-form input[name=\"bookly-js-custom-field-55363-1\"] + span, .bookly-form input[name=\"bookly-js-custom-field-55363-2\"] + span, .bookly-form input[name=\"bookly-js-custom-field-55363-3\"] + span, .bookly-form input[name=\"bookly-js-custom-field-55363-4\"] + span,\n.bookly-form input[name=\"bookly-js-custom-field-55363-11\"] + span, .bookly-form input[name=\"bookly-js-custom-field-55363-12\"] + span {\n  display: flex;\n  flex-direction: column-reverse; \/* Text oben, Bild unten *\/\n  align-items: flex-start;        \/* Inhalte links ausrichten *\/\n  text-align: left;               \/* Text linksb\u00fcndig *\/\n  gap: 10px;\n  padding: 8px 12px;\n  margin: 6px;\n  cursor: pointer;\n}\n\n\/* Bildfl\u00e4che davor *\/\n.bookly-form input[name=\"bookly-js-custom-field-55363-1\"] + span::before, .bookly-form input[name=\"bookly-js-custom-field-55363-2\"] + span::before, .bookly-form input[name=\"bookly-js-custom-field-55363-3\"] + span::before, .bookly-form input[name=\"bookly-js-custom-field-55363-4\"] + span::before, .bookly-form input[name=\"bookly-js-custom-field-55363-11\"] + span::before, .bookly-form input[name=\"bookly-js-custom-field-55363-12\"] + span::before {\n  content: \"\";\n  display: block;\n  width: 150px;\n  height: 150px;\n  background-size: cover;\n  background-position: center;\n  border-radius: 8px;\n}\n\n\/* Papagei-Kuchen *\/\n.bookly-form input[name=\"bookly-js-custom-field-55363-1\"][value*=\"Papagei-Kuchen\"] + span::before, .bookly-form input[name=\"bookly-js-custom-field-55363-2\"][value*=\"Papagei-Kuchen\"] + span::before, .bookly-form input[name=\"bookly-js-custom-field-55363-3\"][value*=\"Papagei-Kuchen\"] + span::before, .bookly-form input[name=\"bookly-js-custom-field-55363-4\"][value*=\"Papagei-Kuchen\"] + span::before, .bookly-form input[name=\"bookly-js-custom-field-55363-11\"][value*=\"Papagei-Kuchen\"] + span::before, .bookly-form input[name=\"bookly-js-custom-field-55363-12\"][value*=\"Papagei-Kuchen\"] + span::before {\n  background-image: url('\/wp-content\/uploads\/2025\/08\/geburtstag-papageikuchen.png');\n}\n\n\/* Marmorkuchen *\/\n.bookly-form input[name=\"bookly-js-custom-field-55363-1\"][value*=\"Marmorkuchen\"] + span::before, .bookly-form input[name=\"bookly-js-custom-field-55363-2\"][value*=\"Marmorkuchen\"] + span::before, .bookly-form input[name=\"bookly-js-custom-field-55363-3\"][value*=\"Marmorkuchen\"] + span::before, .bookly-form input[name=\"bookly-js-custom-field-55363-4\"][value*=\"Marmorkuchen\"] + span::before, .bookly-form input[name=\"bookly-js-custom-field-55363-11\"][value*=\"Marmorkuchen\"] + span::before, .bookly-form input[name=\"bookly-js-custom-field-55363-12\"][value*=\"Marmorkuchen\"] + span::before {\n  background-image: url('\/wp-content\/uploads\/2025\/08\/geburtstag-marmorkuchen.png');\n}\n\n\/* Belgische Waffeln *\/\n.bookly-form input[name=\"bookly-js-custom-field-55363-1\"][value*=\"Belgische Waffeln\"] + span::before, .bookly-form input[name=\"bookly-js-custom-field-55363-2\"][value*=\"Belgische Waffeln\"] + span::before, .bookly-form input[name=\"bookly-js-custom-field-55363-3\"][value*=\"Belgische Waffeln\"] + span::before, .bookly-form input[name=\"bookly-js-custom-field-55363-4\"][value*=\"Belgische Waffeln\"] + span::before, .bookly-form input[name=\"bookly-js-custom-field-55363-11\"][value*=\"Belgische Waffeln\"] + span::before, .bookly-form input[name=\"bookly-js-custom-field-55363-12\"][value*=\"Belgische Waffeln\"] + span::before {\n  background-image: url('\/wp-content\/uploads\/2025\/08\/geburtstag-belgische-waffeln.png');\n}\n\n\/* Zitronenkuchen *\/\n.bookly-form input[name=\"bookly-js-custom-field-55363-1\"][value*=\"Zitronenkuchen\"] + span::before, .bookly-form input[name=\"bookly-js-custom-field-55363-2\"][value*=\"Zitronenkuchen\"] + span::before, .bookly-form input[name=\"bookly-js-custom-field-55363-3\"][value*=\"Zitronenkuchen\"] + span::before, .bookly-form input[name=\"bookly-js-custom-field-55363-4\"][value*=\"Zitronenkuchen\"] + span::before, .bookly-form input[name=\"bookly-js-custom-field-55363-11\"][value*=\"Zitronenkuchen\"] + span::before, .bookly-form input[name=\"bookly-js-custom-field-55363-12\"][value*=\"Zitronenkuchen\"] + span::before {\n  background-image: url('\/wp-content\/uploads\/2025\/08\/geburtstag-zitronenkuchen.png');\n}\n\n\/* Aktive Auswahl hervorheben *\/\n.bookly-form input[name=\"bookly-js-custom-field-55363-1\"]:checked + span, .bookly-form input[name=\"bookly-js-custom-field-55363-2\"]:checked + span, .bookly-form input[name=\"bookly-js-custom-field-55363-3\"]:checked + span, .bookly-form input[name=\"bookly-js-custom-field-55363-4\"]:checked + span, .bookly-form input[name=\"bookly-js-custom-field-55363-11\"]:checked + span, .bookly-form input[name=\"bookly-js-custom-field-55363-12\"]:checked + span {\n  outline: 2px solid #111;\n  outline-offset: 2px;\n}\n\n\/* Responsive: kleinere Bilder am Handy *\/\n@media (max-width: 480px){\n  .bookly-form input[name=\"bookly-js-custom-field-55363-1\"] + span::before,  .bookly-form input[name=\"bookly-js-custom-field-55363-2\"] + span::before,  .bookly-form input[name=\"bookly-js-custom-field-55363-3\"] + span::before,  .bookly-form input[name=\"bookly-js-custom-field-55363-4\"] + span::before,  .bookly-form input[name=\"bookly-js-custom-field-55363-11\"] + span::before,  .bookly-form input[name=\"bookly-js-custom-field-55363-12\"] + span::before {\n    width: 100px;\n    height: 100px;\n  }\n}\n\n\n\n\n\/* Basis: Label als Karten + Bildfl\u00e4che (Gruppe Essen im Geburtstagspaket) *\/\n.bookly-form input[name=\"bookly-js-custom-field-32463-3\"] + span {\n  display: flex;\n  flex-direction: column-reverse; \/* Text oben, Bild unten *\/\n  align-items: flex-start;        \/* Inhalte links ausrichten *\/\n  text-align: left;               \/* Text linksb\u00fcndig *\/\n  gap: 10px;\n  padding: 8px 12px;\n  margin: 6px;\n  cursor: pointer;\n}\n\n\/* Bildfl\u00e4che davor *\/\n.bookly-form input[name=\"bookly-js-custom-field-32463-3\"] + span::before {\n  content: \"\";\n  display: block;\n  width: 150px;\n  height: 150px;\n  background-size: cover;\n  background-position: center;\n  border-radius: 8px;\n}\n\n\/* Gefl\u00fcgel-HotDogs *\/\n.bookly-form input[name=\"bookly-js-custom-field-32463-3\"][value*=\"Gefl\u00fcgel-HotDogs\"] + span::before {\n  background-image: url('\/wp-content\/uploads\/2025\/08\/gefluegel-hotdogs.png');\n}\n\n\/* Gefl\u00fcgel-Wiener mit Toastecken *\/\n.bookly-form input[name=\"bookly-js-custom-field-32463-3\"][value*=\"Gefl\u00fcgel-Wiener mit Toastecken\"] + span::before {\n  background-image: url('\/wp-content\/uploads\/2025\/08\/gefluegel-wiener-mit-toastecken.png');\n}\n\n\/* Nudeln mit Tomatensauce *\/\n.bookly-form input[name=\"bookly-js-custom-field-32463-3\"][value*=\"Nudeln mit Tomatensauce\"] + span::before {\n  background-image: url('\/wp-content\/uploads\/2025\/08\/nudeln-mit-tomatensauce.png');\n}\n\n\/* Aktive Auswahl hervorheben *\/\n.bookly-form input[name=\"bookly-js-custom-field-32463-3\"]:checked + span {\n  outline: 2px solid #111;\n  outline-offset: 2px;\n}\n\n\/* Responsive: kleinere Bilder am Handy *\/\n@media (max-width: 480px){\n  .bookly-form input[name=\"bookly-js-custom-field-32463-3\"] + span::before {\n    width: 100px;\n    height: 100px;\n  }\n}\n\n.bookly-form label {\n  display: flex;\n  align-items: center;\n  gap: 12px;\n}\n\n.bookly-form label span {\n  display: flex;\n  flex-direction: column-reverse;\n  align-items: center;\n}    <\/style><div class=\"bookly-css-root\">\n    <div id=\"bookly-form-container-69df1241c2ad5\" class=\"bookly-form\" data-form_id=\"\" aria-live=\"polite\">\n        <div style=\"text-align: center\"><img decoding=\"async\" src=\"https:\/\/spielzimmer.berlin\/wp-includes\/js\/tinymce\/skins\/lightgray\/img\/loader.gif\" alt=\"Chargement...\"\/><\/div>\n    <\/div>\n<\/div>\n<script type=\"text\/javascript\">\n    (function (win, fn) {\n        var done = false, top = true,\n            doc = win.document,\n            root = doc.documentElement,\n            modern = doc.addEventListener,\n            add = modern ? 'addEventListener' : 'attachEvent',\n            rem = modern ? 'removeEventListener' : 'detachEvent',\n            pre = modern ? '' : 'on',\n            init = function (e) {\n                if (e.type == 'readystatechange') if (doc.readyState != 'complete') return;\n                (e.type == 'load' ? win : doc)[rem](pre + e.type, init, false);\n                if (!done) {\n                    done = true;\n                    fn.call(win, e.type || e);\n                }\n            },\n            poll = function () {\n                try {\n                    root.doScroll('left');\n                } catch (e) {\n                    setTimeout(poll, 50);\n                    return;\n                }\n                init('poll');\n            };\n        if (doc.readyState == 'complete') fn.call(win, 'lazy');\n        else {\n            if (!modern) if (root.doScroll) {\n                try {\n                    top = !win.frameElement;\n                } catch (e) {\n                }\n                if (top) poll();\n            }\n            doc[add](pre + 'DOMContentLoaded', init, false);\n            doc[add](pre + 'readystatechange', init, false);\n            win[add](pre + 'load', init, false);\n        }\n    })(window, function () {\n        window.bookly( {\"form_id\":\"69df1241c2ad5\",\"form_data\":{\"skip_service_step\":0,\"hide_service_part1\":0,\"hide_service_part2\":1,\"defaults\":{\"service_id\":0,\"staff_id\":0,\"location_id\":0,\"category_id\":13,\"units\":0,\"date_from\":0,\"time_from\":0,\"time_to\":0}},\"status\":{\"booking\":\"new\"},\"form_token\":null,\"skip_steps\":{\"service_part1\":0,\"service_part2\":1,\"extras\":0,\"time\":0,\"repeat\":1,\"cart\":1},\"errors\":{\"session_error\":\"Erreur Session.\",\"form_id_error\":\"ID Formulaire d'erreur.\",\"cart_item_not_available\":\"Die eingestellte Zeit ist nicht mehr vorhanden. Bitte w\\u00e4hlen Sie ein anderes Zeitfenster\\n.\",\"pay_locally_not_available\":\"Le paiement local n'est pas disponible.\",\"invalid_gateway\":\"Portail invalide.\",\"payment_error\":\"Erreur.\",\"incorrect_username_password\":\"Identifiant ou mot de passe incorrect.\"},\"form_attributes\":{\"hide_categories\":true,\"hide_services\":true,\"hide_staff_members\":true,\"show_number_of_persons\":false,\"hide_service_duration\":true,\"hide_locations\":true,\"hide_quantity\":true,\"hide_date\":true,\"hide_week_days\":true,\"hide_time_range\":true,\"const_category_id\":13},\"use_client_time_zone\":0,\"defaults\":{\"service_id\":0,\"staff_id\":0,\"location_id\":0,\"category_id\":13},\"datepicker_mode\":\"text-accent\",\"facebook\":{\"enabled\":0,\"appId\":\"\"},\"step_extras\":\"after_step_time\"} );\n    });\n<\/script><\/div>\n<\/div>\n\n\n\n<p><code><\/code><\/p>\n\n\n\n<h2 class=\"wp-block-heading\">C\u00e9l\u00e9brez avec les enfants les \u00e9v\u00e9nements saisonniers et les autres f\u00eates du pays<\/h2>\n\n\n\n<p>Nous faisons la f\u00eate avec vous toute l&rsquo;ann\u00e9e, d\u00e8s que vous le souhaitez. Que diriez-vous, par exemple, des <strong>f\u00eates de famille suivantes&nbsp;?<\/strong><\/p>\n\n\n\n<ul class=\"wp-block-list\">\n<li>Commencez la nouvelle ann\u00e9e avec nous par une <strong>f\u00eate du Nouvel An<\/strong> chaleureuse, d\u00e9licieuse et ludique avec toute la famille autour d&rsquo;un <a href=\"https:\/\/spielzimmer.berlin\/fr\/petit-dejeuner-familial-a-prenzlauer-berg\/\" data-type=\"page\" data-id=\"1047\">petit-d\u00e9jeuner en famille<\/a>.<\/li>\n\n\n\n<li>Vos <strong>f\u00eates de carnaval pour enfants<\/strong> sont&nbsp; bariol\u00e9es. Que ce soit le lundi gras ou le <strong>mercredi des Cendres<\/strong>, les enfants d\u00e9guis\u00e9s s&rsquo;amusent beaucoup dans notre aire de jeux d&rsquo;int\u00e9rieur<\/li>\n\n\n\n<li>Vos <strong>f\u00eates de P\u00e2ques avec les enfants<\/strong> dans notre <strong>caf\u00e9 pour enfants berlinois<\/strong> sont printani\u00e8res. Apr\u00e8s votre promenade de P\u00e2ques ou votre chasse aux \u0153ufs, r\u00e9servez chez nous une <a href=\"https:\/\/spielzimmer.berlin\/fr\/anniversaires-denfants\/#geschlossene-gesellschaft\">f\u00eate priv\u00e9e<\/a>. Vous pouvez \u00e9galement vous retrouver tous chez nous \u00e0 la Pentec\u00f4te, le 50e jour de la p\u00e9riode pascale.<\/li>\n\n\n\n<li>Votre <strong>f\u00eate d&rsquo;Halloween avec un enfant<\/strong> vous fera fantastiquement frissonner. Magiciens, sorci\u00e8res, fant\u00f4mes ou petit vampires, les enfants font la f\u00eate comme ils l&rsquo;entendent dans la seule aire de jeux d&rsquo;int\u00e9rieur de Berlin Prenzlauer Berg.<\/li>\n\n\n\n<li>Vous pouvez \u00e9galement c\u00e9l\u00e9brer <strong>No\u00ebl<\/strong>, la f\u00eate de l&rsquo;amour, avec jusqu&rsquo;\u00e0 50 personnes&nbsp;: pr\u00e9parez-vous \u00e0 des d\u00e9corations de No\u00ebl scintillantes et \u00e0 une atmosph\u00e8re paisible.<\/li>\n\n\n\n<li>Vous vous demandez o\u00f9 c\u00e9l\u00e9brer le <strong>Nouvel An avec des enfants<\/strong> \u00e0 Berlin&nbsp;? Chez nous, au caf\u00e9 Spielzimmer ! Terminez l&rsquo;ann\u00e9e en famille autour d&rsquo;une d\u00e9licieuse collation en compagnie de vos proches.<\/li>\n<\/ul>\n\n\n\n<div class=\"wp-block-group is-layout-flow wp-block-group-is-layout-flow\">\n<h3 class=\"wp-block-heading\">C\u00e9l\u00e9brez les f\u00eates de famille avec enfants en privatisant votre lieu \u00e0 Berlin<\/h3>\n\n\n\n<p>Il y a tellement d&rsquo;autres bonnes id\u00e9es pour des f\u00eates avec des enfants ! Laissez-vous inspirer par nos suggestions pour d&rsquo;autres f\u00eates de famille :<\/p>\n\n\n\n<ul class=\"wp-block-list\">\n<li>La <strong>f\u00eate d&rsquo;int\u00e9gration \u00e0 l&rsquo;\u00e9cole<\/strong> est l&rsquo;une des c\u00e9l\u00e9brations les plus importantes dans la vie d&rsquo;un enfant. Les petits \u00e9coliers ont de nombreuses opportunit\u00e9s et surtout de la place pour se d\u00e9fouler.<\/li>\n\n\n\n<li>Le miracle de la naissance se veut d&rsquo;\u00eatre c\u00e9l\u00e9br\u00e9 : nous serons ravis d&rsquo;organiser pour vous une <strong>babyparty\/baby shower<\/strong>. Gr\u00e2ce aux nombreux jeux possibles, tous les fr\u00e8res et s\u0153urs plus \u00e2g\u00e9s s&rsquo;amusent beaucoup.<\/li>\n\n\n\n<li>Lors d&rsquo;une <a href=\"https:\/\/spielzimmer.berlin\/fr\/fete-d-entreprise-enfants-berlin-prenzlauer-berg\/\" data-type=\"page\" data-id=\"1056\">f\u00eate d&rsquo;entreprise<\/a> avec des enfants dans notre caf\u00e9 pour enfants, les enfants sont merveilleusement occup\u00e9s. Les petits jouent pendant que les grands passent en revue leurs r\u00e9ussites commerciales<\/li>\n<\/ul>\n<\/div>\n\n\n\n<div class=\"wp-block-group has-custom-kontaktformular-background-color has-background is-layout-flow wp-container-core-group-is-layout-a8d3fa09 wp-block-group-is-layout-flow\" style=\"padding-top:var(--wp--preset--spacing--30);padding-right:var(--wp--preset--spacing--30);padding-bottom:var(--wp--preset--spacing--30);padding-left:var(--wp--preset--spacing--30)\">\n<p>Vous souhaitez c\u00e9l\u00e9brer avec des enfants une toute autre occasion au caf\u00e9 pour enfants Spielzimmer ? N&rsquo;h\u00e9sitez pas \u00e0 nous contacter. Nous attendons vos id\u00e9es de f\u00eate avec impatience !<\/p>\n\n\n\n<hr class=\"wp-block-separator has-text-color has-luminous-vivid-amber-color has-alpha-channel-opacity has-luminous-vivid-amber-background-color has-background is-style-wide\" style=\"margin-top:var(--wp--preset--spacing--30)\"\/>\n\n\n\n<div class=\"wp-block-contact-form-7-contact-form-selector\">\n<div class=\"wpcf7 no-js\" id=\"wpcf7-f1130-o1\" lang=\"fr-FR\" dir=\"ltr\" data-wpcf7-id=\"1130\">\n<div class=\"screen-reader-response\"><p role=\"status\" aria-live=\"polite\" aria-atomic=\"true\"><\/p> <ul><\/ul><\/div>\n<form action=\"\/fr\/wp-json\/wp\/v2\/pages\/1052#wpcf7-f1130-o1\" method=\"post\" class=\"wpcf7-form init\" aria-label=\"Formulaire de contact\" novalidate=\"novalidate\" data-status=\"init\">\n<fieldset class=\"hidden-fields-container\"><input type=\"hidden\" name=\"_wpcf7\" value=\"1130\" \/><input type=\"hidden\" name=\"_wpcf7_version\" value=\"6.1.5\" \/><input type=\"hidden\" name=\"_wpcf7_locale\" value=\"fr_FR\" \/><input type=\"hidden\" name=\"_wpcf7_unit_tag\" value=\"wpcf7-f1130-o1\" \/><input type=\"hidden\" name=\"_wpcf7_container_post\" value=\"0\" \/><input type=\"hidden\" name=\"_wpcf7_posted_data_hash\" value=\"\" \/>\n<\/fieldset>\n<p>Pr\u00e9nom<br \/>\n<span class=\"wpcf7-form-control-wrap\" data-name=\"firstname\"><input size=\"40\" maxlength=\"400\" class=\"wpcf7-form-control wpcf7-text\" aria-invalid=\"false\" value=\"\" type=\"text\" name=\"firstname\" \/><\/span>\n<\/p>\n<p>Nom de famille<br \/>\n<span class=\"wpcf7-form-control-wrap\" data-name=\"lastname\"><input size=\"40\" maxlength=\"400\" class=\"wpcf7-form-control wpcf7-text\" aria-invalid=\"false\" value=\"\" type=\"text\" name=\"lastname\" \/><\/span><span id=\"wpcf7-69df1241c3622-wrapper\" class=\"wpcf7-form-control-wrap first-name-wrap\" style=\"display:none !important; visibility:hidden !important;\"><label for=\"wpcf7-69df1241c3622-field\" class=\"hp-message\">Veuillez laisser ce champ vide.<\/label><input id=\"wpcf7-69df1241c3622-field\"  class=\"wpcf7-form-control wpcf7-text\" type=\"text\" name=\"first-name\" value=\"\" size=\"40\" tabindex=\"-1\" autocomplete=\"new-password\" \/><\/span><span id=\"wpcf7-69df1241c3656-wrapper\" class=\"wpcf7-form-control-wrap last-name-wrap\" style=\"display:none !important; visibility:hidden !important;\"><label for=\"wpcf7-69df1241c3656-field\" class=\"hp-message\">Veuillez laisser ce champ vide.<\/label><input id=\"wpcf7-69df1241c3656-field\"  class=\"wpcf7-form-control wpcf7-text\" type=\"text\" name=\"last-name\" value=\"\" size=\"40\" tabindex=\"-1\" autocomplete=\"new-password\" \/><\/span>\n<\/p>\n<p>Adresse e-mail*<br \/>\n<span class=\"wpcf7-form-control-wrap\" data-name=\"email\"><input size=\"40\" maxlength=\"400\" class=\"wpcf7-form-control wpcf7-email wpcf7-validates-as-required wpcf7-text wpcf7-validates-as-email\" aria-required=\"true\" aria-invalid=\"false\" value=\"\" type=\"email\" name=\"email\" \/><\/span>\n<\/p>\n<p>T\u00e9l\u00e9phone<br \/>\n<span class=\"wpcf7-form-control-wrap\" data-name=\"phone\"><input size=\"40\" maxlength=\"400\" class=\"wpcf7-form-control wpcf7-tel wpcf7-text wpcf7-validates-as-tel\" aria-invalid=\"false\" value=\"\" type=\"tel\" name=\"phone\" \/><\/span>\n<\/p>\n<p>Sujet*<br \/>\n<span class=\"wpcf7-form-control-wrap\" data-name=\"subject\"><input size=\"40\" maxlength=\"400\" class=\"wpcf7-form-control wpcf7-text wpcf7-validates-as-required\" aria-required=\"true\" aria-invalid=\"false\" value=\"\" type=\"text\" name=\"subject\" \/><\/span>\n<\/p>\n<p>Message<br \/>\n<span class=\"wpcf7-form-control-wrap\" data-name=\"message\"><textarea cols=\"40\" rows=\"10\" maxlength=\"2000\" class=\"wpcf7-form-control wpcf7-textarea\" aria-invalid=\"false\" name=\"message\"><\/textarea><\/span>\n<\/p>\n<p><input class=\"wpcf7-form-control wpcf7-submit has-spinner\" type=\"submit\" value=\"Envoyer\" \/>\n<\/p><div class=\"wpcf7-response-output\" aria-hidden=\"true\"><\/div>\n<\/form>\n<\/div>\n<\/div>\n<\/div>\n","protected":false},"excerpt":{"rendered":"<p>Le caf\u00e9 familial Spielzimmer est un merveilleux lieu de f\u00eate pour les f\u00eates de famille avec enfants \u00e0 Berlin. Nous sommes l\u00e0 pour vous, pour que votre f\u00eate avec toute la famille soit un moment fort pour petits et grands. Si vous le souhaitez, vous pouvez r\u00e9server tout le caf\u00e9 pour enfants uniquement pour vos [&hellip;]<\/p>\n","protected":false},"author":1,"featured_media":0,"parent":0,"menu_order":80,"comment_status":"closed","ping_status":"closed","template":"","meta":{"_acf_changed":false,"footnotes":""},"class_list":["post-1052","page","type-page","status-publish","hentry"],"acf":[],"_links":{"self":[{"href":"https:\/\/spielzimmer.berlin\/fr\/wp-json\/wp\/v2\/pages\/1052","targetHints":{"allow":["GET"]}}],"collection":[{"href":"https:\/\/spielzimmer.berlin\/fr\/wp-json\/wp\/v2\/pages"}],"about":[{"href":"https:\/\/spielzimmer.berlin\/fr\/wp-json\/wp\/v2\/types\/page"}],"author":[{"embeddable":true,"href":"https:\/\/spielzimmer.berlin\/fr\/wp-json\/wp\/v2\/users\/1"}],"replies":[{"embeddable":true,"href":"https:\/\/spielzimmer.berlin\/fr\/wp-json\/wp\/v2\/comments?post=1052"}],"version-history":[{"count":4,"href":"https:\/\/spielzimmer.berlin\/fr\/wp-json\/wp\/v2\/pages\/1052\/revisions"}],"predecessor-version":[{"id":5372,"href":"https:\/\/spielzimmer.berlin\/fr\/wp-json\/wp\/v2\/pages\/1052\/revisions\/5372"}],"wp:attachment":[{"href":"https:\/\/spielzimmer.berlin\/fr\/wp-json\/wp\/v2\/media?parent=1052"}],"curies":[{"name":"wp","href":"https:\/\/api.w.org\/{rel}","templated":true}]}}