{"id":1056,"date":"2022-12-02T23:41:24","date_gmt":"2022-12-02T22:41:24","guid":{"rendered":"https:\/\/spielzimmer.berlin\/firmenfeier-kinder-berlin-prenzlauer-berg\/"},"modified":"2024-09-01T19:55:01","modified_gmt":"2024-09-01T17:55:01","slug":"fete-d-entreprise-enfants-berlin-prenzlauer-berg","status":"publish","type":"page","link":"https:\/\/spielzimmer.berlin\/fr\/fete-d-entreprise-enfants-berlin-prenzlauer-berg\/","title":{"rendered":"F\u00eate d&rsquo;entreprise avec enfants \u00e0 Berlin Prenzlauer Berg"},"content":{"rendered":"\n<figure class=\"wp-block-image aligncenter size-full\"><img loading=\"lazy\" decoding=\"async\" width=\"1263\" height=\"455\" src=\"https:\/\/spielzimmer.berlin\/wp-content\/uploads\/2022\/12\/kindercafe-spielzimmer-firmenfeier.jpg\" alt=\"F\u00eate d'entreprise avec enfants \u00e0 Berlin Prenzlauer Berg\" class=\"wp-image-639\" srcset=\"https:\/\/spielzimmer.berlin\/wp-content\/uploads\/2022\/12\/kindercafe-spielzimmer-firmenfeier.jpg 1263w, https:\/\/spielzimmer.berlin\/wp-content\/uploads\/2022\/12\/kindercafe-spielzimmer-firmenfeier-300x108.jpg 300w, https:\/\/spielzimmer.berlin\/wp-content\/uploads\/2022\/12\/kindercafe-spielzimmer-firmenfeier-1024x369.jpg 1024w, https:\/\/spielzimmer.berlin\/wp-content\/uploads\/2022\/12\/kindercafe-spielzimmer-firmenfeier-768x277.jpg 768w\" sizes=\"auto, (max-width: 1263px) 100vw, 1263px\" \/><\/figure>\n\n\n\n<p><strong>Une f\u00eate d&rsquo;entreprise <\/strong>est une excellente occasion de<strong> renforcer l&rsquo;esprit d&rsquo;\u00e9quipe. <\/strong>Tous les coll\u00e8gues se r\u00e9unissent avec leurs sup\u00e9rieurs dans une atmosph\u00e8re conviviale. Apprendre \u00e0 mieux se conna\u00eetre autour d&rsquo;un d\u00e9licieux repas, c&rsquo;est excellent pour l&rsquo;interaction sociale, ainsi que pour la motivation \u00e0 long terme.<\/p>\n\n\n\n<p>Cependant, un tel <strong>\u00e9v\u00e9nement d&rsquo;entreprise<\/strong> peut devenir un v\u00e9ritable d\u00e9fi \u00e0 relever si les employ\u00e9s sont <strong>parents<\/strong>. Au bout d\u2019un moment, il faut que les <strong>enfants<\/strong> puissent s\u2018occuper. De plus, les <strong>baby-sitters<\/strong> ne sont souvent pas si faciles \u00e0 trouver \u00e0<strong> Berlin<\/strong>.<\/p>\n\n\n\n<p>Au <a href=\"https:\/\/spielzimmer.berlin\/fr\/\" data-type=\"page\" data-id=\"1041\">caf\u00e9 familial Spielzimmer<\/a>, en revanche, vous pouvez organiser dans la joie et la bonne humeur vos f\u00eates d&rsquo;entreprise avec enfants. Le <strong>caf\u00e9 \u00e9tant privatis\u00e9<\/strong>, une \u00e9quipe de serveurs vous est enti\u00e8rement d\u00e9vou\u00e9e. Vous mangez et buvez avec d\u00e9lectation et \u00eates vraiment entre vous. Pendant ce temps, les enfants s&rsquo;amusent beaucoup dans l&rsquo;<strong>aire de jeux d\u2018int\u00e9rieur<\/strong> ou dans l&rsquo;<strong>aire de jeux pour les tout-petits<\/strong>. Ainsi, nous vous proposons une solution sympathique qui fait le bonheur des petits et des grands&nbsp;!<\/p>\n\n\n\n<p>En privatisant le caf\u00e9, vous pouvez convier <strong>jusqu&rsquo;\u00e0 50&nbsp;personnes<\/strong>. Le <strong>caf\u00e9 pour enfants Spielzimmer<\/strong> est donc un merveilleux lieu de f\u00eate pour les <strong>start-ups ou les moyennes entreprises<\/strong>. Nous mettons \u00e0 votre disposition un espace pour une atmosph\u00e8re d\u00e9tendue et de nouvelles id\u00e9es.<\/p>\n\n\n\n<h3 class=\"wp-block-heading\">Votre f\u00eate d&rsquo;entreprise personnalis\u00e9e \u00e0 Berlin<\/h3>\n\n\n\n<p>Peut-\u00eatre souhaitez-vous \u00e9galement montrer, avec une telle f\u00eate, \u00e0 vos <strong>partenaires commerciaux ou \u00e0 vos futurs employ\u00e9s<\/strong> que vous \u00eates une <strong>entreprise proche des familles<\/strong>&nbsp;? En choisissant notre joli <strong>caf\u00e9 pour enfants<\/strong>, vous le faites d&rsquo;une mani\u00e8re particuli\u00e8rement charmante.<\/p>\n\n\n\n<p>Vous pouvez \u00e9galement trouver chez nous diverses super <strong>id\u00e9es de jeux pour les f\u00eates d&rsquo;entreprise<\/strong>&nbsp;: que diriez-vous, par exemple, d&rsquo;un <strong>jeu pour apprendre \u00e0 se conna\u00eetre<\/strong> dans lequel vous vous classez les uns les autres par taille, par ordre d\u2018alphabet ou par \u00e2ge&nbsp;? Ou encore, vous pouvez pr\u00e9parer \u00e0 l&rsquo;avance un quiz divertissant sur votre entreprise.<\/p>\n\n\n\n<p>Que diriez-vous d&rsquo;un jeu qui prouve que tout le monde fait partie de l&rsquo;\u00e9quipe&nbsp;? Apportez simplement un <strong>jeu de puzzle<\/strong> blanc. Pendant votre f\u00eate d&rsquo;entreprise, vous peignez chaque pi\u00e8ce du puzzle et le puzzle assembl\u00e9 fera une jolie d\u00e9coration murale pour le bureau.<\/p>\n\n\n\n<p>Alors, c\u00e9l\u00e9brez votre <strong>f\u00eate d&rsquo;entreprise<\/strong> chez nous dans une atmosph\u00e8re d\u00e9tendue. Qu&rsquo;il s&rsquo;agisse d&rsquo;un <strong>anniversaire d&rsquo;entreprise<\/strong>, d&rsquo;un <a href=\"https:\/\/spielzimmer.berlin\/fr\/anniversaires-denfants\/\" data-type=\"page\" data-id=\"1044\">anniversaire<\/a> ou de la r\u00e9alisation d&rsquo;un objectif annuel, l&rsquo;essentiel est que l&rsquo;ambiance soit festive. Vous en tirerez tous un sentiment de satisfaction renforc\u00e9 de l&rsquo;\u00e9quipe. Et cela conduit finalement \u00e0 plus de r\u00e9ussite&nbsp;!<\/p>\n\n\n\n<p><code><\/code><\/p>\n\n\n\n<p><code><\/code><\/p>\n\n\n\n<div class=\"wp-block-group has-custom-bilder-boxen-background-color has-background has-global-padding is-layout-constrained wp-block-group-is-layout-constrained\" style=\"padding-top:var(--wp--preset--spacing--30);padding-bottom:var(--wp--preset--spacing--30)\">\n<h5 class=\"wp-block-heading\">F\u00eate d&rsquo;entreprise avec enfants dans notre caf\u00e9 privatis\u00e9<\/h5>\n\n\n\n<ul class=\"wp-block-list\">\n<li>Exclusivit\u00e9 de l\u2018utilisation de l&rsquo;ensemble des locaux<\/li>\n\n\n\n<li>Une \u00e9quipe de serveurs s&rsquo;occupe de vous tout au long de la f\u00eate et vous \u00e9paule<\/li>\n\n\n\n<li>D\u00e9coration festive<\/li>\n\n\n\n<li>Un repas d\u00e9licieux pr\u00e9par\u00e9 \u00e0 votre guise (par exemple petit-d\u00e9jeuner ou buffet du soir)<\/li>\n\n\n\n<li>Les enfants jouent sans \u00eatre d\u00e9rang\u00e9s dans l&rsquo;aire de jeux d\u2018int\u00e9rieur, dans l&rsquo;aire de jeux pour les tout-petits et avec tous les jouets<\/li>\n\n\n\n<li>Vous profitez de ce moment de plaisir avec tous vos proches<\/li>\n<\/ul>\n\n\n\n<p><strong>Dur\u00e9e de la f\u00eate<\/strong>\u00a0: 3h30 \u2013 <strong>Garantie de chiffre d&rsquo;affaires<\/strong>\u00a0: 750,00\u00a0\u20ac<\/p>\n<\/div>\n\n\n\n<div class=\"wp-block-group has-border-color has-custom-rahmen-border-color has-custom-bookly-boxen-background-color has-background has-global-padding is-layout-constrained wp-block-group-is-layout-constrained\" style=\"border-width:2px;padding-top:var(--wp--preset--spacing--30);padding-bottom:var(--wp--preset--spacing--30)\">\n<h2 class=\"wp-block-heading\">R\u00e9servez d\u00e8s maintenant le caf\u00e9 pour enfants Spielzimmer pour une f\u00eate d\u2019entreprise&nbsp;!<\/h2>\n\n\n\n<hr class=\"wp-block-separator has-text-color has-vivid-cyan-blue-color has-alpha-channel-opacity has-vivid-cyan-blue-background-color has-background is-style-wide\"\/>\n\n\n\n<div class=\"wp-block-bookly-form\"><!--\nPlugin Name: Bookly - Responsive WordPress Appointment Booking and Scheduling Plugin\nPlugin URI: https:\/\/www.booking-wp-plugin.com\/?utm_source=bookly_admin&utm_medium=plugins_page&utm_campaign=plugins_page\nVersion: 27.3-->\n<style type=\"text\/css\">\n    :root {\n        --bookly-main-color: #ff6f96 !important;\n        --bookly-color: #ff6f96 !important;\n    }\n\n        .active{\nbackground-color: unset !important;\npadding: unset !important;\nfont-size: unset !important;\n}\n.bookly-form select{\n  background-color: #ebeaea;\n}\n.bookly-form-group input{\n  background-color: #dcdcdc;\n}\n.bookly-form-group textarea{\n  background-color: #dcdcdc;\n}\n\n\/* Basis: Label als Karten + Bildfl\u00e4che *\/\n.bookly-form input[name=\"bookly-js-custom-field-99434-2\"] + span, .bookly-form input[name=\"bookly-js-custom-field-99434-3\"] + span, .bookly-form input[name=\"bookly-js-custom-field-99434-12\"] + span {\n  display: flex;\n  flex-direction: column-reverse; \/* Text oben, Bild unten *\/\n  align-items: flex-start;        \/* Inhalte links ausrichten *\/\n  text-align: left;               \/* Text linksb\u00fcndig *\/\n  gap: 10px;\n  padding: 8px 12px;\n  margin: 6px;\n  cursor: pointer;\n}\n\n\/* Bildfl\u00e4che davor *\/\n.bookly-form input[name=\"bookly-js-custom-field-99434-2\"] + span::before, .bookly-form input[name=\"bookly-js-custom-field-99434-3\"] + span::before, .bookly-form input[name=\"bookly-js-custom-field-99434-12\"] + span::before {\n  content: \"\";\n  display: block;\n  width: 150px;\n  height: 150px;\n  background-size: cover;\n  background-position: center;\n  border-radius: 8px;\n}\n\n\/* Bild f\u00fcr Obstteller *\/\n.bookly-form input[name=\"bookly-js-custom-field-99434-2\"][value=\"Obstteller\"] + span::before, .bookly-form input[name=\"bookly-js-custom-field-99434-3\"][value=\"Obstteller\"] + span::before, .bookly-form input[name=\"bookly-js-custom-field-99434-12\"][value=\"Obstteller\"] + span::before {\n  background-image: url('\/wp-content\/uploads\/2025\/08\/geburtstag-obstteller.png');\n}\n\n\/* Bild f\u00fcr Gem\u00fcseteller *\/\n.bookly-form input[name=\"bookly-js-custom-field-99434-2\"][value*=\"Gem\u00fcseteller\"] + span::before, .bookly-form input[name=\"bookly-js-custom-field-99434-3\"][value*=\"Gem\u00fcseteller\"] + span::before, .bookly-form input[name=\"bookly-js-custom-field-99434-12\"][value*=\"Gem\u00fcseteller\"] + span::before {\n  background-image: url('\/wp-content\/uploads\/2025\/08\/geburtstag-gemueseteller.png');\n}\n\n\/* Aktive Auswahl hervorheben *\/\n.bookly-form input[name=\"bookly-js-custom-field-99434-2\"]:checked + span, .bookly-form input[name=\"bookly-js-custom-field-99434-3\"]:checked + span, .bookly-form input[name=\"bookly-js-custom-field-99434-12\"]:checked + span {\n  outline: 2px solid #111;\n  outline-offset: 2px;\n}\n@media (max-width: 480px) {\n  .bookly-form input[name=\"bookly-js-custom-field-99434-2\"] + span::before, .bookly-form input[name=\"bookly-js-custom-field-99434-3\"] + span::before, .bookly-form input[name=\"bookly-js-custom-field-99434-12\"] + span::before {\n    width: 100px;\n    height: 100px;\n  }\n}\n\n\n\n\/* Basis: Label als Karten + Bildfl\u00e4che (Gruppe Geburtstagskuchen) *\/\n.bookly-form input[name=\"bookly-js-custom-field-55363-1\"] + span, .bookly-form input[name=\"bookly-js-custom-field-55363-2\"] + span, .bookly-form input[name=\"bookly-js-custom-field-55363-3\"] + span, .bookly-form input[name=\"bookly-js-custom-field-55363-4\"] + span,\n.bookly-form input[name=\"bookly-js-custom-field-55363-11\"] + span, .bookly-form input[name=\"bookly-js-custom-field-55363-12\"] + span {\n  display: flex;\n  flex-direction: column-reverse; \/* Text oben, Bild unten *\/\n  align-items: flex-start;        \/* Inhalte links ausrichten *\/\n  text-align: left;               \/* Text linksb\u00fcndig *\/\n  gap: 10px;\n  padding: 8px 12px;\n  margin: 6px;\n  cursor: pointer;\n}\n\n\/* Bildfl\u00e4che davor *\/\n.bookly-form input[name=\"bookly-js-custom-field-55363-1\"] + span::before, .bookly-form input[name=\"bookly-js-custom-field-55363-2\"] + span::before, .bookly-form input[name=\"bookly-js-custom-field-55363-3\"] + span::before, .bookly-form input[name=\"bookly-js-custom-field-55363-4\"] + span::before, .bookly-form input[name=\"bookly-js-custom-field-55363-11\"] + span::before, .bookly-form input[name=\"bookly-js-custom-field-55363-12\"] + span::before {\n  content: \"\";\n  display: block;\n  width: 150px;\n  height: 150px;\n  background-size: cover;\n  background-position: center;\n  border-radius: 8px;\n}\n\n\/* Papagei-Kuchen *\/\n.bookly-form input[name=\"bookly-js-custom-field-55363-1\"][value*=\"Papagei-Kuchen\"] + span::before, .bookly-form input[name=\"bookly-js-custom-field-55363-2\"][value*=\"Papagei-Kuchen\"] + span::before, .bookly-form input[name=\"bookly-js-custom-field-55363-3\"][value*=\"Papagei-Kuchen\"] + span::before, .bookly-form input[name=\"bookly-js-custom-field-55363-4\"][value*=\"Papagei-Kuchen\"] + span::before, .bookly-form input[name=\"bookly-js-custom-field-55363-11\"][value*=\"Papagei-Kuchen\"] + span::before, .bookly-form input[name=\"bookly-js-custom-field-55363-12\"][value*=\"Papagei-Kuchen\"] + span::before {\n  background-image: url('\/wp-content\/uploads\/2025\/08\/geburtstag-papageikuchen.png');\n}\n\n\/* Marmorkuchen *\/\n.bookly-form input[name=\"bookly-js-custom-field-55363-1\"][value*=\"Marmorkuchen\"] + span::before, .bookly-form input[name=\"bookly-js-custom-field-55363-2\"][value*=\"Marmorkuchen\"] + span::before, .bookly-form input[name=\"bookly-js-custom-field-55363-3\"][value*=\"Marmorkuchen\"] + span::before, .bookly-form input[name=\"bookly-js-custom-field-55363-4\"][value*=\"Marmorkuchen\"] + span::before, .bookly-form input[name=\"bookly-js-custom-field-55363-11\"][value*=\"Marmorkuchen\"] + span::before, .bookly-form input[name=\"bookly-js-custom-field-55363-12\"][value*=\"Marmorkuchen\"] + span::before {\n  background-image: url('\/wp-content\/uploads\/2025\/08\/geburtstag-marmorkuchen.png');\n}\n\n\/* Belgische Waffeln *\/\n.bookly-form input[name=\"bookly-js-custom-field-55363-1\"][value*=\"Belgische Waffeln\"] + span::before, .bookly-form input[name=\"bookly-js-custom-field-55363-2\"][value*=\"Belgische Waffeln\"] + span::before, .bookly-form input[name=\"bookly-js-custom-field-55363-3\"][value*=\"Belgische Waffeln\"] + span::before, .bookly-form input[name=\"bookly-js-custom-field-55363-4\"][value*=\"Belgische Waffeln\"] + span::before, .bookly-form input[name=\"bookly-js-custom-field-55363-11\"][value*=\"Belgische Waffeln\"] + span::before, .bookly-form input[name=\"bookly-js-custom-field-55363-12\"][value*=\"Belgische Waffeln\"] + span::before {\n  background-image: url('\/wp-content\/uploads\/2025\/08\/geburtstag-belgische-waffeln.png');\n}\n\n\/* Zitronenkuchen *\/\n.bookly-form input[name=\"bookly-js-custom-field-55363-1\"][value*=\"Zitronenkuchen\"] + span::before, .bookly-form input[name=\"bookly-js-custom-field-55363-2\"][value*=\"Zitronenkuchen\"] + span::before, .bookly-form input[name=\"bookly-js-custom-field-55363-3\"][value*=\"Zitronenkuchen\"] + span::before, .bookly-form input[name=\"bookly-js-custom-field-55363-4\"][value*=\"Zitronenkuchen\"] + span::before, .bookly-form input[name=\"bookly-js-custom-field-55363-11\"][value*=\"Zitronenkuchen\"] + span::before, .bookly-form input[name=\"bookly-js-custom-field-55363-12\"][value*=\"Zitronenkuchen\"] + span::before {\n  background-image: url('\/wp-content\/uploads\/2025\/08\/geburtstag-zitronenkuchen.png');\n}\n\n\/* Aktive Auswahl hervorheben *\/\n.bookly-form input[name=\"bookly-js-custom-field-55363-1\"]:checked + span, .bookly-form input[name=\"bookly-js-custom-field-55363-2\"]:checked + span, .bookly-form input[name=\"bookly-js-custom-field-55363-3\"]:checked + span, .bookly-form input[name=\"bookly-js-custom-field-55363-4\"]:checked + span, .bookly-form input[name=\"bookly-js-custom-field-55363-11\"]:checked + span, .bookly-form input[name=\"bookly-js-custom-field-55363-12\"]:checked + span {\n  outline: 2px solid #111;\n  outline-offset: 2px;\n}\n\n\/* Responsive: kleinere Bilder am Handy *\/\n@media (max-width: 480px){\n  .bookly-form input[name=\"bookly-js-custom-field-55363-1\"] + span::before,  .bookly-form input[name=\"bookly-js-custom-field-55363-2\"] + span::before,  .bookly-form input[name=\"bookly-js-custom-field-55363-3\"] + span::before,  .bookly-form input[name=\"bookly-js-custom-field-55363-4\"] + span::before,  .bookly-form input[name=\"bookly-js-custom-field-55363-11\"] + span::before,  .bookly-form input[name=\"bookly-js-custom-field-55363-12\"] + span::before {\n    width: 100px;\n    height: 100px;\n  }\n}\n\n\n\n\n\/* Basis: Label als Karten + Bildfl\u00e4che (Gruppe Essen im Geburtstagspaket) *\/\n.bookly-form input[name=\"bookly-js-custom-field-32463-3\"] + span {\n  display: flex;\n  flex-direction: column-reverse; \/* Text oben, Bild unten *\/\n  align-items: flex-start;        \/* Inhalte links ausrichten *\/\n  text-align: left;               \/* Text linksb\u00fcndig *\/\n  gap: 10px;\n  padding: 8px 12px;\n  margin: 6px;\n  cursor: pointer;\n}\n\n\/* Bildfl\u00e4che davor *\/\n.bookly-form input[name=\"bookly-js-custom-field-32463-3\"] + span::before {\n  content: \"\";\n  display: block;\n  width: 150px;\n  height: 150px;\n  background-size: cover;\n  background-position: center;\n  border-radius: 8px;\n}\n\n\/* Gefl\u00fcgel-HotDogs *\/\n.bookly-form input[name=\"bookly-js-custom-field-32463-3\"][value*=\"Gefl\u00fcgel-HotDogs\"] + span::before {\n  background-image: url('\/wp-content\/uploads\/2025\/08\/gefluegel-hotdogs.png');\n}\n\n\/* Gefl\u00fcgel-Wiener mit Toastecken *\/\n.bookly-form input[name=\"bookly-js-custom-field-32463-3\"][value*=\"Gefl\u00fcgel-Wiener mit Toastecken\"] + span::before {\n  background-image: url('\/wp-content\/uploads\/2025\/08\/gefluegel-wiener-mit-toastecken.png');\n}\n\n\/* Nudeln mit Tomatensauce *\/\n.bookly-form input[name=\"bookly-js-custom-field-32463-3\"][value*=\"Nudeln mit Tomatensauce\"] + span::before {\n  background-image: url('\/wp-content\/uploads\/2025\/08\/nudeln-mit-tomatensauce.png');\n}\n\n\/* Aktive Auswahl hervorheben *\/\n.bookly-form input[name=\"bookly-js-custom-field-32463-3\"]:checked + span {\n  outline: 2px solid #111;\n  outline-offset: 2px;\n}\n\n\/* Responsive: kleinere Bilder am Handy *\/\n@media (max-width: 480px){\n  .bookly-form input[name=\"bookly-js-custom-field-32463-3\"] + span::before {\n    width: 100px;\n    height: 100px;\n  }\n}\n\n.bookly-form label {\n  display: flex;\n  align-items: center;\n  gap: 12px;\n}\n\n.bookly-form label span {\n  display: flex;\n  flex-direction: column-reverse;\n  align-items: center;\n}    <\/style><div class=\"bookly-css-root\">\n    <div id=\"bookly-form-container-69de2807adc33\" class=\"bookly-form\" data-form_id=\"\" aria-live=\"polite\">\n        <div style=\"text-align: center\"><img decoding=\"async\" src=\"https:\/\/spielzimmer.berlin\/wp-includes\/js\/tinymce\/skins\/lightgray\/img\/loader.gif\" alt=\"Chargement...\"\/><\/div>\n    <\/div>\n<\/div>\n<script type=\"text\/javascript\">\n    (function (win, fn) {\n        var done = false, top = true,\n            doc = win.document,\n            root = doc.documentElement,\n            modern = doc.addEventListener,\n            add = modern ? 'addEventListener' : 'attachEvent',\n            rem = modern ? 'removeEventListener' : 'detachEvent',\n            pre = modern ? '' : 'on',\n            init = function (e) {\n                if (e.type == 'readystatechange') if (doc.readyState != 'complete') return;\n                (e.type == 'load' ? win : doc)[rem](pre + e.type, init, false);\n                if (!done) {\n                    done = true;\n                    fn.call(win, e.type || e);\n                }\n            },\n            poll = function () {\n                try {\n                    root.doScroll('left');\n                } catch (e) {\n                    setTimeout(poll, 50);\n                    return;\n                }\n                init('poll');\n            };\n        if (doc.readyState == 'complete') fn.call(win, 'lazy');\n        else {\n            if (!modern) if (root.doScroll) {\n                try {\n                    top = !win.frameElement;\n                } catch (e) {\n                }\n                if (top) poll();\n            }\n            doc[add](pre + 'DOMContentLoaded', init, false);\n            doc[add](pre + 'readystatechange', init, false);\n            win[add](pre + 'load', init, false);\n        }\n    })(window, function () {\n        window.bookly( {\"form_id\":\"69de2807adc33\",\"form_data\":{\"skip_service_step\":0,\"hide_service_part1\":0,\"hide_service_part2\":1,\"defaults\":{\"service_id\":0,\"staff_id\":0,\"location_id\":0,\"category_id\":13,\"units\":0,\"date_from\":0,\"time_from\":0,\"time_to\":0}},\"status\":{\"booking\":\"new\"},\"form_token\":null,\"skip_steps\":{\"service_part1\":0,\"service_part2\":1,\"extras\":0,\"time\":0,\"repeat\":1,\"cart\":1},\"errors\":{\"session_error\":\"Erreur Session.\",\"form_id_error\":\"ID Formulaire d'erreur.\",\"cart_item_not_available\":\"Die eingestellte Zeit ist nicht mehr vorhanden. Bitte w\\u00e4hlen Sie ein anderes Zeitfenster\\n.\",\"pay_locally_not_available\":\"Le paiement local n'est pas disponible.\",\"invalid_gateway\":\"Portail invalide.\",\"payment_error\":\"Erreur.\",\"incorrect_username_password\":\"Identifiant ou mot de passe incorrect.\"},\"form_attributes\":{\"hide_categories\":true,\"hide_services\":false,\"hide_staff_members\":true,\"show_number_of_persons\":false,\"hide_service_duration\":true,\"hide_locations\":true,\"hide_quantity\":true,\"hide_date\":true,\"hide_week_days\":true,\"hide_time_range\":true,\"const_category_id\":13},\"use_client_time_zone\":0,\"defaults\":{\"service_id\":0,\"staff_id\":0,\"location_id\":0,\"category_id\":13},\"datepicker_mode\":\"text-accent\",\"facebook\":{\"enabled\":0,\"appId\":\"\"},\"step_extras\":\"after_step_time\"} );\n    });\n<\/script><\/div>\n<\/div>\n\n\n\n<p><code><\/code><\/p>\n","protected":false},"excerpt":{"rendered":"<p>Une f\u00eate d&rsquo;entreprise est une excellente occasion de renforcer l&rsquo;esprit d&rsquo;\u00e9quipe. Tous les coll\u00e8gues se r\u00e9unissent avec leurs sup\u00e9rieurs dans une atmosph\u00e8re conviviale. Apprendre \u00e0 mieux se conna\u00eetre autour d&rsquo;un d\u00e9licieux repas, c&rsquo;est excellent pour l&rsquo;interaction sociale, ainsi que pour la motivation \u00e0 long terme. Cependant, un tel \u00e9v\u00e9nement d&rsquo;entreprise peut devenir un v\u00e9ritable d\u00e9fi [&hellip;]<\/p>\n","protected":false},"author":1,"featured_media":0,"parent":0,"menu_order":87,"comment_status":"closed","ping_status":"closed","template":"","meta":{"_acf_changed":false,"footnotes":""},"class_list":["post-1056","page","type-page","status-publish","hentry"],"acf":[],"_links":{"self":[{"href":"https:\/\/spielzimmer.berlin\/fr\/wp-json\/wp\/v2\/pages\/1056","targetHints":{"allow":["GET"]}}],"collection":[{"href":"https:\/\/spielzimmer.berlin\/fr\/wp-json\/wp\/v2\/pages"}],"about":[{"href":"https:\/\/spielzimmer.berlin\/fr\/wp-json\/wp\/v2\/types\/page"}],"author":[{"embeddable":true,"href":"https:\/\/spielzimmer.berlin\/fr\/wp-json\/wp\/v2\/users\/1"}],"replies":[{"embeddable":true,"href":"https:\/\/spielzimmer.berlin\/fr\/wp-json\/wp\/v2\/comments?post=1056"}],"version-history":[{"count":8,"href":"https:\/\/spielzimmer.berlin\/fr\/wp-json\/wp\/v2\/pages\/1056\/revisions"}],"predecessor-version":[{"id":5391,"href":"https:\/\/spielzimmer.berlin\/fr\/wp-json\/wp\/v2\/pages\/1056\/revisions\/5391"}],"wp:attachment":[{"href":"https:\/\/spielzimmer.berlin\/fr\/wp-json\/wp\/v2\/media?parent=1056"}],"curies":[{"name":"wp","href":"https:\/\/api.w.org\/{rel}","templated":true}]}}