{"id":1062,"date":"2022-11-29T12:07:14","date_gmt":"2022-11-29T11:07:14","guid":{"rendered":"https:\/\/spielzimmer.berlin\/?page_id=1062"},"modified":"2025-10-11T14:37:23","modified_gmt":"2025-10-11T12:37:23","slug":"menu","status":"publish","type":"page","link":"https:\/\/spielzimmer.berlin\/fr\/menu\/","title":{"rendered":"Boissons et nourriture au caf\u00e9 pour enfants Spielzimmer"},"content":{"rendered":"\r\n<div class=\"wp-block-columns speisekarte is-layout-flex wp-container-core-columns-is-layout-28f84493 wp-block-columns-is-layout-flex\">\r\n<div class=\"wp-block-column is-layout-flow wp-block-column-is-layout-flow\">\r\n<table>\r\n<tbody>\r\n<tr>\r\n<td>\r\n<h4>Spielzimmer sucr\u00e9<\/h4>\r\n<ul>\r\n<li>Pain<\/li>\r\n<li>2 petits pains<\/li>\r\n<li>Confiture<\/li>\r\n<li>\u0152uf<\/li>\r\n<\/ul>\r\n<\/td>\r\n<td valign=top>\r\n<h4 class=\"nobr\">12,00&nbsp;\u20ac<\/h4>\r\n<\/td>\r\n<\/tr>\r\n<tr>\r\n<td>\r\n<h4>Spielzimmer sal\u00e9<\/h4>\r\n<ul>\r\n<li>Pain<\/li>\r\n<li>2 petits pains<\/li>\r\n<li>Fromage<\/li>\r\n<li>Salami<\/li>\r\n<li>Jambon<\/li>\r\n<li>\u0152uf<\/li>\r\n<\/ul>\r\n<\/td>\r\n<td valign=top>\r\n<h4 class=\"nobr\">14,00&nbsp;\u20ac<\/h4>\r\n<\/td>\r\n<\/tr>\r\n<tr>\r\n<td>\r\n<h4>Spielzimmer v\u00e9g\u00e9tarien<\/h4>\r\n<ul>\r\n<li>Pain<\/li>\r\n<li>2 petits pains<\/li>\r\n<li>Diff\u00e9rents fromages<\/li>\r\n<li>\u0152uf<\/li>\r\n<\/ul>\r\n<\/td>\r\n<td valign=top>\r\n<h4 class=\"nobr\">15,00&nbsp;\u20ac<\/h4>\r\n<\/td>\r\n<\/tr>\r\n<tr>\r\n<td>\r\n<h4>Grand Spielzimmer<\/h4>\r\n<ul>\r\n<li>Pain<\/li>\r\n<li>2 petits pains<\/li>\r\n<li>Confiture<\/li>\r\n<li>Fromage<\/li>\r\n<li>Salami<\/li>\r\n<li>Jambon<\/li>\r\n<li>\u0152uf<\/li>\r\n<li>Tomate-mozzarella<\/li>\r\n<\/ul>\r\n<\/td>\r\n<td valign=top>\r\n<h4 class=\"nobr\">17,00&nbsp;\u20ac<\/h4>\r\n<\/td>\r\n<\/tr>\r\n<\/tbody>\r\n<\/table>\r\n<\/div>\r\n\r\n\r\n\r\n<div class=\"wp-block-column is-layout-flow wp-block-column-is-layout-flow\">\r\n<table>\r\n<tbody>\r\n<tr>\r\n<td>\r\n<h4>Gaufres de Bruxelles fraiches<\/h4>\r\n<ul>\r\n<li>Sucre en poudre<\/li>\r\n<li>Cannelle et sucre<\/li>\r\n<li>Compote de pomme<\/li>\r\n<li>Cerises<\/li>\r\n<\/ul>\r\n<\/td>\r\n<td valign=top>\r\n<h4 class=\"nobr\">4,50 \u20ac<\/h4>\r\n<\/td>\r\n<\/tr>\r\n<tr>\r\n<td>\r\n<h4>Sandwich farci au choix<\/h4>\r\n<ul>\r\n<li>Fromage<\/li>\r\n<li>Salami<\/li>\r\n<li>Jambon<\/li>\r\n<li>Cornichon<\/li>\r\n<li>Tomate<\/li>\r\n<li>Pistou<\/li>\r\n<li>Mozzarella<\/li>\r\n<\/ul>\r\n<\/td>\r\n<td valign=top>\r\n<h4 class=\"nobr\">4,50&nbsp;\u20ac<\/h4>\r\n<\/td>\r\n<\/tr>\r\n<tr>\r\n<td>\r\n<h4>2 saucisses de Vienne avec triangles de pain toast<\/h4>\r\n<\/td>\r\n<td valign=top>\r\n<h4 class=\"nobr\">3,80 \u20ac<\/h4>\r\n<\/td>\r\n<\/tr>\r\n<tr>\r\n<td>\r\n<h4>Porridge \u2013 pomme ou banane<\/h4>\r\n<\/td>\r\n<td valign=top>\r\n<h4 class=\"nobr\">4,90 \u20ac<\/h4>\r\n<\/td>\r\n<\/tr>\r\n<tr>\r\n<td>\r\n<h4>Plateau de fruits \/ Assiette de crudit\u00e9s<\/h4>\r\n<\/td>\r\n<td valign=top>\r\n<h4 class=\"nobr\">4,80 \u20ac<\/h4>\r\n<\/td>\r\n<\/tr>\r\n<tr>\r\n<td>\r\n<h4>P\u00e2tes \u00e0 la sauce tomate<\/h4>\r\n<\/td>\r\n<td valign=top>\r\n<h4 class=\"nobr\">4,90 \u20ac<\/h4>\r\n<\/td>\r\n<\/tr>\r\n<tr>\r\n<td>\r\n<h4>Riz au lait<\/h4>\r\n<\/td>\r\n<td valign=top>\r\n<h4 class=\"nobr\">4,90 \u20ac<\/h4>\r\n<\/td>\r\n<\/tr>\r\n<\/tbody>\r\n<\/table>\r\n<\/div>\r\n<\/div>\r\n\r\n\r\n\r\n<div class=\"wp-block-columns speisekarte is-layout-flex wp-container-core-columns-is-layout-28f84493 wp-block-columns-is-layout-flex\">\r\n<div class=\"wp-block-column is-layout-flow wp-block-column-is-layout-flow\">\r\n<table>\r\n<tbody>\r\n<tr>\r\n<td>\r\n<h4>Caf\u00e9<\/h4>\r\n<\/td>\r\n<td valign=top>\r\n<h4 class=\"nobr\">3,50&nbsp;\u20ac<\/h4>\r\n<\/td>\r\n<\/tr>\r\n<tr>\r\n<td>\r\n<h4>Cappuccino<\/h4>\r\n<\/td>\r\n<td valign=top>\r\n<h4 class=\"nobr\">3,90&nbsp;\u20ac<\/h4>\r\n<\/td>\r\n<\/tr>\r\n<tr>\r\n<td>\r\n<h4>Latte Macchiato<\/h4>\r\n<\/td>\r\n<td valign=top>\r\n<h4 class=\"nobr\">4,80&nbsp;\u20ac<\/h4>\r\n<\/td>\r\n<\/tr>\r\n<tr>\r\n<td>\r\n<h4>Espresso<\/h4>\r\n<\/td>\r\n<td valign=top>\r\n<h4 class=\"nobr\">2,90&nbsp;\u20ac<\/h4>\r\n<\/td>\r\n<\/tr>\r\n<tr>\r\n<td>\r\n<h4>Espresso Macchiato<\/h4>\r\n<\/td>\r\n<td valign=top>\r\n<h4 class=\"nobr\">3,50&nbsp;\u20ac<\/h4>\r\n<\/td>\r\n<\/tr>\r\n<tr>\r\n<td>\r\n<h4>Caf\u00e9 au lait<\/h4>\r\n<\/td>\r\n<td valign=top>\r\n<h4 class=\"nobr\">4,80&nbsp;\u20ac<\/h4>\r\n<\/td>\r\n<\/tr>\r\n<\/tbody>\r\n<\/table>\r\n<\/div>\r\n\r\n\r\n\r\n<div class=\"wp-block-column is-layout-flow wp-block-column-is-layout-flow\">\r\n<table>\r\n<tbody>\r\n<tr>\r\n<td>\r\n<h4>Th\u00e9 bio<\/h4>\r\n<\/td>\r\n<td valign=top>\r\n<h4 class=\"nobr\">2,90&nbsp;\u20ac<\/h4>\r\n<\/td>\r\n<\/tr>\r\n<tr>\r\n<td>\r\n<h4>Chai latte<\/h4>\r\n<\/td>\r\n<td valign=top>\r\n<h4 class=\"nobr\">4,90&nbsp;\u20ac<\/h4>\r\n<\/td>\r\n<\/tr>\r\n<tr>\r\n<td>\r\n<h4>Ovomaltine<\/h4>\r\n<\/td>\r\n<td valign=top>\r\n<h4 class=\"nobr\">4,20&nbsp;\u20ac<\/h4>\r\n<\/td>\r\n<\/tr>\r\n<tr>\r\n<td>\r\n<h4>Boisson chocolat\u00e9e<\/h4>\r\n<ul>\r\n<li>Noir<\/li>\r\n<li>Blanc<\/li>\r\n<\/ul>\r\n<\/td>\r\n<td valign=top>\r\n<h4 class=\"nobr\">4,90&nbsp;\u20ac<\/h4>\r\n<\/td>\r\n<\/tr>\r\n<tr>\r\n<td>\r\n<h4>Lait chaud + miel<\/h4>\r\n<\/td>\r\n<td valign=top>\r\n<h4 class=\"nobr\">3,50&nbsp;\u20ac<\/h4>\r\n<\/td>\r\n<\/tr>\r\n<\/tbody>\r\n<\/table>\r\n<\/div>\r\n\r\n\r\n<div class=\"wp-block-column is-layout-flow wp-block-column-is-layout-flow\">\r\n<table>\r\n<tbody>\r\n<tr>\r\n<td>\r\n<h4>Mousse de lait<\/h4>\r\n<\/td>\r\n<td valign=top>\r\n<h4 class=\"nobr\">1,50&nbsp;\u20ac<\/h4>\r\n<\/td>\r\n<\/tr>\r\n<tr>\r\n<td>\r\n<h4>Lait pour enfant<\/h4>\r\n<ul>\r\n<li>Cacao<\/li>\r\n<li>Vanille<\/li>\r\n<li>Banane<\/li>\r\n<li>Fraise<\/li>\r\n<\/ul>\r\n<\/td>\r\n<td valign=top>\r\n<h4 class=\"nobr\">2,50&nbsp;\u20ac<\/h4>\r\n<\/td>\r\n<\/tr>\r\n<\/tbody>\r\n<\/table>\r\n<\/div>\r\n<\/div>\r\n\r\n\r\n\r\n<div class=\"wp-block-columns speisekarte is-layout-flex wp-container-core-columns-is-layout-28f84493 wp-block-columns-is-layout-flex\">\r\n<div class=\"wp-block-column is-layout-flow wp-block-column-is-layout-flow\">\r\n<table>\r\n<tbody>\r\n<tr>\r\n<td>\r\n<h4>Bionade<\/h4>\r\n<\/td>\r\n<td valign=top>\r\n<h4 class=\"nobr\">3,50 \u20ac<\/h4>\r\n<\/td>\r\n<\/tr>\r\n<tr>\r\n<td>\r\n<h4>Fritz-Limo<\/h4>\r\n<\/td>\r\n<td valign=top>\r\n<h4 class=\"nobr\">3,50 \u20ac<\/h4>\r\n<\/td>\r\n<\/tr>\r\n<tr>\r\n<td>\r\n<h4>Almdudler<\/h4>\r\n<\/td>\r\n<td valign=top>\r\n<h4 class=\"nobr\">3,50 \u20ac<\/h4>\r\n<\/td>\r\n<\/tr>\r\n<tr>\r\n<td>\r\n<h4>Club-Mate<\/h4>\r\n<\/td>\r\n<td valign=top>\r\n<h4 class=\"nobr\">3,50 \u20ac<\/h4>\r\n<\/td>\r\n<\/tr>\r\n<tr>\r\n<td>\r\n<h4>Schweppes<\/h4>\r\n<\/td>\r\n<td valign=top>\r\n<h4 class=\"nobr\">3,00 \u20ac<\/h4>\r\n<\/td>\r\n<\/tr>\r\n<tr>\r\n<td>\r\n<h4>Bi\u00e8re de malt<\/h4>\r\n<\/td>\r\n<td valign=top>\r\n<h4 class=\"nobr\">3,30 \u20ac<\/h4>\r\n<\/td>\r\n<\/tr>\r\n<tr>\r\n<td>\r\n<h4>Cola, Fanta, Sprite<\/h4>\r\n<\/td>\r\n<td valign=top>\r\n<h4 class=\"nobr\">3,50 \u20ac<\/h4>\r\n<\/td>\r\n<\/tr>\r\n<\/tbody>\r\n<\/table>\r\n<\/div>\r\n\r\n\r\n\r\n<div class=\"wp-block-column is-layout-flow wp-block-column-is-layout-flow\">\r\n<table>\r\n<tbody>\r\n<tr>\r\n<td>\r\n<h4>Jus de pomme<\/h4>\r\n<\/td>\r\n<td valign=top>\r\n<h4 class=\"nobr\">0,2 l: 2,90 \u20ac \/ 0,3 l: 3,70 \u20ac<\/h4>\r\n<\/td>\r\n<\/tr>\r\n<tr>\r\n<td>\r\n<h4>Jus d&rsquo;orange<\/h4>\r\n<\/td>\r\n<td valign=top>\r\n<h4 class=\"nobr\">0,2 l: 2,90 \u20ac \/ 0,3 l: 3,70 \u20ac<\/h4>\r\n<\/td>\r\n<\/tr>\r\n<tr>\r\n<td>\r\n<h4>Nectar de cerise<\/h4>\r\n<\/td>\r\n<td valign=top>\r\n<h4 class=\"nobr\">0,2 l: 2,90 \u20ac \/ 0,3 l: 3,70 \u20ac<\/h4>\r\n<\/td>\r\n<\/tr>\r\n<tr>\r\n<td>\r\n<h4>Nectar de mangue<\/h4>\r\n<\/td>\r\n<td valign=top>\r\n<h4 class=\"nobr\">0,2 l: 2,90 \u20ac \/ 0,3 l: 3,70 \u20ac<\/h4>\r\n<\/td>\r\n<\/tr>\r\n<tr>\r\n<td>\r\n<h4>Nectar de rhubarbe<\/h4>\r\n<\/td>\r\n<td valign=top>\r\n<h4 class=\"nobr\">0,2 l: 2,90 \u20ac \/ 0,3 l: 3,70 \u20ac<\/h4>\r\n<\/td>\r\n<\/tr>\r\n<tr>\r\n<td>\r\n<h4>Eau<\/h4>\r\n<\/td>\r\n<td valign=top>\r\n<h4 class=\"nobr\">0,2 l: 2,50 \u20ac \/ 0,3 l: 3,00 \u20ac<\/h4>\r\n<\/td>\r\n<\/tr>\r\n<tr>\r\n<td>\r\n<h4>Bouteille d&rsquo;eau min\u00e9rale<\/h4>\r\n<\/td>\r\n<td valign=top>\r\n<h4 class=\"nobr\">0,75 l: 5,50 \u20ac<\/h4>\r\n<\/td>\r\n<\/tr>\r\n<\/tbody>\r\n<\/table>\r\n<\/div>\r\n<\/div>\r\n","protected":false},"excerpt":{"rendered":"<p>Spielzimmer sucr\u00e9 Pain 2 petits pains Confiture \u0152uf 12,00&nbsp;\u20ac Spielzimmer sal\u00e9 Pain 2 petits pains Fromage Salami Jambon \u0152uf 14,00&nbsp;\u20ac Spielzimmer v\u00e9g\u00e9tarien Pain 2 petits pains Diff\u00e9rents fromages \u0152uf 15,00&nbsp;\u20ac Grand Spielzimmer Pain 2 petits pains Confiture Fromage Salami Jambon \u0152uf Tomate-mozzarella 17,00&nbsp;\u20ac Gaufres de Bruxelles fraiches Sucre en poudre Cannelle et sucre Compote de [&hellip;]<\/p>\n","protected":false},"author":1,"featured_media":0,"parent":0,"menu_order":40,"comment_status":"closed","ping_status":"closed","template":"","meta":{"_acf_changed":false,"footnotes":""},"class_list":["post-1062","page","type-page","status-publish","hentry"],"acf":[],"_links":{"self":[{"href":"https:\/\/spielzimmer.berlin\/fr\/wp-json\/wp\/v2\/pages\/1062","targetHints":{"allow":["GET"]}}],"collection":[{"href":"https:\/\/spielzimmer.berlin\/fr\/wp-json\/wp\/v2\/pages"}],"about":[{"href":"https:\/\/spielzimmer.berlin\/fr\/wp-json\/wp\/v2\/types\/page"}],"author":[{"embeddable":true,"href":"https:\/\/spielzimmer.berlin\/fr\/wp-json\/wp\/v2\/users\/1"}],"replies":[{"embeddable":true,"href":"https:\/\/spielzimmer.berlin\/fr\/wp-json\/wp\/v2\/comments?post=1062"}],"version-history":[{"count":8,"href":"https:\/\/spielzimmer.berlin\/fr\/wp-json\/wp\/v2\/pages\/1062\/revisions"}],"predecessor-version":[{"id":6180,"href":"https:\/\/spielzimmer.berlin\/fr\/wp-json\/wp\/v2\/pages\/1062\/revisions\/6180"}],"wp:attachment":[{"href":"https:\/\/spielzimmer.berlin\/fr\/wp-json\/wp\/v2\/media?parent=1062"}],"curies":[{"name":"wp","href":"https:\/\/api.w.org\/{rel}","templated":true}]}}