{"id":1124,"date":"2022-11-29T12:08:49","date_gmt":"2022-11-29T11:08:49","guid":{"rendered":"https:\/\/spielzimmer.berlin\/datenschutzerklaerung\/"},"modified":"2022-12-30T11:00:29","modified_gmt":"2022-12-30T10:00:29","slug":"declaration-de-protection-des-donnees","status":"publish","type":"page","link":"https:\/\/spielzimmer.berlin\/fr\/declaration-de-protection-des-donnees\/","title":{"rendered":"D\u00e9claration de protection des donn\u00e9es"},"content":{"rendered":"\n<p>Sauf indication contraire fournie ci-dessous, la mise \u00e0 disposition de vos donn\u00e9es \u00e0 caract\u00e8re personnel n\u2019est ni prescrite par la loi ou le contrat, ni n\u00e9cessaire pour la conclusion d\u2019un contrat. Vous n\u2019\u00eates pas oblig\u00e9(e) de mettre vos donn\u00e9es \u00e0 disposition. Un refus de votre part n\u2019aura aucune cons\u00e9quence. Cela s\u2019applique uniquement dans la mesure o\u00f9 aucune indication contraire n\u2019est fournie pour les op\u00e9rations de traitement ci-dessous.<br>Les \u00abdonn\u00e9es \u00e0 caract\u00e8re personnel\u00bb correspondent \u00e0 toutes les informations se rapportant \u00e0 une personne physique identifi\u00e9e ou identifiable.<\/p>\n\n\n\n<h4 class=\"wp-block-heading\"><strong>Fichiers journaux du serveur<\/strong><\/h4>\n\n\n\n<p>Vous pouvez visiter notre site sans fournir des informations personnelles.&nbsp;<\/p>\n\n\n\n<p>\u00c0 chaque acc\u00e8s \u00e0 notre site Internet, votre navigateur Internet nous transmet, \u00e0 nous ou \u00e0 notre h\u00e9bergeur web \/ prestataire de service informatique, des donn\u00e9es d&rsquo;utilisation qui sont enregistr\u00e9es dans des donn\u00e9es de protocoles (ce que l\u2019on appelle des fichiers journaux du serveur). On retrouve parmi ses donn\u00e9es enregistr\u00e9es par ex. le nom de la page consult\u00e9e, la date et l\u2019heure de la consultation, l\u2019adresse IP, le volume de donn\u00e9es transf\u00e9r\u00e9es et le fournisseur de consultation. Le traitement se fait sur la base de l\u2019art. 6 alin\u00e9a 1 lettre f RGPD au titre d\u2019un int\u00e9r\u00eat l\u00e9gitime quant \u00e0 la garantie d\u2019une exploitation sans faille de notre site Internet et de l\u2019am\u00e9lioration de notre offre.&nbsp;<\/p>\n\n\n\n<h4 class=\"wp-block-heading\"><em><strong>Contact<\/strong><\/em><\/h4>\n\n\n\n<p><strong>Responsable<\/strong><br>N\u2019h\u00e9sitez pas \u00e0 nous contacter.&nbsp;Le charg\u00e9 de traitement des donn\u00e9es est:&nbsp;Kindercaf\u00e9 Spielzimmer,&nbsp;Schliemannstra\u00dfe 37,&nbsp;10437&nbsp;Berlin&nbsp;Deutschland,&nbsp;+49 (0)30 44037635,&nbsp;kontakt@spielzimmer.berlin<\/p>\n\n\n\n<p><strong>Prise de contact spontan\u00e9e du client par e-mail<\/strong><br>Si vous nous contactez par e-mail de votre propre initiative, nous ne collecterons vos donn\u00e9es \u00e0 caract\u00e8re personnel (nom, adresse e-mail, texte du message) que dans la mesure o\u00f9 vous les fournissez. Le traitement des donn\u00e9es sert \u00e0 traiter et \u00e0 r\u00e9pondre \u00e0 votre demande de contact.&nbsp;<br>Si la finalit\u00e9 du contact est d&rsquo;effectuer des d\u00e9marches pr\u00e9contractuelles (par exemple, conseils en cas d&rsquo;int\u00e9r\u00eat d&rsquo;achat, pr\u00e9paration d&rsquo;offres) ou s&rsquo;il s&rsquo;agit d&rsquo;un contrat d\u00e9j\u00e0 conclu entre vous et nous, ce traitement de donn\u00e9es est bas\u00e9 sur l&rsquo;art. 6 alin\u00e9a 1 lettre b RGPD.<br>Si le contact est pris pour d&rsquo;autres raisons, ce traitement de donn\u00e9es est effectu\u00e9 sur la base de l&rsquo;art. 6 alin\u00e9a 1 lettre f RGPD, dans notre int\u00e9r\u00eat tr\u00e8s largement justifi\u00e9 de traiter et de r\u00e9pondre \u00e0 votre demande. <strong><em>Dans ce cas, pour des raisons tenant \u00e0 votre situation particuli\u00e8re, vous avez le droit de vous opposer \u00e0 tout moment aux traitements de vos donn\u00e9es \u00e0 caract\u00e8re personnel, lequel est effectu\u00e9 sur la base de l\u2019art. 6 alin\u00e9a 1, lettre f du RGPD.<\/em><\/strong><br>Nous utilisons votre adresse e-mail uniquement afin de traiter votre demande. Vos donn\u00e9es seront ensuite supprim\u00e9es dans le respect des d\u00e9lais de conservation l\u00e9gaux, sauf si vous avez accept\u00e9 un traitement et une utilisation ult\u00e9rieurs.<\/p>\n\n\n\n<p><strong>Collecte et traitement des donn\u00e9es lors de l\u2019utilisation du formulaire de contact<\/strong><br>En cas d\u2019utilisation du formulaire de contact, nous collectons uniquement les donn\u00e9es \u00e0 caract\u00e8re personnel (nom, adresse e-mail, corps du message) que vous nous fournissez. L\u2019objectif du traitement des donn\u00e9es consiste \u00e0 prendre contact.<br>Si la finalit\u00e9 du contact est d&rsquo;effectuer des d\u00e9marches pr\u00e9contractuelles (par exemple, conseils en cas d&rsquo;int\u00e9r\u00eat d&rsquo;achat, pr\u00e9paration d&rsquo;offres) ou s&rsquo;il s&rsquo;agit d&rsquo;un contrat d\u00e9j\u00e0 conclu entre vous et nous, ce traitement de donn\u00e9es est bas\u00e9 sur l&rsquo;art. 6 alin\u00e9a 1 lettre b RGPD.<br>Si le contact est pris pour d&rsquo;autres raisons, ce traitement de donn\u00e9es est effectu\u00e9 sur la base de l&rsquo;art. 6 alin\u00e9a 1 lettre f RGPD, dans notre int\u00e9r\u00eat tr\u00e8s largement justifi\u00e9 de traiter et de r\u00e9pondre \u00e0 votre demande.&nbsp;<strong><em>Dans ce cas, pour des raisons tenant \u00e0 votre situation particuli\u00e8re, vous avez le droit de vous opposer \u00e0 tout moment aux traitements de vos donn\u00e9es \u00e0 caract\u00e8re personnel, lequel est effectu\u00e9 sur la base de l\u2019art. 6 alin\u00e9a 1, lettre f du RGPD.<\/em><\/strong><br>Nous utilisons votre adresse e-mail uniquement afin de traiter votre demande. Vos donn\u00e9es sont ensuite supprim\u00e9es, dans la mesure o\u00f9 vous n\u2019avez pas consenti \u00e0 ce qu\u2019elles soient trait\u00e9es et utilis\u00e9es ult\u00e9rieurement.<\/p>\n\n\n\n<h4 class=\"wp-block-heading\"><em><strong>Cookies<\/strong><\/em><\/h4>\n\n\n\n<p>Notre site Web utilise des cookies. Les cookies correspondent \u00e0 de petits fichiers texte enregistr\u00e9s dans votre navigateur Web ou par votre navigateur Web dans le syst\u00e8me informatique d\u2019un utilisateur. Si un utilisateur se rend sur un site Web, alors un cookie est susceptible d\u2019\u00eatre enregistr\u00e9 sur le syst\u00e8me d\u2019exploitation de l\u2019utilisateur. Ce cookie contient une cha\u00eene de caract\u00e8res sp\u00e9cifique permettant une identification univoque du navigateur lors de la prochaine visite du site Web.<br><br>Les cookies sont enregistr\u00e9s sur votre ordinateur. Par cons\u00e9quent, vous contr\u00f4lez enti\u00e8rement l\u2019utilisation des cookies. En s\u00e9lectionnant les param\u00e8tres techniques correspondants dans votre navigateur Internet, vous pouvez \u00eatre inform\u00e9 avant l\u2019activation de cookies et d\u00e9cider de les accepter au cas par cas ainsi qu\u2019emp\u00eacher l\u2019enregistrement des cookies et la transmission des donn\u00e9es qu\u2019ils contiennent. Les cookies d\u00e9j\u00e0 enregistr\u00e9s peuvent \u00eatre supprim\u00e9s \u00e0 tout moment. Nous attirons cependant votre attention sur le fait que vous ne pourrez alors pas utiliser pleinement l\u2019ensemble des fonctionnalit\u00e9s de ce site Web.<\/p>\n\n\n\n<p>En cliquant sur les liens ci-dessous, vous trouverez toutes les informations concernant la gestion (entre autres la d\u00e9sactivation) des cookies sur les principaux navigateurs&nbsp;:<\/p>\n\n\n\n<p>Navigateur Chrome&nbsp;:&nbsp;<a href=\"https:\/\/support.google.com\/accounts\/answer\/61416?hl=fr\" target=\"_blank\" rel=\"noreferrer noopener\">https:\/\/support.google.com\/accounts\/answer\/61416?hl=fr<\/a><br>Internet Explorer&nbsp;:&nbsp;<a href=\"https:\/\/support.microsoft.com\/de-de\/windows\/l%C3%B6schen-und-verwalten-von-cookies-168dab11-0753-043d-7c16-ede5947fc64d\" target=\"_blank\" rel=\"noreferrer noopener\">https:\/\/support.microsoft.com\/de-de\/help\/17442\/windows-internet-explorer-delete-manage-cookies<\/a><br>Mozilla Firefox&nbsp;:&nbsp;<a href=\"https:\/\/support.mozilla.org\/de\/kb\/cookies-erlauben-und-ablehnen\" target=\"_blank\" rel=\"noreferrer noopener\">https:\/\/support.mozilla.org\/de\/kb\/cookies-erlauben-und-ablehnen<\/a><br>Safari&nbsp;:&nbsp;<a href=\"https:\/\/support.apple.com\/de-de\/guide\/safari\/manage-cookies-and-website-data-sfri11471\/mac\" target=\"_blank\" rel=\"noreferrer noopener\">https:\/\/support.apple.com\/de-de\/guide\/safari\/manage-cookies-and-website-data-sfri11471\/mac<\/a><\/p>\n\n\n\n<p><strong>Cookies techniquement n\u00e9cessaires<\/strong><br>Sauf indication contraire dans la d\u00e9claration de protection des donn\u00e9es ci-dessous, nous utilisons seulement ces cookies afin de rendre nos contenus plus conviviaux, plus efficaces et plus s\u00fbrs. Par ailleurs, les cookies permettent \u00e0 nos syst\u00e8mes de reconna\u00eetre votre navigateur, m\u00eame apr\u00e8s un changement de page, et de vous proposer des services. Certaines fonctionnalit\u00e9s de notre site Internet ne pourraient pas \u00eatre propos\u00e9es sans l\u2019utilisation de cookies. Pour qu\u2019elles fonctionnent, il est n\u00e9cessaire que le navigateur soit reconnu m\u00eame apr\u00e8s un changement de page.<br><br>L&rsquo;utilisation de cookies ou de technologies comparables est effectu\u00e9e&nbsp; sur la base de l&rsquo;article 25, paragraphe 2 TTDSG.&nbsp;Le traitement se fait sur la base de l\u2019art. 6 alin\u00e9a 1 lettre f RGPD au titre d\u2019un int\u00e9r\u00eat l\u00e9gitime pr\u00e9dominant quant \u00e0 la garantie d\u2019une fonctionnalit\u00e9 optimale du site Internet et d\u2019une pr\u00e9sentation conviviale et efficace de notre offre.<br><em><strong>Pour des raisons tenant \u00e0 votre situation particuli\u00e8re, vous avez le droit de vous opposer \u00e0 tout moment au traitement de vos donn\u00e9es \u00e0 caract\u00e8re personnel, lequel est effectu\u00e9 sur la base de l\u2019art. 6 (1) lettre f du RGPD.<\/strong><\/em><\/p>\n\n\n\n<h4 class=\"wp-block-heading\"><em><strong>Analyse<\/strong><\/em><\/h4>\n\n\n\n<p><strong>Utilisation de Google Tag Analytics<\/strong><br>Nous utilisons sur notre site Web le service d\u2019analyse Web Google Analytics de Google Ireland Limited (Gordon House, Barrow Street, Dublin 4, Irlande; \u201cGoogle\u201d).<br>Le traitement des donn\u00e9es permet d\u2019analyser ce site Web et le comportement de ses visiteurs et sert \u00e9galement \u00e0 des fins marketing et publicitaires. Sur demande de l\u2019exploitant de ce site, Google utilisera pour ce faire les informations collect\u00e9es afin d\u2019\u00e9valuer l\u2019utilisation du site Web, d\u2019\u00e9laborer des rapports sur les activit\u00e9s du site et d\u2019apporter \u00e0 l\u2019exploitant du site d\u2019autres prestations de services li\u00e9es \u00e0 l\u2019utilisation du site et d\u2019Internet. Entre autres choses, les renseignements suivants peuvent \u00eatre recueillis : Adresse IP, date et heure de la consultation de la page, chemin d&rsquo;acc\u00e8s, informations sur le navigateur que vous avez utilis\u00e9 et l&rsquo;appareil que vous avez utilis\u00e9, pages visit\u00e9es, URL de r\u00e9f\u00e9rence (site Web \u00e0 partir duquel vous avez acc\u00e9d\u00e9 \u00e0 notre site Web), donn\u00e9es de localisation, activit\u00e9s d&rsquo;achat. lL&rsquo;adresse IP transmise par votre navigateur dans le cadre de Google Analytics ne sera pas fusionn\u00e9e avec d&rsquo;autres donn\u00e9es Google. Google Analytics utilise des technologies telles que les cookies, la m\u00e9moire Web du navigateur et les pixels de suivi pour aider le site Web \u00e0 analyser l&rsquo;utilisation du site par les utilisateurs. Les informations ainsi g\u00e9n\u00e9r\u00e9es sur votre utilisation du site sont transmises \u00e0 un serveur de Google aux \u00c9tats-Unis et y sont enregistr\u00e9es.&nbsp;Dans ce cadre, Google s\u2019appuie sur des clauses contractuelles types fournissant des garanties adapt\u00e9es \u00e0 la protection des donn\u00e9es \u00e0 caract\u00e8re personnel, que vous pouvez consulter sur&nbsp;<a href=\"https:\/\/policies.google.com\/privacy\/frameworks\" target=\"_blank\" rel=\"noreferrer noopener\">https:\/\/policies.google.com\/privacy\/frameworks<\/a>. L\u2019acc\u00e8s \u00e0 vos donn\u00e9es est octroy\u00e9 aussi bien \u00e0 Google qu\u2019aux autorit\u00e9s am\u00e9ricaines comp\u00e9tentes. Google peut recouper vos donn\u00e9es avec d\u2019autres donn\u00e9es, par exemple l\u2019historique de vos recherches, votre compte personnel, les donn\u00e9es d\u2019utilisation de vos autres appareils et toutes les autres donn\u00e9es recueillies par Google \u00e0 votre sujet.&nbsp;&nbsp;<br>L\u2019anonymat IP est activ\u00e9 sur ce site Web. Ainsi, votre adresse IP est au pr\u00e9alable tronqu\u00e9e par Google au sein des \u00c9tats membres de l\u2019Union europ\u00e9enne ou dans d\u2019autres pays signataires de l\u2019accord sur l\u2019Espace \u00e9conomique europ\u00e9en. Dans des cas exceptionnels seulement, l\u2019adresse IP compl\u00e8te est transmise et tronqu\u00e9e sur un serveur de Google situ\u00e9 aux \u00c9tats-Unis.<br>L&rsquo;utilisation de cookies ou de technologies comparables est effectu\u00e9e avec votre consentement sur la base de l&rsquo;article 25, paragraphe 1, p. 1 TTDSG en lien avec l\u2019art. 6 alin\u00e9a 1 lettre a RGPD. Le traitement de vos donn\u00e9es \u00e0 caract\u00e8re personnel est effectu\u00e9 avec votre consentement sur la base de l&rsquo;art. 6 alin\u00e9a 1 lettre a RGPD. Vous pouvez r\u00e9voquer \u00e0 tout moment votre consentement, sans que la lic\u00e9it\u00e9 du traitement ayant eu lieu depuis votre consentement jusqu\u2019\u00e0 votre r\u00e9vocation ne soit affect\u00e9e.<br>Pour plus d\u2019informations sur les conditions d\u2019utilisation et la protection des donn\u00e9es, consultez les liens suivants: <a href=\"https:\/\/www.google.com\/analytics\/terms\/de.html\" target=\"_blank\" rel=\"noreferrer noopener\">https:\/\/www.google.com\/analytics\/terms\/de.html<\/a> et <a href=\"https:\/\/www.google.de\/intl\/de\/policies\/\" target=\"_blank\" rel=\"noreferrer noopener\">https:\/\/www.google.de\/intl\/de\/policies\/<\/a> et <a href=\"https:\/\/policies.google.com\/technologies\/cookies?hl=de\" target=\"_blank\" rel=\"noreferrer noopener\">https:\/\/policies.google.com\/technologies\/cookies?hl=de<\/a>.<br><br><strong>Utilisation de Google Fonts<\/strong><br>Nous utilisons sur notre site Web les Google Fonts de Google Ireland Limited (Gordon House, Barrow Street, Dublin 4, Irlande&nbsp;; \u00ab&nbsp;Google&nbsp;\u00bb).<br>Le traitement des donn\u00e9es a pour but d\u2019obtenir une pr\u00e9sentation uniforme de polices de caract\u00e8res sur notre site Web. Pour charger les polices, une connexion avec les serveurs de Google est \u00e9tablie lors de l\u2019appel des pages. Votre adresse IP ainsi que des informations sur le navigateur que vous utilisez sont entre autres trait\u00e9es et transmises \u00e0 Google. Ces donn\u00e9es ne sont pas encha\u00een\u00e9es avec votre compte Google. Le cas \u00e9ch\u00e9ant, vos donn\u00e9es seront transmises aux \u00c9tats-Unis. En ce qui concerne les \u00c9tats-Unis, il n\u2019existe aucune d\u00e9cision de la Commission europ\u00e9enne constatant le caract\u00e8re ad\u00e9quat. La transmission de donn\u00e9es se fait entre autres sur la base de clauses contractuelles standard en tant que garanties ad\u00e9quates pour la protection des donn\u00e9es \u00e0 caract\u00e8re personnel, consultables \u00e0 l\u2019adresse&nbsp;:&nbsp;<a href=\"https:\/\/policies.google.com\/privacy\/frameworks\" target=\"_blank\" rel=\"noreferrer noopener\">https:\/\/policies.google.com\/privacy\/frameworks<\/a>.<br>L&rsquo;utilisation de cookies ou de technologies comparables est effectu\u00e9e avec votre consentement sur la base de l&rsquo;article 25, paragraphe 1, p. 1 TTDSG en lien avec l\u2019art. 6 alin\u00e9a 1 lettre a RGPD. Le traitement de vos donn\u00e9es \u00e0 caract\u00e8re personnel est effectu\u00e9 avec votre consentement sur la base de l&rsquo;art. 6 alin\u00e9a 1 lettre a RGPD. Vous pouvez r\u00e9voquer \u00e0 tout moment votre consentement, sans que la lic\u00e9it\u00e9 du traitement ayant eu lieu depuis votre consentement jusqu\u2019\u00e0 votre r\u00e9vocation ne soit affect\u00e9e.<br>Vous trouverez de plus amples informations sur le traitement des donn\u00e9es et la protection des donn\u00e9es aux adresses suivantes&nbsp;:&nbsp;<a href=\"https:\/\/www.google.de\/intl\/de\/policies\/\" target=\"_blank\" rel=\"noreferrer noopener\">https:\/\/www.google.de\/intl\/de\/policies\/<\/a>&nbsp;et&nbsp;<a href=\"https:\/\/developers.google.com\/fonts\/faq\" target=\"_blank\" rel=\"noreferrer noopener\">https:\/\/developers.google.com\/fonts\/faq<\/a>.<\/p>\n\n\n\n<h4 class=\"wp-block-heading\"><em><strong>Droits des personnes concern\u00e9es et dur\u00e9e d\u2019enregistrement<\/strong><\/em><\/h4>\n\n\n\n<p><strong>Dur\u00e9e de l\u2019enregistrement<\/strong><br>Les donn\u00e9es sont enregistr\u00e9es en tenant compte des d\u00e9lais l\u00e9gaux d\u2019archivage et sont ensuite effac\u00e9es sauf si vous avez consenti \u00e0 la poursuite du traitement et de l\u2019utilisation.<\/p>\n\n\n\n<p><strong>Droits de la personne concern\u00e9e<\/strong><br>Si les conditions l\u00e9gales sont remplies, vous b\u00e9n\u00e9ficiez des droits suivants conform\u00e9ment aux art. 15 \u00e0 20 du RGPD: droit d\u2019obtenir des informations, droit de correction, droit de suppression, droit de limiter le traitement, droit \u00e0 la portabilit\u00e9 des donn\u00e9es.<br>Par ailleurs et conform\u00e9ment \u00e0 l\u2019art. 21 (1) du RGPD, vous b\u00e9n\u00e9ficiez d\u2019un droit d\u2019opposition aux traitements effectu\u00e9s sur la base de l\u2019art. 6 (1) f du RGPD ainsi qu\u2019au traitement \u00e0 des fins de publipostage.<\/p>\n\n\n\n<p><strong>Droit de recours aupr\u00e8s des autorit\u00e9s de contr\u00f4le<\/strong><br>Conform\u00e9ment \u00e0 l\u2019art. 77 du RGPD, vous avez le droit de vous plaindre aupr\u00e8s des autorit\u00e9s de contr\u00f4le si vous estimez que le traitement de vos donn\u00e9es \u00e0 caract\u00e8re personnel ne respecte pas la l\u00e9gislation.<\/p>\n\n\n\n<p><strong>Droit \u00e0 l\u2019opposition<\/strong><br>Si les traitements des donn\u00e9es personnelles indiqu\u00e9s ici reposent sur notre int\u00e9r\u00eat l\u00e9gitime selon l\u2019art. 6 alin\u00e9a 1 lettre f RGPD, vous avez le droit, pour des raisons \u00e9manant de votre situation sp\u00e9cifique, de vous opposer \u00e0 ces traitements \u00e0 tout moment avec effet pour l\u2019avenir.<br>Apr\u00e8s votre opposition, le traitement des donn\u00e9es concern\u00e9es prendra fin \u00e0 moins que nous puissions prouver qu\u2019il existe des raisons imp\u00e9ratives pour le traitement qui pr\u00e9valent sur vos int\u00e9r\u00eats , droits et libert\u00e9s ou si le traitement sert \u00e0 revendiquer, exercer ou d\u00e9fendre des pr\u00e9tentions l\u00e9gales.<\/p>\n","protected":false},"excerpt":{"rendered":"<p>Sauf indication contraire fournie ci-dessous, la mise \u00e0 disposition de vos donn\u00e9es \u00e0 caract\u00e8re personnel n\u2019est ni prescrite par la loi ou le contrat, ni n\u00e9cessaire pour la conclusion d\u2019un contrat. Vous n\u2019\u00eates pas oblig\u00e9(e) de mettre vos donn\u00e9es \u00e0 disposition. Un refus de votre part n\u2019aura aucune cons\u00e9quence. Cela s\u2019applique uniquement dans la mesure [&hellip;]<\/p>\n","protected":false},"author":1,"featured_media":0,"parent":0,"menu_order":100,"comment_status":"closed","ping_status":"closed","template":"","meta":{"_acf_changed":false,"footnotes":""},"class_list":["post-1124","page","type-page","status-publish","hentry"],"acf":[],"_links":{"self":[{"href":"https:\/\/spielzimmer.berlin\/fr\/wp-json\/wp\/v2\/pages\/1124","targetHints":{"allow":["GET"]}}],"collection":[{"href":"https:\/\/spielzimmer.berlin\/fr\/wp-json\/wp\/v2\/pages"}],"about":[{"href":"https:\/\/spielzimmer.berlin\/fr\/wp-json\/wp\/v2\/types\/page"}],"author":[{"embeddable":true,"href":"https:\/\/spielzimmer.berlin\/fr\/wp-json\/wp\/v2\/users\/1"}],"replies":[{"embeddable":true,"href":"https:\/\/spielzimmer.berlin\/fr\/wp-json\/wp\/v2\/comments?post=1124"}],"version-history":[{"count":4,"href":"https:\/\/spielzimmer.berlin\/fr\/wp-json\/wp\/v2\/pages\/1124\/revisions"}],"predecessor-version":[{"id":1838,"href":"https:\/\/spielzimmer.berlin\/fr\/wp-json\/wp\/v2\/pages\/1124\/revisions\/1838"}],"wp:attachment":[{"href":"https:\/\/spielzimmer.berlin\/fr\/wp-json\/wp\/v2\/media?parent=1124"}],"curies":[{"name":"wp","href":"https:\/\/api.w.org\/{rel}","templated":true}]}}