{"id":1131,"date":"2022-12-01T12:29:10","date_gmt":"2022-12-01T11:29:10","guid":{"rendered":"https:\/\/spielzimmer.berlin\/kontakt\/"},"modified":"2024-08-09T19:19:59","modified_gmt":"2024-08-09T17:19:59","slug":"contacter","status":"publish","type":"page","link":"https:\/\/spielzimmer.berlin\/fr\/contacter\/","title":{"rendered":"Bienvenue sur notre page du Service Client\u00e8le"},"content":{"rendered":"\n<ul class=\"wp-block-list\">\n<li class=\"dripicons-checkmark-phone\"><strong>T\u00e9l\u00e9phone:&nbsp;&nbsp;<\/strong><a href=\"tel:+49-030 44037635\">+49-30-44037635<\/a><\/li>\n\n\n\n<li class=\"dripicons-checkmark-mail\"><strong>Email:&nbsp;&nbsp;<\/strong>kontakt@spielzimmer.berlin<\/li>\n<\/ul>\n\n\n\n<div class=\"wp-block-group has-border-color has-vivid-cyan-blue-border-color has-background is-layout-flow wp-block-group-is-layout-flow\" style=\"border-width:1px;background-color:#edfafcad;padding-top:var(--wp--preset--spacing--30);padding-right:var(--wp--preset--spacing--30);padding-bottom:var(--wp--preset--spacing--30);padding-left:var(--wp--preset--spacing--30)\">\n<h3 class=\"wp-block-heading has-text-align-left\">FAQ<\/h3>\n\n\n\n<hr class=\"wp-block-separator has-text-color has-vivid-cyan-blue-color has-alpha-channel-opacity has-vivid-cyan-blue-background-color has-background is-style-wide\"\/>\n\n\n\n<button class=\"accordion\">Quels sont vos horaires d&rsquo;ouverture ?<\/button>\n<div class=\"contactinfoarea\">\n<p>Nous louons \u00e9galement le caf\u00e9 pour enfants \u00e0 des <strong>soci\u00e9t\u00e9s priv\u00e9es<\/strong>. C&rsquo;est pourquoi il peut malheureusement arriver que nous soyons ferm\u00e9s. Vous trouverez toujours nos <a href=\"\/fr\/#oeffungszeiten-spielzimmer\" title=\"heures d'ouverture actuelles \">heures d&rsquo;ouverture actuelles<\/a> ici sur la page d&rsquo;accueil ou dans la <a href=\"https:\/\/www.google.com\/search?client=firefox-b-d&amp;q=kindercafe+spielzimmer#loh=true\" title=\"description sur Google\" target=\"_blank\" rel=\"noopener\">description sur Google<\/a>. Nous vous remercions de votre compr\u00e9hensio.<\/p><\/div>\n\n<button class=\"accordion\">Quand est-ce qu&rsquo;il n&rsquo;y a pas trop de monde dans le caf\u00e9 pour enfants Spielzimmer ? Quelles sont vos heures de pointe ?<\/button>\n<div class=\"contactinfoarea\">\n<p>L&rsquo;exp\u00e9rience montre qu&rsquo;il y a beaucoup de monde dans la caf\u00e9 pour enfants Spielzimmer en hiver. <strong>En semaine<\/strong>, nous trouvons toujours une place pour vous. Du lundi au vendredi, c&rsquo;est bien s\u00fbr <strong>le matin<\/strong> qui est le plus calme, avant que la plupart des enfants ne sortent de la cr\u00e8che ou de l&rsquo;\u00e9cole. <strong>Le week-end<\/strong>, il y a moins de monde <strong>entre 13h et 14h<\/strong>. Nous nous r\u00e9jouissons de votre visite !<\/p><\/div>\n\n<button class=\"accordion\">Puis-je apporter mes propres plats ?<\/button>\n<div class=\"contactinfoarea\">\n<p>En tant que restaurateurs, <strong>nous vivons de la vente de nos plats et de nos boissons<\/strong>. C&rsquo;est pourquoi nous vous prions de comprendre que nous ne pouvons en principe pas autoriser <strong>l&rsquo;apport de nourriture et de boissons<\/strong>. Nous vous remercions de votre soutien !<\/p><\/div>\n\n<button class=\"accordion\">Est-il possible de r\u00e9server chez Spielzimmer ?<\/button>\n<div class=\"contactinfoarea\">\n<p>Nous ne pouvons malheureusement pas r\u00e9server de tables individuelles. Si vous \u00eates <strong>plus de 10 personnes<\/strong>, nous vous prions de nous en faire la demande au pr\u00e9alable via le <strong>formulaire de contact ou par t\u00e9l\u00e9phone<\/strong>.\nNous vous proposons une <strong>r\u00e9servation<\/strong> dans le cadre d&rsquo;un <a href=\"\/fr\/petit-dejeuner-familial-a-prenzlauer-berg\/\" title=\"petit d\u00e9jeuner familial\">petit d\u00e9jeuner familial<\/a>, d&rsquo;un <a href=\"\/fr\/anniversaires-denfants\/\" title=\"anniversaire d'enfant\">anniversaire d&rsquo;enfant<\/a> ou d&rsquo;un <a href=\"\/fr\/anniversaires-denfants\/#geschlossene-gesellschaft\" title=\"\u00e9v\u00e9nement ferm\u00e9\">\u00e9v\u00e9nement ferm\u00e9<\/a>.<\/p><\/div>\n\n<button class=\"accordion\">Peut-on garer des poussettes dans le caf\u00e9 ?<\/button>\n<div class=\"contactinfoarea\">\n<p>Nous vous demandons de bien vouloir <strong>garer<\/strong> vos poussettes, v\u00e9los, trottinettes et autres <strong>devant le caf\u00e9<\/strong>. Il y a une <strong>raison importante<\/strong> \u00e0 cela : les poussettes bloqueraient les all\u00e9es du caf\u00e9. Les enfants qui jouent et courent dans tous les sens risqueraient de se blesser. Nous souhaitons bien entendu \u00e9viter cela.<\/p>\n\n<p>Depuis la cr\u00e9ation du caf\u00e9 pour enfants Spielzimmer, toutes les poussettes sont rest\u00e9es devant le caf\u00e9. Selon l&rsquo;endroit o\u00f9 vous \u00eates assis dans le caf\u00e9, vous pouvez garder un \u0153il sur votre poussette \u00e0 travers notre fa\u00e7ade vitr\u00e9e. Le cas \u00e9ch\u00e9ant, vous pouvez \u00e9galement attacher la poussette avec un cadenas pour plus de s\u00e9curit\u00e9.<\/p>\n\n<p>Nous souhaitons que le caf\u00e9 pour enfants Spielzimmer soit un endroit agr\u00e9able pour tous les clients, petits et grands, pour profiter et jouer. Nous vous remercions de votre compr\u00e9hension et de votre soutien !<\/p><\/div>\n\n<button class=\"accordion\">Les chiens peuvent-ils venir au caf\u00e9 ?<\/button>\n<div class=\"contactinfoarea\">\n<p>Nous vous demandons de <strong>ne pas amener de chiens<\/strong>. Il y a des <strong>raisons importantes<\/strong> \u00e0 cela : d&rsquo;une part, le s\u00e9jour serait probablement tr\u00e8s stressant pour vos compagnons \u00e0 quatre pattes. Le caf\u00e9 pour enfants est bruyant et anim\u00e9. Il y a beaucoup de gens qui ne sont pas familiers \u00e0 vos chiens.<\/p>\n\n<p>D&rsquo;autre part, il se peut que les clients soient allergiques aux poils de chien. Il se peut aussi que certains invit\u00e9s craignent les chiens. Nous vous demandons donc de ne pas amener vos boules de poils. Nous vous remercions de votre soutien !<\/p><\/div>\n\n<button class=\"accordion\">Puis-je payer par carte de cr\u00e9dit ?<\/button>\n<div class=\"contactinfoarea\">\n<p>Il n&rsquo;est malheureusement <strong>pas possible<\/strong> de payer avec une carte de cr\u00e9dit. Seul un paiement en <strong>esp\u00e8ces<\/strong> est possible.<\/p><\/div>\n<\/div>\n\n\n\n<div class=\"wp-block-group has-custom-kontaktformular-background-color has-background has-global-padding is-layout-constrained wp-block-group-is-layout-constrained\" style=\"padding-top:var(--wp--preset--spacing--30);padding-bottom:var(--wp--preset--spacing--30)\">\n<h2 class=\"wp-block-heading\">Nous Contacter<\/h2>\n\n\n\n<hr class=\"wp-block-separator has-text-color has-custom-trenner-kontakt-color has-alpha-channel-opacity has-custom-trenner-kontakt-background-color has-background is-style-wide\"\/>\n\n\n\n<div class=\"wp-block-contact-form-7-contact-form-selector is-style-wide\">\n<div class=\"wpcf7 no-js\" id=\"wpcf7-f1130-o1\" lang=\"fr-FR\" dir=\"ltr\" data-wpcf7-id=\"1130\">\n<div class=\"screen-reader-response\"><p role=\"status\" aria-live=\"polite\" aria-atomic=\"true\"><\/p> <ul><\/ul><\/div>\n<form action=\"\/fr\/wp-json\/wp\/v2\/pages\/1131#wpcf7-f1130-o1\" method=\"post\" class=\"wpcf7-form init\" aria-label=\"Formulaire de contact\" novalidate=\"novalidate\" data-status=\"init\">\n<fieldset class=\"hidden-fields-container\"><input type=\"hidden\" name=\"_wpcf7\" value=\"1130\" \/><input type=\"hidden\" name=\"_wpcf7_version\" value=\"6.1.5\" \/><input type=\"hidden\" name=\"_wpcf7_locale\" value=\"fr_FR\" \/><input type=\"hidden\" name=\"_wpcf7_unit_tag\" value=\"wpcf7-f1130-o1\" \/><input type=\"hidden\" name=\"_wpcf7_container_post\" value=\"0\" \/><input type=\"hidden\" name=\"_wpcf7_posted_data_hash\" value=\"\" \/>\n<\/fieldset>\n<p>Pr\u00e9nom<br \/>\n<span class=\"wpcf7-form-control-wrap\" data-name=\"firstname\"><input size=\"40\" maxlength=\"400\" class=\"wpcf7-form-control wpcf7-text\" aria-invalid=\"false\" value=\"\" type=\"text\" name=\"firstname\" \/><\/span>\n<\/p>\n<p>Nom de famille<br \/>\n<span class=\"wpcf7-form-control-wrap\" data-name=\"lastname\"><input size=\"40\" maxlength=\"400\" class=\"wpcf7-form-control wpcf7-text\" aria-invalid=\"false\" value=\"\" type=\"text\" name=\"lastname\" \/><\/span><span id=\"wpcf7-69dc7da47ba36-wrapper\" class=\"wpcf7-form-control-wrap first-name-wrap\" style=\"display:none !important; visibility:hidden !important;\"><label for=\"wpcf7-69dc7da47ba36-field\" class=\"hp-message\">Veuillez laisser ce champ vide.<\/label><input id=\"wpcf7-69dc7da47ba36-field\"  class=\"wpcf7-form-control wpcf7-text\" type=\"text\" name=\"first-name\" value=\"\" size=\"40\" tabindex=\"-1\" autocomplete=\"new-password\" \/><\/span><span id=\"wpcf7-69dc7da47ba68-wrapper\" class=\"wpcf7-form-control-wrap last-name-wrap\" style=\"display:none !important; visibility:hidden !important;\"><label for=\"wpcf7-69dc7da47ba68-field\" class=\"hp-message\">Veuillez laisser ce champ vide.<\/label><input id=\"wpcf7-69dc7da47ba68-field\"  class=\"wpcf7-form-control wpcf7-text\" type=\"text\" name=\"last-name\" value=\"\" size=\"40\" tabindex=\"-1\" autocomplete=\"new-password\" \/><\/span>\n<\/p>\n<p>Adresse e-mail*<br \/>\n<span class=\"wpcf7-form-control-wrap\" data-name=\"email\"><input size=\"40\" maxlength=\"400\" class=\"wpcf7-form-control wpcf7-email wpcf7-validates-as-required wpcf7-text wpcf7-validates-as-email\" aria-required=\"true\" aria-invalid=\"false\" value=\"\" type=\"email\" name=\"email\" \/><\/span>\n<\/p>\n<p>T\u00e9l\u00e9phone<br \/>\n<span class=\"wpcf7-form-control-wrap\" data-name=\"phone\"><input size=\"40\" maxlength=\"400\" class=\"wpcf7-form-control wpcf7-tel wpcf7-text wpcf7-validates-as-tel\" aria-invalid=\"false\" value=\"\" type=\"tel\" name=\"phone\" \/><\/span>\n<\/p>\n<p>Sujet*<br \/>\n<span class=\"wpcf7-form-control-wrap\" data-name=\"subject\"><input size=\"40\" maxlength=\"400\" class=\"wpcf7-form-control wpcf7-text wpcf7-validates-as-required\" aria-required=\"true\" aria-invalid=\"false\" value=\"\" type=\"text\" name=\"subject\" \/><\/span>\n<\/p>\n<p>Message<br \/>\n<span class=\"wpcf7-form-control-wrap\" data-name=\"message\"><textarea cols=\"40\" rows=\"10\" maxlength=\"2000\" class=\"wpcf7-form-control wpcf7-textarea\" aria-invalid=\"false\" name=\"message\"><\/textarea><\/span>\n<\/p>\n<p><input class=\"wpcf7-form-control wpcf7-submit has-spinner\" type=\"submit\" value=\"Envoyer\" \/>\n<\/p><div class=\"wpcf7-response-output\" aria-hidden=\"true\"><\/div>\n<\/form>\n<\/div>\n<\/div>\n<\/div>\n\n\n\n<script src=\"https:\/\/ajax.googleapis.com\/ajax\/libs\/jquery\/2.2.4\/jquery.min.js\"><\/script>\n<script>\nvar acc = document.getElementsByClassName(\"accordion\");\nvar i;\nfor (i = 0; i < acc.length; i++) {\n  acc[i].addEventListener(\"click\", function() {\n\n    this.classList.toggle(\"active\");\n    var panel = this.nextElementSibling;\n    if (panel.style.maxHeight){\n      panel.style.maxHeight = null;\n    } else {\n      panel.style.maxHeight = panel.scrollHeight + \"px\";\n    }\n  });\n}\n<\/script>\n","protected":false},"excerpt":{"rendered":"<p>FAQ Quels sont vos horaires d&rsquo;ouverture ? Nous louons \u00e9galement le caf\u00e9 pour enfants \u00e0 des soci\u00e9t\u00e9s priv\u00e9es. C&rsquo;est pourquoi il peut malheureusement arriver que nous soyons ferm\u00e9s. Vous trouverez toujours nos heures d&rsquo;ouverture actuelles ici sur la page d&rsquo;accueil ou dans la description sur Google. Nous vous remercions de votre compr\u00e9hensio. Quand est-ce qu&rsquo;il [&hellip;]<\/p>\n","protected":false},"author":1,"featured_media":0,"parent":0,"menu_order":110,"comment_status":"closed","ping_status":"closed","template":"","meta":{"_acf_changed":false,"footnotes":""},"class_list":["post-1131","page","type-page","status-publish","hentry"],"acf":[],"_links":{"self":[{"href":"https:\/\/spielzimmer.berlin\/fr\/wp-json\/wp\/v2\/pages\/1131","targetHints":{"allow":["GET"]}}],"collection":[{"href":"https:\/\/spielzimmer.berlin\/fr\/wp-json\/wp\/v2\/pages"}],"about":[{"href":"https:\/\/spielzimmer.berlin\/fr\/wp-json\/wp\/v2\/types\/page"}],"author":[{"embeddable":true,"href":"https:\/\/spielzimmer.berlin\/fr\/wp-json\/wp\/v2\/users\/1"}],"replies":[{"embeddable":true,"href":"https:\/\/spielzimmer.berlin\/fr\/wp-json\/wp\/v2\/comments?post=1131"}],"version-history":[{"count":7,"href":"https:\/\/spielzimmer.berlin\/fr\/wp-json\/wp\/v2\/pages\/1131\/revisions"}],"predecessor-version":[{"id":5287,"href":"https:\/\/spielzimmer.berlin\/fr\/wp-json\/wp\/v2\/pages\/1131\/revisions\/5287"}],"wp:attachment":[{"href":"https:\/\/spielzimmer.berlin\/fr\/wp-json\/wp\/v2\/media?parent=1131"}],"curies":[{"name":"wp","href":"https:\/\/api.w.org\/{rel}","templated":true}]}}