{"id":1300,"date":"2022-12-02T17:56:40","date_gmt":"2022-12-02T16:56:40","guid":{"rendered":"https:\/\/spielzimmer.berlin\/familienfeiern-kinder-berliner-eltern-kind-cafe\/"},"modified":"2024-09-01T19:25:10","modified_gmt":"2024-09-01T17:25:10","slug":"festeggiare-famiglia-family-cafe-berlino","status":"publish","type":"page","link":"https:\/\/spielzimmer.berlin\/it\/festeggiare-famiglia-family-cafe-berlino\/","title":{"rendered":"Festeggiare in famiglia con i bambini nel Family Caf\u00e9 di Berlino"},"content":{"rendered":"\n<figure class=\"wp-block-image aligncenter size-full\"><img loading=\"lazy\" decoding=\"async\" width=\"1263\" height=\"455\" src=\"https:\/\/spielzimmer.berlin\/wp-content\/uploads\/2022\/11\/kindercafe-spielzimmer-fruehstueck.jpg\" alt=\"Festeggiare in famiglia con i bambini nel Family Caf\u00e9 di Berlino\" class=\"wp-image-153\" srcset=\"https:\/\/spielzimmer.berlin\/wp-content\/uploads\/2022\/11\/kindercafe-spielzimmer-fruehstueck.jpg 1263w, https:\/\/spielzimmer.berlin\/wp-content\/uploads\/2022\/11\/kindercafe-spielzimmer-fruehstueck-300x108.jpg 300w, https:\/\/spielzimmer.berlin\/wp-content\/uploads\/2022\/11\/kindercafe-spielzimmer-fruehstueck-1024x369.jpg 1024w, https:\/\/spielzimmer.berlin\/wp-content\/uploads\/2022\/11\/kindercafe-spielzimmer-fruehstueck-768x277.jpg 768w\" sizes=\"auto, (max-width: 1263px) 100vw, 1263px\" \/><\/figure>\n\n\n\n<p>Il <a href=\"https:\/\/spielzimmer.berlin\/it\/\" data-type=\"page\" data-id=\"1312\">Family Caf\u00e9 Spielzimmer<\/a> \u00e8 una splendida <strong>location per feste di famiglia con bambini a Berlino.<\/strong> Siamo a completa disposizione per garantire che i festeggiamenti con tutta la famiglia siano un momento speciale per grandi e piccini.<\/p>\n\n\n\n<p>Per chi lo desidera, \u00e8 possibile <strong>prenotare l&#8217;intero Family caf\u00e9 solo per le proprie feste in famiglia con bambini.<\/strong> Il personale di servizio provveder\u00e0 a fornire il proprio supporto per 3 ore e mezza o 8 ore. \u00c8 possibile usufruire degli addobbi festosi e, a piacere, del proprio catering personale. I bambini possono scatenarsi indisturbati, senza estranei, nel<strong> parco giochi al coperto<\/strong> o nell&#8217;<strong> area riservata ai pi\u00f9 piccoli<\/strong>. Un altro grande vantaggio consiste nel fatto che ci occuperemo noi di tutti i compiti pi\u00f9 noiosi come riordinare, pulire e lavare i piatti.<\/p>\n\n\n\n<p>Festeggia in allegria con i bambini <strong>in Helmholtzplatz a Berlino Prenzlauer Berg.<\/strong> Oltre alla classica festa di compleanno per bambini con la mitica torta, accogliamo con piacere altre idee per i party.<\/p>\n\n\n\n<p><code><\/code><\/p>\n\n\n\n<p><code><\/code><\/p>\n\n\n\n<div class=\"wp-block-group has-border-color has-custom-rahmen-border-color has-custom-bookly-boxen-background-color has-background has-global-padding is-layout-constrained wp-block-group-is-layout-constrained\" style=\"border-width:2px;padding-top:var(--wp--preset--spacing--30);padding-bottom:var(--wp--preset--spacing--30)\">\n<h2 class=\"wp-block-heading\">Prenota ora il Family caf\u00e9 Spielzimmer!<\/h2>\n\n\n\n<hr class=\"wp-block-separator has-text-color has-vivid-cyan-blue-color has-alpha-channel-opacity has-vivid-cyan-blue-background-color has-background is-style-wide\"\/>\n\n\n\n<div class=\"wp-block-bookly-form\"><!--\nPlugin Name: Bookly - Responsive WordPress Appointment Booking and Scheduling Plugin\nPlugin URI: https:\/\/www.booking-wp-plugin.com\/?utm_source=bookly_admin&utm_medium=plugins_page&utm_campaign=plugins_page\nVersion: 27.2-->\n<style type=\"text\/css\">\n    :root {\n        --bookly-main-color: #ff6f96 !important;\n        --bookly-color: #ff6f96 !important;\n    }\n\n        .active{\nbackground-color: unset !important;\npadding: unset !important;\nfont-size: unset !important;\n}\n.bookly-form select{\n  background-color: #ebeaea;\n}\n.bookly-form-group input{\n  background-color: #dcdcdc;\n}\n.bookly-form-group textarea{\n  background-color: #dcdcdc;\n}\n\n\/* Basis: Label als Karten + Bildfl\u00e4che *\/\n.bookly-form input[name=\"bookly-js-custom-field-99434-2\"] + span, .bookly-form input[name=\"bookly-js-custom-field-99434-3\"] + span, .bookly-form input[name=\"bookly-js-custom-field-99434-12\"] + span {\n  display: flex;\n  flex-direction: column-reverse; \/* Text oben, Bild unten *\/\n  align-items: flex-start;        \/* Inhalte links ausrichten *\/\n  text-align: left;               \/* Text linksb\u00fcndig *\/\n  gap: 10px;\n  padding: 8px 12px;\n  margin: 6px;\n  cursor: pointer;\n}\n\n\/* Bildfl\u00e4che davor *\/\n.bookly-form input[name=\"bookly-js-custom-field-99434-2\"] + span::before, .bookly-form input[name=\"bookly-js-custom-field-99434-3\"] + span::before, .bookly-form input[name=\"bookly-js-custom-field-99434-12\"] + span::before {\n  content: \"\";\n  display: block;\n  width: 150px;\n  height: 150px;\n  background-size: cover;\n  background-position: center;\n  border-radius: 8px;\n}\n\n\/* Bild f\u00fcr Obstteller *\/\n.bookly-form input[name=\"bookly-js-custom-field-99434-2\"][value=\"Obstteller\"] + span::before, .bookly-form input[name=\"bookly-js-custom-field-99434-3\"][value=\"Obstteller\"] + span::before, .bookly-form input[name=\"bookly-js-custom-field-99434-12\"][value=\"Obstteller\"] + span::before {\n  background-image: url('\/wp-content\/uploads\/2025\/08\/geburtstag-obstteller.png');\n}\n\n\/* Bild f\u00fcr Gem\u00fcseteller *\/\n.bookly-form input[name=\"bookly-js-custom-field-99434-2\"][value*=\"Gem\u00fcseteller\"] + span::before, .bookly-form input[name=\"bookly-js-custom-field-99434-3\"][value*=\"Gem\u00fcseteller\"] + span::before, .bookly-form input[name=\"bookly-js-custom-field-99434-12\"][value*=\"Gem\u00fcseteller\"] + span::before {\n  background-image: url('\/wp-content\/uploads\/2025\/08\/geburtstag-gemueseteller.png');\n}\n\n\/* Aktive Auswahl hervorheben *\/\n.bookly-form input[name=\"bookly-js-custom-field-99434-2\"]:checked + span, .bookly-form input[name=\"bookly-js-custom-field-99434-3\"]:checked + span, .bookly-form input[name=\"bookly-js-custom-field-99434-12\"]:checked + span {\n  outline: 2px solid #111;\n  outline-offset: 2px;\n}\n@media (max-width: 480px) {\n  .bookly-form input[name=\"bookly-js-custom-field-99434-2\"] + span::before, .bookly-form input[name=\"bookly-js-custom-field-99434-3\"] + span::before, .bookly-form input[name=\"bookly-js-custom-field-99434-12\"] + span::before {\n    width: 100px;\n    height: 100px;\n  }\n}\n\n\n\n\/* Basis: Label als Karten + Bildfl\u00e4che (Gruppe Geburtstagskuchen) *\/\n.bookly-form input[name=\"bookly-js-custom-field-55363-1\"] + span, .bookly-form input[name=\"bookly-js-custom-field-55363-2\"] + span, .bookly-form input[name=\"bookly-js-custom-field-55363-3\"] + span, .bookly-form input[name=\"bookly-js-custom-field-55363-4\"] + span,\n.bookly-form input[name=\"bookly-js-custom-field-55363-11\"] + span, .bookly-form input[name=\"bookly-js-custom-field-55363-12\"] + span {\n  display: flex;\n  flex-direction: column-reverse; \/* Text oben, Bild unten *\/\n  align-items: flex-start;        \/* Inhalte links ausrichten *\/\n  text-align: left;               \/* Text linksb\u00fcndig *\/\n  gap: 10px;\n  padding: 8px 12px;\n  margin: 6px;\n  cursor: pointer;\n}\n\n\/* Bildfl\u00e4che davor *\/\n.bookly-form input[name=\"bookly-js-custom-field-55363-1\"] + span::before, .bookly-form input[name=\"bookly-js-custom-field-55363-2\"] + span::before, .bookly-form input[name=\"bookly-js-custom-field-55363-3\"] + span::before, .bookly-form input[name=\"bookly-js-custom-field-55363-4\"] + span::before, .bookly-form input[name=\"bookly-js-custom-field-55363-11\"] + span::before, .bookly-form input[name=\"bookly-js-custom-field-55363-12\"] + span::before {\n  content: \"\";\n  display: block;\n  width: 150px;\n  height: 150px;\n  background-size: cover;\n  background-position: center;\n  border-radius: 8px;\n}\n\n\/* Papagei-Kuchen *\/\n.bookly-form input[name=\"bookly-js-custom-field-55363-1\"][value*=\"Papagei-Kuchen\"] + span::before, .bookly-form input[name=\"bookly-js-custom-field-55363-2\"][value*=\"Papagei-Kuchen\"] + span::before, .bookly-form input[name=\"bookly-js-custom-field-55363-3\"][value*=\"Papagei-Kuchen\"] + span::before, .bookly-form input[name=\"bookly-js-custom-field-55363-4\"][value*=\"Papagei-Kuchen\"] + span::before, .bookly-form input[name=\"bookly-js-custom-field-55363-11\"][value*=\"Papagei-Kuchen\"] + span::before, .bookly-form input[name=\"bookly-js-custom-field-55363-12\"][value*=\"Papagei-Kuchen\"] + span::before {\n  background-image: url('\/wp-content\/uploads\/2025\/08\/geburtstag-papageikuchen.png');\n}\n\n\/* Marmorkuchen *\/\n.bookly-form input[name=\"bookly-js-custom-field-55363-1\"][value*=\"Marmorkuchen\"] + span::before, .bookly-form input[name=\"bookly-js-custom-field-55363-2\"][value*=\"Marmorkuchen\"] + span::before, .bookly-form input[name=\"bookly-js-custom-field-55363-3\"][value*=\"Marmorkuchen\"] + span::before, .bookly-form input[name=\"bookly-js-custom-field-55363-4\"][value*=\"Marmorkuchen\"] + span::before, .bookly-form input[name=\"bookly-js-custom-field-55363-11\"][value*=\"Marmorkuchen\"] + span::before, .bookly-form input[name=\"bookly-js-custom-field-55363-12\"][value*=\"Marmorkuchen\"] + span::before {\n  background-image: url('\/wp-content\/uploads\/2025\/08\/geburtstag-marmorkuchen.png');\n}\n\n\/* Belgische Waffeln *\/\n.bookly-form input[name=\"bookly-js-custom-field-55363-1\"][value*=\"Belgische Waffeln\"] + span::before, .bookly-form input[name=\"bookly-js-custom-field-55363-2\"][value*=\"Belgische Waffeln\"] + span::before, .bookly-form input[name=\"bookly-js-custom-field-55363-3\"][value*=\"Belgische Waffeln\"] + span::before, .bookly-form input[name=\"bookly-js-custom-field-55363-4\"][value*=\"Belgische Waffeln\"] + span::before, .bookly-form input[name=\"bookly-js-custom-field-55363-11\"][value*=\"Belgische Waffeln\"] + span::before, .bookly-form input[name=\"bookly-js-custom-field-55363-12\"][value*=\"Belgische Waffeln\"] + span::before {\n  background-image: url('\/wp-content\/uploads\/2025\/08\/geburtstag-belgische-waffeln.png');\n}\n\n\/* Zitronenkuchen *\/\n.bookly-form input[name=\"bookly-js-custom-field-55363-1\"][value*=\"Zitronenkuchen\"] + span::before, .bookly-form input[name=\"bookly-js-custom-field-55363-2\"][value*=\"Zitronenkuchen\"] + span::before, .bookly-form input[name=\"bookly-js-custom-field-55363-3\"][value*=\"Zitronenkuchen\"] + span::before, .bookly-form input[name=\"bookly-js-custom-field-55363-4\"][value*=\"Zitronenkuchen\"] + span::before, .bookly-form input[name=\"bookly-js-custom-field-55363-11\"][value*=\"Zitronenkuchen\"] + span::before, .bookly-form input[name=\"bookly-js-custom-field-55363-12\"][value*=\"Zitronenkuchen\"] + span::before {\n  background-image: url('\/wp-content\/uploads\/2025\/08\/geburtstag-zitronenkuchen.png');\n}\n\n\/* Aktive Auswahl hervorheben *\/\n.bookly-form input[name=\"bookly-js-custom-field-55363-1\"]:checked + span, .bookly-form input[name=\"bookly-js-custom-field-55363-2\"]:checked + span, .bookly-form input[name=\"bookly-js-custom-field-55363-3\"]:checked + span, .bookly-form input[name=\"bookly-js-custom-field-55363-4\"]:checked + span, .bookly-form input[name=\"bookly-js-custom-field-55363-11\"]:checked + span, .bookly-form input[name=\"bookly-js-custom-field-55363-12\"]:checked + span {\n  outline: 2px solid #111;\n  outline-offset: 2px;\n}\n\n\/* Responsive: kleinere Bilder am Handy *\/\n@media (max-width: 480px){\n  .bookly-form input[name=\"bookly-js-custom-field-55363-1\"] + span::before,  .bookly-form input[name=\"bookly-js-custom-field-55363-2\"] + span::before,  .bookly-form input[name=\"bookly-js-custom-field-55363-3\"] + span::before,  .bookly-form input[name=\"bookly-js-custom-field-55363-4\"] + span::before,  .bookly-form input[name=\"bookly-js-custom-field-55363-11\"] + span::before,  .bookly-form input[name=\"bookly-js-custom-field-55363-12\"] + span::before {\n    width: 100px;\n    height: 100px;\n  }\n}\n\n\n\n\n\/* Basis: Label als Karten + Bildfl\u00e4che (Gruppe Essen im Geburtstagspaket) *\/\n.bookly-form input[name=\"bookly-js-custom-field-32463-3\"] + span {\n  display: flex;\n  flex-direction: column-reverse; \/* Text oben, Bild unten *\/\n  align-items: flex-start;        \/* Inhalte links ausrichten *\/\n  text-align: left;               \/* Text linksb\u00fcndig *\/\n  gap: 10px;\n  padding: 8px 12px;\n  margin: 6px;\n  cursor: pointer;\n}\n\n\/* Bildfl\u00e4che davor *\/\n.bookly-form input[name=\"bookly-js-custom-field-32463-3\"] + span::before {\n  content: \"\";\n  display: block;\n  width: 150px;\n  height: 150px;\n  background-size: cover;\n  background-position: center;\n  border-radius: 8px;\n}\n\n\/* Gefl\u00fcgel-HotDogs *\/\n.bookly-form input[name=\"bookly-js-custom-field-32463-3\"][value*=\"Gefl\u00fcgel-HotDogs\"] + span::before {\n  background-image: url('\/wp-content\/uploads\/2025\/08\/gefluegel-hotdogs.png');\n}\n\n\/* Gefl\u00fcgel-Wiener mit Toastecken *\/\n.bookly-form input[name=\"bookly-js-custom-field-32463-3\"][value*=\"Gefl\u00fcgel-Wiener mit Toastecken\"] + span::before {\n  background-image: url('\/wp-content\/uploads\/2025\/08\/gefluegel-wiener-mit-toastecken.png');\n}\n\n\/* Nudeln mit Tomatensauce *\/\n.bookly-form input[name=\"bookly-js-custom-field-32463-3\"][value*=\"Nudeln mit Tomatensauce\"] + span::before {\n  background-image: url('\/wp-content\/uploads\/2025\/08\/nudeln-mit-tomatensauce.png');\n}\n\n\/* Aktive Auswahl hervorheben *\/\n.bookly-form input[name=\"bookly-js-custom-field-32463-3\"]:checked + span {\n  outline: 2px solid #111;\n  outline-offset: 2px;\n}\n\n\/* Responsive: kleinere Bilder am Handy *\/\n@media (max-width: 480px){\n  .bookly-form input[name=\"bookly-js-custom-field-32463-3\"] + span::before {\n    width: 100px;\n    height: 100px;\n  }\n}\n\n.bookly-form label {\n  display: flex;\n  align-items: center;\n  gap: 12px;\n}\n\n.bookly-form label span {\n  display: flex;\n  flex-direction: column-reverse;\n  align-items: center;\n}    <\/style><div class=\"bookly-css-root\">\n    <div id=\"bookly-form-container-69d0d1ea2661b\" class=\"bookly-form\" data-form_id=\"\" aria-live=\"polite\">\n        <div style=\"text-align: center\"><img decoding=\"async\" src=\"https:\/\/spielzimmer.berlin\/wp-includes\/js\/tinymce\/skins\/lightgray\/img\/loader.gif\" alt=\"Caricamento in corso\u2026\"\/><\/div>\n    <\/div>\n<\/div>\n<script type=\"text\/javascript\">\n    (function (win, fn) {\n        var done = false, top = true,\n            doc = win.document,\n            root = doc.documentElement,\n            modern = doc.addEventListener,\n            add = modern ? 'addEventListener' : 'attachEvent',\n            rem = modern ? 'removeEventListener' : 'detachEvent',\n            pre = modern ? '' : 'on',\n            init = function (e) {\n                if (e.type == 'readystatechange') if (doc.readyState != 'complete') return;\n                (e.type == 'load' ? win : doc)[rem](pre + e.type, init, false);\n                if (!done) {\n                    done = true;\n                    fn.call(win, e.type || e);\n                }\n            },\n            poll = function () {\n                try {\n                    root.doScroll('left');\n                } catch (e) {\n                    setTimeout(poll, 50);\n                    return;\n                }\n                init('poll');\n            };\n        if (doc.readyState == 'complete') fn.call(win, 'lazy');\n        else {\n            if (!modern) if (root.doScroll) {\n                try {\n                    top = !win.frameElement;\n                } catch (e) {\n                }\n                if (top) poll();\n            }\n            doc[add](pre + 'DOMContentLoaded', init, false);\n            doc[add](pre + 'readystatechange', init, false);\n            win[add](pre + 'load', init, false);\n        }\n    })(window, function () {\n        window.bookly( {\"form_id\":\"69d0d1ea2661b\",\"form_data\":{\"skip_service_step\":0,\"hide_service_part1\":0,\"hide_service_part2\":1,\"defaults\":{\"service_id\":0,\"staff_id\":0,\"location_id\":0,\"category_id\":13,\"units\":0,\"date_from\":0,\"time_from\":0,\"time_to\":0}},\"status\":{\"booking\":\"new\"},\"form_token\":null,\"skip_steps\":{\"service_part1\":0,\"service_part2\":1,\"extras\":0,\"time\":0,\"repeat\":1,\"cart\":1},\"errors\":{\"session_error\":\"Errore di sessione.\",\"form_id_error\":\"Errore ID modulo.\",\"cart_item_not_available\":\"Die eingestellte Zeit ist nicht mehr vorhanden. Bitte w\\u00e4hlen Sie ein anderes Zeitfenster\\n.\",\"pay_locally_not_available\":\"Pagamento in loco non \\u00e8 disponibile.\",\"invalid_gateway\":\"Gateway non valido.\",\"payment_error\":\"Errore.\",\"incorrect_username_password\":\"Nome utente o password non corrette.\"},\"form_attributes\":{\"hide_categories\":true,\"hide_services\":true,\"hide_staff_members\":true,\"show_number_of_persons\":false,\"hide_service_duration\":true,\"hide_locations\":true,\"hide_quantity\":true,\"hide_date\":true,\"hide_week_days\":true,\"hide_time_range\":true,\"const_category_id\":13},\"use_client_time_zone\":0,\"defaults\":{\"service_id\":0,\"staff_id\":0,\"location_id\":0,\"category_id\":13},\"datepicker_mode\":\"text-accent\",\"facebook\":{\"enabled\":0,\"appId\":\"\"},\"step_extras\":\"after_step_time\"} );\n    });\n<\/script><\/div>\n<\/div>\n\n\n\n<p><code><\/code><\/p>\n\n\n\n<h2 class=\"wp-block-heading\">Festeggia lieti eventi e giorni di festa con i bambini<\/h2>\n\n\n\n<p>Festeggiamo con te, se vuoi, tutto l&#8217;anno. Che ne dici, ad esempio, delle seguenti <strong>feste di famiglia?<\/strong><\/p>\n\n\n\n<ul class=\"wp-block-list\">\n<li>Apri l&#8217;anno con noi insieme ai tuoi cari per <strong>celebrare Capodanno<\/strong> in modo piacevole, gustoso e giocoso con una <a href=\"https:\/\/spielzimmer.berlin\/it\/colazione-prenzlauer-berg\/\" data-type=\"page\" data-id=\"1296\">colazione in famiglia<\/a>.<\/li>\n\n\n\n<li><strong>Le feste di carnevale<\/strong> dei bambini sono coloratissime. Che sia il luned\u00ec grasso o il <strong>mercoled\u00ec delle ceneri<\/strong>, i bambini mascherati si divertono un mondo nel nostro parco giochi al coperto.<\/li>\n\n\n\n<li>Le <strong>feste di Pasqua con i bambini<\/strong> nel nostro <strong>Family caf\u00e9 di Berlino profumano di primavera<\/strong>. Dopo la passeggiata pasquale o la caccia alle uova, prenota da noi un party come <a href=\"https:\/\/spielzimmer.berlin\/it\/compleanni-dei-bambini\/#geschlossene-gesellschaft\" data-type=\"page\" data-id=\"1292\">festa privata<\/a>. Puoi anche tornare da noi a Pentecoste, il 50\u00b0 giorno di Pasqua.<\/li>\n\n\n\n<li>La <strong>festa di Halloween con bambini<\/strong> \u00e8 terribilmente bella. Che si tratti di un mago, una strega, un fantasma o un piccolo vampiro, i bambini festeggiano a loro piacimento nell&#8217;unico parco giochi al coperto di Berlino Prenzlauer Berg.<\/li>\n\n\n\n<li>Puoi anche celebrare il <strong>Natale<\/strong>, la festa della bont\u00e0, con un massimo di 50 persone: goditi le scintillanti decorazioni natalizie e un&#8217;atmosfera intimista.<\/li>\n\n\n\n<li>Ti chiedi dove potresti festeggiare il <strong>Capodanno con i bambini<\/strong> a Berlino? Da noi, allo Spielzimmer! Delizia il palato con gustosi spuntini insieme ai tuoi cari, mentre l&#8217;anno volge al termine, in un&#8217;atmosfera intima.<\/li>\n<\/ul>\n\n\n\n<div class=\"wp-block-group is-layout-flow wp-block-group-is-layout-flow\">\n<h3 class=\"wp-block-heading\">Celebra le feste di famiglia con i bambini come party privati a Berlino<\/h3>\n\n\n\n<p>Ci sono tante altre fantastiche idee per le feste con i bambini! Lasciati ispirare dai nostri suggerimenti per altre feste di famiglia:<\/p>\n\n\n\n<ul class=\"wp-block-list\">\n<li>L&#8217;<strong>iscrizione a scuola<\/strong> \u00e8 uno dei momenti pi\u00f9 importanti nella vita di un bambino. I piccoli alunni delle scuole elementari hanno tante possibilit\u00e0 e soprattutto spazio per scatenarsi.<\/li>\n\n\n\n<li>Il miracolo della nascita deve essere celebrato: saremo ben lieti di organizzare un <strong>Babyparty\/Babyshower<\/strong>. Grazie alle numerose possibilit\u00e0 di gioco, tutti i fratelli maggiori si divertono molto.<\/li>\n\n\n\n<li>A una <a href=\"https:\/\/spielzimmer.berlin\/it\/feste-aziendali-bambini-berlin-prenzlauer-berg\/\" data-type=\"page\" data-id=\"1304\">festa aziendale<\/a> con i bambini nel nostro Family caf\u00e9, i piccoli saranno meravigliosamente impegnati. I pi\u00f9 piccoli giocano mentre i grandi ripercorrono i loro successi aziendali.<\/li>\n<\/ul>\n<\/div>\n\n\n\n<div class=\"wp-block-group has-custom-kontaktformular-background-color has-background is-layout-flow wp-container-core-group-is-layout-a8d3fa09 wp-block-group-is-layout-flow\" style=\"padding-top:var(--wp--preset--spacing--30);padding-right:var(--wp--preset--spacing--30);padding-bottom:var(--wp--preset--spacing--30);padding-left:var(--wp--preset--spacing--30)\">\n<p>Intendi festeggiare con i bambini una ricorrenza totalmente diversa nel Family caf\u00e9 Spielzimmer? Non esitare a contattarci. Siamo lieti di realizzare le tue idee per le feste!<\/p>\n\n\n\n<hr class=\"wp-block-separator has-text-color has-luminous-vivid-amber-color has-alpha-channel-opacity has-luminous-vivid-amber-background-color has-background is-style-wide\" style=\"margin-top:var(--wp--preset--spacing--30)\"\/>\n\n\n\n<div class=\"wp-block-contact-form-7-contact-form-selector\">\n<div class=\"wpcf7 no-js\" id=\"wpcf7-f1358-o1\" lang=\"it-IT\" dir=\"ltr\" data-wpcf7-id=\"1358\">\n<div class=\"screen-reader-response\"><p role=\"status\" aria-live=\"polite\" aria-atomic=\"true\"><\/p> <ul><\/ul><\/div>\n<form action=\"\/it\/wp-json\/wp\/v2\/pages\/1300#wpcf7-f1358-o1\" method=\"post\" class=\"wpcf7-form init\" aria-label=\"Modulo di contatto\" novalidate=\"novalidate\" data-status=\"init\">\n<fieldset class=\"hidden-fields-container\"><input type=\"hidden\" name=\"_wpcf7\" value=\"1358\" \/><input type=\"hidden\" name=\"_wpcf7_version\" value=\"6.1.5\" \/><input type=\"hidden\" name=\"_wpcf7_locale\" value=\"it_IT\" \/><input type=\"hidden\" name=\"_wpcf7_unit_tag\" value=\"wpcf7-f1358-o1\" \/><input type=\"hidden\" name=\"_wpcf7_container_post\" value=\"0\" \/><input type=\"hidden\" name=\"_wpcf7_posted_data_hash\" value=\"\" \/>\n<\/fieldset>\n<p>Nome<br \/>\n<span class=\"wpcf7-form-control-wrap\" data-name=\"firstname\"><input size=\"40\" maxlength=\"400\" class=\"wpcf7-form-control wpcf7-text\" aria-invalid=\"false\" value=\"\" type=\"text\" name=\"firstname\" \/><\/span>\n<\/p>\n<p>Cognome<br \/>\n<span class=\"wpcf7-form-control-wrap\" data-name=\"lastname\"><input size=\"40\" maxlength=\"400\" class=\"wpcf7-form-control wpcf7-text\" aria-invalid=\"false\" value=\"\" type=\"text\" name=\"lastname\" \/><\/span><span id=\"wpcf7-69d0d1ea271bc-wrapper\" class=\"wpcf7-form-control-wrap first-name-wrap\" style=\"display:none !important; visibility:hidden !important;\"><label for=\"wpcf7-69d0d1ea271bc-field\" class=\"hp-message\">Si prega di lasciare vuoto questo campo.<\/label><input id=\"wpcf7-69d0d1ea271bc-field\"  class=\"wpcf7-form-control wpcf7-text\" type=\"text\" name=\"first-name\" value=\"\" size=\"40\" tabindex=\"-1\" autocomplete=\"new-password\" \/><\/span><span id=\"wpcf7-69d0d1ea271f2-wrapper\" class=\"wpcf7-form-control-wrap last-name-wrap\" style=\"display:none !important; visibility:hidden !important;\"><label for=\"wpcf7-69d0d1ea271f2-field\" class=\"hp-message\">Si prega di lasciare vuoto questo campo.<\/label><input id=\"wpcf7-69d0d1ea271f2-field\"  class=\"wpcf7-form-control wpcf7-text\" type=\"text\" name=\"last-name\" value=\"\" size=\"40\" tabindex=\"-1\" autocomplete=\"new-password\" \/><\/span>\n<\/p>\n<p>Indirizzo e-mail*<br \/>\n<span class=\"wpcf7-form-control-wrap\" data-name=\"email\"><input size=\"40\" maxlength=\"400\" class=\"wpcf7-form-control wpcf7-email wpcf7-validates-as-required wpcf7-text wpcf7-validates-as-email\" aria-required=\"true\" aria-invalid=\"false\" value=\"\" type=\"email\" name=\"email\" \/><\/span>\n<\/p>\n<p>Telefono<br \/>\n<span class=\"wpcf7-form-control-wrap\" data-name=\"phone\"><input size=\"40\" maxlength=\"400\" class=\"wpcf7-form-control wpcf7-tel wpcf7-text wpcf7-validates-as-tel\" aria-invalid=\"false\" value=\"\" type=\"tel\" name=\"phone\" \/><\/span>\n<\/p>\n<p>Soggetto*<br \/>\n<span class=\"wpcf7-form-control-wrap\" data-name=\"subject\"><input size=\"40\" maxlength=\"400\" class=\"wpcf7-form-control wpcf7-text wpcf7-validates-as-required\" aria-required=\"true\" aria-invalid=\"false\" value=\"\" type=\"text\" name=\"subject\" \/><\/span>\n<\/p>\n<p>Messaggio<br \/>\n<span class=\"wpcf7-form-control-wrap\" data-name=\"message\"><textarea cols=\"40\" rows=\"10\" maxlength=\"2000\" class=\"wpcf7-form-control wpcf7-textarea\" aria-invalid=\"false\" name=\"message\"><\/textarea><\/span>\n<\/p>\n<p><input class=\"wpcf7-form-control wpcf7-submit has-spinner\" type=\"submit\" value=\"Invia\" \/>\n<\/p><div class=\"wpcf7-response-output\" aria-hidden=\"true\"><\/div>\n<\/form>\n<\/div>\n<\/div>\n<\/div>\n","protected":false},"excerpt":{"rendered":"<p>Il Family Caf\u00e9 Spielzimmer \u00e8 una splendida location per feste di famiglia con bambini a Berlino. Siamo a completa disposizione per garantire che i festeggiamenti con tutta la famiglia siano un momento speciale per grandi e piccini. Per chi lo desidera, \u00e8 possibile prenotare l&#8217;intero Family caf\u00e9 solo per le proprie feste in famiglia con [&hellip;]<\/p>\n","protected":false},"author":1,"featured_media":0,"parent":0,"menu_order":80,"comment_status":"closed","ping_status":"closed","template":"","meta":{"_acf_changed":false,"footnotes":""},"class_list":["post-1300","page","type-page","status-publish","hentry"],"acf":[],"_links":{"self":[{"href":"https:\/\/spielzimmer.berlin\/it\/wp-json\/wp\/v2\/pages\/1300","targetHints":{"allow":["GET"]}}],"collection":[{"href":"https:\/\/spielzimmer.berlin\/it\/wp-json\/wp\/v2\/pages"}],"about":[{"href":"https:\/\/spielzimmer.berlin\/it\/wp-json\/wp\/v2\/types\/page"}],"author":[{"embeddable":true,"href":"https:\/\/spielzimmer.berlin\/it\/wp-json\/wp\/v2\/users\/1"}],"replies":[{"embeddable":true,"href":"https:\/\/spielzimmer.berlin\/it\/wp-json\/wp\/v2\/comments?post=1300"}],"version-history":[{"count":4,"href":"https:\/\/spielzimmer.berlin\/it\/wp-json\/wp\/v2\/pages\/1300\/revisions"}],"predecessor-version":[{"id":5373,"href":"https:\/\/spielzimmer.berlin\/it\/wp-json\/wp\/v2\/pages\/1300\/revisions\/5373"}],"wp:attachment":[{"href":"https:\/\/spielzimmer.berlin\/it\/wp-json\/wp\/v2\/media?parent=1300"}],"curies":[{"name":"wp","href":"https:\/\/api.w.org\/{rel}","templated":true}]}}