{"id":1335,"date":"2022-11-29T12:08:49","date_gmt":"2022-11-29T11:08:49","guid":{"rendered":"https:\/\/spielzimmer.berlin\/datenschutzerklaerung\/"},"modified":"2022-12-30T11:00:29","modified_gmt":"2022-12-30T10:00:29","slug":"dichiarazione-sulla-tutela-dei-dati","status":"publish","type":"page","link":"https:\/\/spielzimmer.berlin\/it\/dichiarazione-sulla-tutela-dei-dati\/","title":{"rendered":"Dichiarazione sulla tutela dei dati"},"content":{"rendered":"\n<p>Purch\u00e9 non diversamente indicato successivamente, la messa a disposizione dei suoi dati personali non \u00e8 prescritta n\u00e9 dalla legge, n\u00e9 contrattualmente, n\u00e9 \u00e8 necessaria al momento della stipula del contratto. Non \u00e8 tenuto\/a a mettere a disposizione i suoi dati. La non concessione dei dati non ha alcuna conseguenza. Ci\u00f2 vale solo purch\u00e9, nell\u2019ambito dei successivi processi di elaborazione non vengano fornite indicazioni divergenti.<\/p>\n\n\n\n<p>I \u201cdati personali\u201d sono tutte quelle informazioni che si riferiscono a una persona fisica identificata o identificabile.<\/p>\n\n\n\n<h4 class=\"wp-block-heading\"><strong><strong>File di log del server<\/strong><\/strong><\/h4>\n\n\n\n<p>Potete visitare le nostre pagine web senza dover fornire dati sulla vostra persona.&nbsp;<\/p>\n\n\n\n<p>A ogni accesso al nostro sito web, a noi oppure al nostro host web \/ fornitore di servizi IT vengono trasmessi dal vostro browser internet i dati di accesso e salvati sotto forma di dati di protocollo (cosiddetti file di log del server). Di questi dati salvati fanno parte per es. il nome della pagina richiamata, la data e l\u2019orario del richiamo, l\u2019indirizzo IP, la quantit\u00e0 di dati trasmessa e il provider richiedente. L&#8217;elaborazione avviene sulla base dell&#8217;art. 6 lettera f del RGPD per il legittimo interesse di garantire un funzionamento privo di guasti del nostro sito web nonch\u00e9 per il miglioramento della nostra offerta.<\/p>\n\n\n\n<h4 class=\"wp-block-heading\"><em><strong><em><strong>Contatto<\/strong><\/em><\/strong><\/em><\/h4>\n\n\n\n<p><strong><strong>Responsabile<\/strong><\/strong><br>Se lo desidera, pu\u00f2 contattarci.&nbsp;Responsabile per il trattamento dei dati:&nbsp;Kindercaf\u00e9 Spielzimmer,&nbsp;Schliemannstra\u00dfe 37,&nbsp;10437&nbsp;Berlin&nbsp;Deutschland,&nbsp;+49 (0)30 44037635,&nbsp;kontakt@spielzimmer.berlin<\/p>\n\n\n\n<p><strong><strong>Presa di contatto iniziale del cliente tramite e-mail<\/strong><\/strong><br>Se entrate in contatto commerciale con noi inizialmente tramite e-mail, rileviamo i vostri dati (nome, indirizzo e-mail, testo del messaggio) solamente in base a quanto messo a disposizione da voi. Il trattamento dei dati serve a gestire e rispondere alla vostra richiesta di contatto.&nbsp;<br>Se la presa di contatto serve all\u2019esecuzione di misure contrattuali (ad es. consulenza in caso di interesse all&#8217;acquisto, redazione dell\u2019offerta) oppure se concerne un contratto gi\u00e0 stipulato tra voi e noi, tale trattamento dei dati avviene sulla base dell&#8217;art. 6 cpv. 1 lettera b del RGPD.<br>Se la presa di contatto avviene per altri motivi, il trattamento dei dati si realizza sulla base dell\u2019art. 6 cpv. 1 lettera f del RGPD per nostro legittimo interesse prevalente nell\u2019elaborare nonch\u00e9 nel rispondere alla vostra richiesta. <strong><em>In questo caso, avete il diritto, per motivi che derivano dalla vostra specifica situazione, di revocare in qualunque momento l\u2019elaborazione dei dati personali, secondo l\u2019art. 6 (1) f del RGPD.<\/em><\/strong><br>Utilizziamo il suo indirizzo e-mail sono per l\u2019elaborazione della sua richiesta. I vostri dati verranno eliminati nel rispetto dei termini di conservazione di legge, se non acconsentirete alla successiva elaborazione e al successivo uso.<\/p>\n\n\n\n<p><strong><strong>Rilevamento e lavorazione in caso di utilizzo del modulo di contatto<\/strong><\/strong><br>In caso di utilizzo del modulo di contatto, rileviamo i dati personali (nome, indirizzo e-mail, testo del messaggio) solo nella misura da lei messa a disposizione. L\u2019elaborazione dei dati serve alla presa di contatto.&nbsp;<br>Se la presa di contatto serve all\u2019esecuzione di misure contrattuali (ad es. consulenza in caso di interesse all&#8217;acquisto, redazione dell\u2019offerta) oppure se concerne un contratto gi\u00e0 stipulato tra voi e noi, tale trattamento dei dati avviene sulla base dell&#8217;art. 6 cpv. 1 lettera b del RGPD.<br>Se la presa di contatto avviene per altri motivi, il trattamento dei dati si realizza sulla base dell\u2019art. 6 cpv. 1 lettera f del RGPD per nostro legittimo interesse prevalente nell\u2019elaborare nonch\u00e9 nel rispondere alla vostra richiesta.&nbsp;<strong><em>In questo caso, avete il diritto, per motivi che derivano dalla vostra specifica situazione, di revocare in qualunque momento l\u2019elaborazione dei dati personali, secondo l\u2019art. 6 (1) f del RGPD.<\/em><\/strong>&nbsp;<br>Utilizziamo il suo indirizzo e-mail sono per l\u2019elaborazione della sua richiesta. I suoi dati verranno eliminati se non acconsentir\u00e0 alla successiva elaborazione e al successivo uso.<\/p>\n\n\n\n<h4 class=\"wp-block-heading\"><strong><em>Cookies<\/em><\/strong><\/h4>\n\n\n\n<p>Il nostro sito web utilizza i Cookies. I Cookies sono piccoli file di testo che vengono salvati da un sito web sul disco rigido dell\u2019utente. Se un utente richiama un sito web, un cookie viene salvata sul sistema operativo dell\u2019utente stesso. Questo cookie contiene una sequenza di simboli caratteristica, che consente un\u2019identificazione univoca del browser al momento del successivo richiamo del sito web.<\/p>\n\n\n\n<p>I Cookies vengono salvati sul suo computer. Per questo motivo, \u00e8 lei ad avere il pieno controllo dell\u2019utilizzo dei Cookies. Selezionando corrispondenti impostazioni tecniche nel proprio browser internet, \u00e8 possibile ricevere notifica in caso di impostazione dei Cookies, di decidere dell\u2019accettazione dei singoli, nonch\u00e9 del salvataggio dei Cookies e impedire la trasmissione dei dati contenuti. I Cookies gi\u00e0 salvati possono essere eliminati in qualunque momento. Tuttavia, la avvertiamo che questo modo, non sar\u00e0 possibile usare tutte le funzioni di questo sito web.<\/p>\n\n\n\n<p>Ai link successivi, pu\u00f2 informarsi su come gestire i Cookies dei principali browser (o anche disattivarvli): Chrome Browser:&nbsp;<a href=\"https:\/\/support.google.com\/accounts\/answer\/61416?hl=it\" target=\"_blank\" rel=\"noreferrer noopener\">https:\/\/support.google.com\/accounts\/answer\/61416?hl=it<\/a><br>Internet Explorer:&nbsp;<a href=\"https:\/\/support.microsoft.com\/de-de\/windows\/l%C3%B6schen-und-verwalten-von-cookies-168dab11-0753-043d-7c16-ede5947fc64d\" target=\"_blank\" rel=\"noreferrer noopener\">https:\/\/support.microsoft.com\/de-de\/help\/17442\/windows-internet-explorer-delete-manage-cookies<\/a><br>Mozilla Firefox:&nbsp;<a href=\"https:\/\/support.mozilla.org\/de\/kb\/cookies-erlauben-und-ablehnen\" target=\"_blank\" rel=\"noreferrer noopener\">https:\/\/support.mozilla.org\/de\/kb\/cookies-erlauben-und-ablehnen<\/a><br>Safari:&nbsp;<a href=\"https:\/\/support.apple.com\/de-de\/guide\/safari\/manage-cookies-and-website-data-sfri11471\/mac\" target=\"_blank\" rel=\"noreferrer noopener\">https:\/\/support.apple.com\/de-de\/guide\/safari\/manage-cookies-and-website-data-sfri11471\/mac<\/a><\/p>\n\n\n\n<p><strong><strong>Cookies tecnicamente necessari<\/strong><\/strong><br>Nella misura in cui non vengono fornite altre informazioni nella seguente dichiarazione di protezione dei dati, utilizziamo solo questi Cookies necessari dal punto di vista tecnico&nbsp;per rendere la nostra offerta pi\u00f9 piacevole per l\u2019utente, efficace e sicura. Inoltre, i cookies consentono ai nostri sistemi di riconoscere il suo browser anche dopo aver cambiato pagina e di offrirle quindi i servizi. Alcune funzioni del nostro sito web non possono essere offerte senza l\u2019utilizzo dei Cookies. Per queste \u00e8 infatti necessario che il browser venga riconosciuto anche dopo aver cambiato pagina.<\/p>\n\n\n\n<p>L\u2019utilizzo dei Cookies o di tecnologie equivalenti avviene&nbsp; base dell\u2019articolo 25 cpv. 2 della Legge sui telemedia (TTDSG).&nbsp;L\u2019elaborazione avviene sulla base dell&#8217;art. 6 cpv. 1 let. f del RGPD dal nostro legittimo interesse predominante alla garanzia del funzionamento ottimale del sito web nonch\u00e9 alla configurazione semplice ed efficace della nostra offerta.<br><strong><em>Ha il diritto, per motivi che derivano dalla sua specifica situazione, a revocare in qualunque momento l\u2019elaborazione dei suoi dati personali, che avviene in base art. 6 (1) lit. f del RGPD<\/em><\/strong><em><strong>.<\/strong><\/em><\/p>\n\n\n\n<h4 class=\"wp-block-heading\"><em><strong><em><strong>Analyisi<\/strong><\/em><\/strong><\/em><\/h4>\n\n\n\n<p><strong><strong>Utilizzo di Google Analytics<\/strong><\/strong><br>Sul nostro sito web utilizziamo il servizio di analisi del web Google Analytics di Google Ireland Limited (Gordon House, Barrow Street, Dublino 4, Irlanda; \u201cGoogle\u201d).\u00a0L\u2019elaborazione dei dati serve a scopo di analisi di questo sito web e dei suoi utenti nonch\u00e9 per scopi di marketing e pubblicitari.<br>A tal proposito Google, su incarico del gestore di questo sito web, utilizzer\u00e0 le informazioni acquisite, per valutare il suo uso del sito web, per raccogliere report sulle attivit\u00e0 del sito web e per espletare altri servizi, correlati all\u2019uso del sito web e all\u2019uso di internet. In tale ambito tra l\u2019altro possono essere rilevati i seguenti dati: indirizzo IP, data e ora del richiamo della pagina, cronologia dei clic, dati sul browser in uso e sul dispositivo in uso (apparecchio), pagine visitate, URL di riferimento (sito Web da cui \u00e8 stato effettuato l&#8217;accesso al nostro sito Web), dati sulla posizione, attivit\u00e0 di acquisto. L\u2019indirizzo IP trasmesso dal vostro browser nell\u2019ambito di Google Analytics non viene riunito ad altri dati di Google.<br>Google Analytics utilizza tecnologie come i Cookies, l\u2019archiviazione nel browser e il conteggio dei pixel che consentono un\u2019analisi dell\u2019uso del sito web da parte sua. Le informazioni sul suo utilizzo del nostro sito web generate in questo modo, vengono di norma inviate a un server Google negli USA e l\u00ec salvate.\u00a0Inoltre Google si basa sulle clausole contrattuali tipo come garanzie idonee per la protezione dei dati personali, visibili all\u2019indirizzo:\u00a0<a href=\"https:\/\/policies.google.com\/privacy\/frameworks\" target=\"_blank\" rel=\"noreferrer noopener\">https:\/\/policies.google.com\/privacy\/frameworks<\/a>. Sia Google che le autorit\u00e0 statunitensi statali hanno accesso ai vostri dati. I vostri dati possono essere combinati da Google con altri dati, come per esempio la cronologia, gli account personali, i dati relativi all\u2019utilizzo di altri dispositivi e tutti gli altri dati che Google possiede su di voi.\u00a0<br>Su questo sito web \u00e8 attiva l\u2019anonimizzazione dell\u2019IP. Il suo indirizzo IP viene precedentemente abbreviato da Google all\u2019interno degli stati membri dell\u2019Unione Europea oppure all\u2019interno di altri stati che rientrano nello spazio economico europeo. Solo in casi eccezionali l\u2019indirizzo IP intero viene trasmesso a un server di Google negli USA senza essere prima abbreviato.<br>L\u2019utilizzo dei Cookies o di tecnologie equivalenti avviene con il consenso sulla base dell\u2019articolo 25 cpv. 1 p. 1 della Legge sui telemedia\u00a0\u00a0(TTDSG)\u00a0in collegamento con art. 6 cpv. 1 let. a del RGPD. Il trattamento dei dati personali degli utenti avviene con il consenso sulla base dell\u2019art. 6 cpv. 1 let. a del RGPD. Il consenso pu\u00f2 essere revocato in qualsiasi momento, senza che venga intaccata la legalit\u00e0 del trattamento avvenuto sulla base del consenso fino alla revoca.<br>Maggiori informazioni sulle condizioni di utilizzo e sulla protezione dei dati si trovano all\u2019indirizzo link: <a href=\"https:\/\/www.google.com\/analytics\/terms\/de.html\" target=\"_blank\" rel=\"noreferrer noopener\">https:\/\/www.google.com\/analytics\/terms\/de.html<\/a> ovvero al link<a href=\"https:\/\/www.google.de\/intl\/it\/policies\/\" target=\"_blank\" rel=\"noreferrer noopener\"> <\/a><a href=\"https:\/\/www.google.de\/intl\/it\/policies\/\" target=\"_blank\" rel=\"noopener\">https:\/\/www.google.de\/intl\/it\/policies\/<\/a> e al link <a href=\"https:\/\/policies.google.com\/technologies\/cookies?hl=de\" target=\"_blank\" rel=\"noreferrer noopener\">https:\/\/policies.google.com\/technologies\/cookies?hl=de<\/a>.<br><br><strong><strong>Utilizzo di Google Fonts<\/strong><\/strong><br>Sul nostro sito web utilizziamo Google Fonts di Google Ireland Limited (Gordon House, Barrow Street, Dublino 4, Irlanda; \u201cGoogle\u201d).<br>Il trattamento dei dati serve a scopo di rappresentazione univoca dei caratteri di scrittura sul nostro sito web. Per caricare i caratteri di scrittura, al richiamo del sito viene creato un collegamento ai server di Google. In tale ambito, vengono elaborati e trasmessi a Google il vostro indirizzo IP nonch\u00e9 informazioni sul browser da voi usato. Questi dati non vengono collegati al vostro account Google. In tale ambito, i vostri dati vengono eventualmente trasmessi negli USA. Per gli USA, la Commissione non ha adottato una decisione di adeguatezza. La trasmissione dei dati avviene, tra le altre cose, sulla base di clausole contrattuali standard come garanzie idonee per la protezione dei dati personale, visualizzabili al sito:\u00a0<a href=\"https:\/\/policies.google.com\/privacy\/frameworks\" target=\"_blank\" rel=\"noreferrer noopener\">https:\/\/policies.google.com\/privacy\/frameworks<\/a>.<br>L\u2019utilizzo dei Cookies o di tecnologie equivalenti avviene con il consenso sulla base dell\u2019articolo 25 cpv. 1 p. 1 della Legge sui telemedia (TTDSG) in collegamento con art. 6 cpv. 1 let. a del RGPD. Il trattamento dei dati personali degli utenti avviene con il consenso sulla base dell\u2019art. 6 cpv. 1 let. a del RGPD. Il consenso pu\u00f2 essere revocato in qualsiasi momento, senza che venga intaccata la legalit\u00e0 del trattamento avvenuto sulla base del consenso fino alla revoca.<br>Maggiori informazioni sul trattamento dei dati e sulla protezione dei dati si trovano agli indirizzi\u00a0<a href=\"https:\/\/www.google.de\/intl\/it\/policies\/\" target=\"_blank\" rel=\"noopener\">https:\/\/www.google.de\/intl\/it\/policies\/<\/a>\u00a0e\u00a0<a href=\"https:\/\/developers.google.com\/fonts\/faq\" target=\"_blank\" rel=\"noreferrer noopener\">https:\/\/developers.google.com\/fonts\/faq<\/a>.<\/p>\n\n\n\n<h4 class=\"wp-block-heading\"><strong><em><em><strong>Diritti degli interessati e durata di salvataggio<\/strong><\/em><\/em><\/strong><\/h4>\n\n\n\n<p><strong><strong>Durata del salvataggio<\/strong><\/strong><br>I dati vengono salvati nel rispetto dei termini di conservazione stabili per legge e quindi cancellati alla scadenza dei termini, purch\u00e9 non abbiate acconsentito all\u2019ulteriore salvataggio e utilizzo.<\/p>\n\n\n\n<p><strong><strong>Diritti dell\u2019interessato<\/strong><\/strong><br>In caso siano presenti i dispositivi legali, ha a disposizioni i diritti dall\u2019articolo 15 fino a 20 del RGPD: diritto di informazione, autorizzazione, eliminazione, limitazione dell\u2019elaborazione e trasmissibilit\u00e0 dei dati.<br>Inoltre, secondo l\u2019Art. 21 (1) del RGPD, ha a disposizione un diritto di revoca contro le elaborazioni, che si basano sull\u2019art. 6 (1) del RGPD, nonch\u00e9 contro l\u2019elaborazione a scopo di pubblicit\u00e0 diretta.<br><br><strong><strong>Diritto di lamentela presso le autorit\u00e0 di vigilanza<\/strong><\/strong><br>Secondo l\u2019art. 77 del RGPD, ha il diritto di presentare una lamentela all&#8217;autorit\u00e0 di vigilanza, se ha il sospetto che l\u2019elaborazione dei suoi dati personali non sia avvenuta regolarmente.<br><br><strong><strong>Diritto di revoca<\/strong><\/strong><br>Se le elaborazioni dei dati personali elencati si basano sul nostro legittimo interesse secondo l&#8217;art. 6 par. 1 lettera f del RGPD, avete il diritto, per motivi che si originano dalla vostra particolare situazione, a revocare in qualunque momento queste elaborazioni con effetto per il futuro.<br>A revoca avvenuta, l\u2019elaborazione dei dati interessati viene terminata, a meno che possiamo testimoniare motivi obbligatori per l\u2019elaborazione e relativi alla protezione, che superano i vostri interessi, diritti e libert\u00e0 oppure se l\u2019elaborazione serve a far valere, esercitare o difendere dei diritti<\/p>\n\n\n\n<p>.<\/p>\n","protected":false},"excerpt":{"rendered":"<p>Purch\u00e9 non diversamente indicato successivamente, la messa a disposizione dei suoi dati personali non \u00e8 prescritta n\u00e9 dalla legge, n\u00e9 contrattualmente, n\u00e9 \u00e8 necessaria al momento della stipula del contratto. Non \u00e8 tenuto\/a a mettere a disposizione i suoi dati. La non concessione dei dati non ha alcuna conseguenza. Ci\u00f2 vale solo purch\u00e9, nell\u2019ambito dei [&hellip;]<\/p>\n","protected":false},"author":1,"featured_media":0,"parent":0,"menu_order":100,"comment_status":"closed","ping_status":"closed","template":"","meta":{"_acf_changed":false,"footnotes":""},"class_list":["post-1335","page","type-page","status-publish","hentry"],"acf":[],"_links":{"self":[{"href":"https:\/\/spielzimmer.berlin\/it\/wp-json\/wp\/v2\/pages\/1335","targetHints":{"allow":["GET"]}}],"collection":[{"href":"https:\/\/spielzimmer.berlin\/it\/wp-json\/wp\/v2\/pages"}],"about":[{"href":"https:\/\/spielzimmer.berlin\/it\/wp-json\/wp\/v2\/types\/page"}],"author":[{"embeddable":true,"href":"https:\/\/spielzimmer.berlin\/it\/wp-json\/wp\/v2\/users\/1"}],"replies":[{"embeddable":true,"href":"https:\/\/spielzimmer.berlin\/it\/wp-json\/wp\/v2\/comments?post=1335"}],"version-history":[{"count":5,"href":"https:\/\/spielzimmer.berlin\/it\/wp-json\/wp\/v2\/pages\/1335\/revisions"}],"predecessor-version":[{"id":1840,"href":"https:\/\/spielzimmer.berlin\/it\/wp-json\/wp\/v2\/pages\/1335\/revisions\/1840"}],"wp:attachment":[{"href":"https:\/\/spielzimmer.berlin\/it\/wp-json\/wp\/v2\/media?parent=1335"}],"curies":[{"name":"wp","href":"https:\/\/api.w.org\/{rel}","templated":true}]}}