{"id":1339,"date":"2022-12-01T12:29:10","date_gmt":"2022-12-01T11:29:10","guid":{"rendered":"https:\/\/spielzimmer.berlin\/kontakt\/"},"modified":"2024-08-09T19:20:32","modified_gmt":"2024-08-09T17:20:32","slug":"contatti","status":"publish","type":"page","link":"https:\/\/spielzimmer.berlin\/it\/contatti\/","title":{"rendered":"Contatti"},"content":{"rendered":"\n<ul class=\"wp-block-list\">\n<li class=\"dripicons-checkmark-phone\"><strong>Telefono:&nbsp;&nbsp;<\/strong><a href=\"tel:+49-030 44037635\">+49-30-44037635<\/a><\/li>\n\n\n\n<li class=\"dripicons-checkmark-mail\"><strong>E-mail:&nbsp;&nbsp;<\/strong>kontakt@spielzimmer.berlin<\/li>\n<\/ul>\n\n\n\n<div class=\"wp-block-group has-border-color has-vivid-cyan-blue-border-color has-background is-layout-flow wp-block-group-is-layout-flow\" style=\"border-width:1px;background-color:#edfafcad;padding-top:var(--wp--preset--spacing--30);padding-right:var(--wp--preset--spacing--30);padding-bottom:var(--wp--preset--spacing--30);padding-left:var(--wp--preset--spacing--30)\">\n<h3 class=\"wp-block-heading has-text-align-left\">FAQ<\/h3>\n\n\n\n<hr class=\"wp-block-separator has-text-color has-vivid-cyan-blue-color has-alpha-channel-opacity has-vivid-cyan-blue-background-color has-background is-style-wide\"\/>\n\n\n\n<button class=\"accordion\">Quali sono gli orari di apertura?<\/button>\n<div class=\"contactinfoarea\">\n<p>Affittiamo i locali del Kindercaf\u00e9 anche per <strong>feste private<\/strong>. Per questo motivo, purtroppo, pu\u00f2 capitare che siamo chiusi. I <a href=\"\/it\/#oeffungszeiten-spielzimmer\" title=\"nostri orari di apertura aggiornati si trovano sulla homepage\">nostri orari di apertura aggiornati si trovano sulla homepage<\/a> oppure nella <a href=\"https:\/\/www.google.com\/search?client=firefox-b-d&amp;q=kindercafe+spielzimmer#loh=true\" title=\"descrizione di Google\" target=\"_blank\" rel=\"noopener\">descrizione di Google<\/a>. Grazie per la comprensione.<\/p><\/div>\n\n<button class=\"accordion\">Quando il Kindercaf\u00e9 Spielzimmer non \u00e8 affollato? Quali sono gli orari con maggiore affluenza?<\/button>\n<div class=\"contactinfoarea\">\n<p>Sulla base della nostra esperienza, nella stagione invernale il Kindercaf\u00e9 Spielzimmer \u00e8 molto affollato. <strong>Durante la settimana<\/strong> riusciremo sempre a trovare un posto per voi. I giorni dal luned\u00ec al venerd\u00ec, <strong>di mattina<\/strong>, sono quelli pi\u00f9 tranquilli, prima dell\u2019arrivo dei bambini dalla scuola d\u2019infanzia o dalla scuola. Durante <strong>il fine settimana<\/strong> nella fascia oraria <strong>compresa tra le 13.00 e le 14.00<\/strong> il locale \u00e8 abbastanza vuoto. Vi aspettiamo!<\/p><\/div>\n\n<button class=\"accordion\">Posso portare cibi da casa?<\/button>\n<div class=\"contactinfoarea\">\n<p>Nella ristorazione <strong>puntiamo a vendere cibi e bevande<\/strong>. Per questo motivo non \u00e8 possibile <strong>portare da casa cibi e bevande propri<\/strong>. Siamo certi della vostra comprensione e vi ringraziamo per la collaborazione!<\/p><\/div>\n\n<button class=\"accordion\">\u00c8 possibile fare una prenotazione da Spielzimmer?<\/button>\n<div class=\"contactinfoarea\">\n<p>Non \u00e8 possibile purtroppo prenotare tavoli singoli. Per <strong>oltre 10 persone<\/strong> vi preghiamo di inoltrarci la richiesta compilando il <strong>modulo di contatto oppure per telefono<\/strong>.\nOffriamo la possibilit\u00e0 di <strong>prenotare<\/strong> per una <a href=\"\/it\/colazione-prenzlauer-berg\/\" title=\"colazione in famiglia\">colazione in famiglia<\/a>, una <a href=\"\/it\/compleanni-dei-bambini\/\" title=\"festa di compleanno\">festa di compleanno<\/a> oppure un <a href=\"\/it\/compleanni-dei-bambini\/#geschlossene-gesellschaft\" title=\"evento privato\">evento privato<\/a>.<\/p><\/div>\n\n<button class=\"accordion\">Posso parcheggiare i passeggini nella caffetteria?<\/button>\n<div class=\"contactinfoarea\">\n<p>Passeggini, biciclette, bici senza pedali e simili <strong>sono da parcheggiare davanti alla caffetteria<\/strong>. Il motivo <strong>\u00e8 importante<\/strong>: le carrozzine bloccherebbero gli spazi nella caffetteria. Per i bambini che giocano e corrono il rischio di farsi male aumenterebbe. Vorremmo evitare questa situazione.<\/p>\n\n<p>Dall\u2019apertura del Kindercaf\u00e9 Spielzimmer tutti i passeggini sono rimasti al loro posto. A seconda di dove ci si siede nel caff\u00e8, \u00e8 possibile tenere d&#8217;occhio il passeggino dalla nostra vetrata. Se necessario, \u00e8 possibile chiudere il passeggino con un lucchetto.<\/p>\n\n<p>Vorremmo che il Kindercaf\u00e9 Spielzimmer fosse un luogo piacevole in cui tutti gli ospiti, grandi e piccoli, possano divertirsi e giocare. Grazie per la comprensione e il sostegno!<\/p><\/div>\n\n<button class=\"accordion\">Sono ammessi cani nella caffetteria?<\/button>\n<div class=\"contactinfoarea\">\n<p>Vi chiediamo cortesemente <strong>di non portare cani<\/strong>. Le <strong>ragioni sono importanti<\/strong>: da una parte la permanenza sarebbe probabilmente molto stressante per i vostri beniamini a quattro zampe. Il Kindercaf\u00e9 \u00e8 rumoroso e affollato. Sono presenti molte persone che i vostri cani considerano estranee.<\/p>\n\n<p>Dall\u2019altra ci potrebbero essere ospiti allergici al pelo del cane oppure che hanno paura dei cani. Vi chiediamo gentilmente di non portare con voi i vostri amici pelosi. Vi ringraziamo per la collaborazione!<\/p><\/div>\n\n<button class=\"accordion\">Posso pagare con il Bancomat?<\/button>\n<div class=\"contactinfoarea\">\n<p>No, <strong>purtroppo non \u00e8 possibile<\/strong> pagare con il Bancomat. Si pu\u00f2 pagare solo in <strong>contanti<\/strong>.<\/p><\/div>\n<\/div>\n\n\n\n<div class=\"wp-block-group has-custom-kontaktformular-background-color has-background has-global-padding is-layout-constrained wp-block-group-is-layout-constrained\" style=\"padding-top:var(--wp--preset--spacing--30);padding-bottom:var(--wp--preset--spacing--30)\">\n<h2 class=\"wp-block-heading\">Modulo di Contatto<\/h2>\n\n\n\n<hr class=\"wp-block-separator has-text-color has-custom-trenner-kontakt-color has-alpha-channel-opacity has-custom-trenner-kontakt-background-color has-background is-style-wide\"\/>\n\n\n\n<div class=\"wp-block-contact-form-7-contact-form-selector is-style-wide\">\n<div class=\"wpcf7 no-js\" id=\"wpcf7-f1358-o1\" lang=\"it-IT\" dir=\"ltr\" data-wpcf7-id=\"1358\">\n<div class=\"screen-reader-response\"><p role=\"status\" aria-live=\"polite\" aria-atomic=\"true\"><\/p> <ul><\/ul><\/div>\n<form action=\"\/it\/wp-json\/wp\/v2\/pages\/1339#wpcf7-f1358-o1\" method=\"post\" class=\"wpcf7-form init\" aria-label=\"Modulo di contatto\" novalidate=\"novalidate\" data-status=\"init\">\n<fieldset class=\"hidden-fields-container\"><input type=\"hidden\" name=\"_wpcf7\" value=\"1358\" \/><input type=\"hidden\" name=\"_wpcf7_version\" value=\"6.1.5\" \/><input type=\"hidden\" name=\"_wpcf7_locale\" value=\"it_IT\" \/><input type=\"hidden\" name=\"_wpcf7_unit_tag\" value=\"wpcf7-f1358-o1\" \/><input type=\"hidden\" name=\"_wpcf7_container_post\" value=\"0\" \/><input type=\"hidden\" name=\"_wpcf7_posted_data_hash\" value=\"\" \/>\n<\/fieldset>\n<p>Nome<br \/>\n<span class=\"wpcf7-form-control-wrap\" data-name=\"firstname\"><input size=\"40\" maxlength=\"400\" class=\"wpcf7-form-control wpcf7-text\" aria-invalid=\"false\" value=\"\" type=\"text\" name=\"firstname\" \/><\/span>\n<\/p>\n<p>Cognome<br \/>\n<span class=\"wpcf7-form-control-wrap\" data-name=\"lastname\"><input size=\"40\" maxlength=\"400\" class=\"wpcf7-form-control wpcf7-text\" aria-invalid=\"false\" value=\"\" type=\"text\" name=\"lastname\" \/><\/span><span id=\"wpcf7-69dc98b589d27-wrapper\" class=\"wpcf7-form-control-wrap first-name-wrap\" style=\"display:none !important; visibility:hidden !important;\"><label for=\"wpcf7-69dc98b589d27-field\" class=\"hp-message\">Si prega di lasciare vuoto questo campo.<\/label><input id=\"wpcf7-69dc98b589d27-field\"  class=\"wpcf7-form-control wpcf7-text\" type=\"text\" name=\"first-name\" value=\"\" size=\"40\" tabindex=\"-1\" autocomplete=\"new-password\" \/><\/span><span id=\"wpcf7-69dc98b589d59-wrapper\" class=\"wpcf7-form-control-wrap last-name-wrap\" style=\"display:none !important; visibility:hidden !important;\"><label for=\"wpcf7-69dc98b589d59-field\" class=\"hp-message\">Si prega di lasciare vuoto questo campo.<\/label><input id=\"wpcf7-69dc98b589d59-field\"  class=\"wpcf7-form-control wpcf7-text\" type=\"text\" name=\"last-name\" value=\"\" size=\"40\" tabindex=\"-1\" autocomplete=\"new-password\" \/><\/span>\n<\/p>\n<p>Indirizzo e-mail*<br \/>\n<span class=\"wpcf7-form-control-wrap\" data-name=\"email\"><input size=\"40\" maxlength=\"400\" class=\"wpcf7-form-control wpcf7-email wpcf7-validates-as-required wpcf7-text wpcf7-validates-as-email\" aria-required=\"true\" aria-invalid=\"false\" value=\"\" type=\"email\" name=\"email\" \/><\/span>\n<\/p>\n<p>Telefono<br \/>\n<span class=\"wpcf7-form-control-wrap\" data-name=\"phone\"><input size=\"40\" maxlength=\"400\" class=\"wpcf7-form-control wpcf7-tel wpcf7-text wpcf7-validates-as-tel\" aria-invalid=\"false\" value=\"\" type=\"tel\" name=\"phone\" \/><\/span>\n<\/p>\n<p>Soggetto*<br \/>\n<span class=\"wpcf7-form-control-wrap\" data-name=\"subject\"><input size=\"40\" maxlength=\"400\" class=\"wpcf7-form-control wpcf7-text wpcf7-validates-as-required\" aria-required=\"true\" aria-invalid=\"false\" value=\"\" type=\"text\" name=\"subject\" \/><\/span>\n<\/p>\n<p>Messaggio<br \/>\n<span class=\"wpcf7-form-control-wrap\" data-name=\"message\"><textarea cols=\"40\" rows=\"10\" maxlength=\"2000\" class=\"wpcf7-form-control wpcf7-textarea\" aria-invalid=\"false\" name=\"message\"><\/textarea><\/span>\n<\/p>\n<p><input class=\"wpcf7-form-control wpcf7-submit has-spinner\" type=\"submit\" value=\"Invia\" \/>\n<\/p><div class=\"wpcf7-response-output\" aria-hidden=\"true\"><\/div>\n<\/form>\n<\/div>\n<\/div>\n<\/div>\n\n\n\n<script src=\"https:\/\/ajax.googleapis.com\/ajax\/libs\/jquery\/2.2.4\/jquery.min.js\"><\/script>\n<script>\nvar acc = document.getElementsByClassName(\"accordion\");\nvar i;\nfor (i = 0; i < acc.length; i++) {\n  acc[i].addEventListener(\"click\", function() {\n\n    this.classList.toggle(\"active\");\n    var panel = this.nextElementSibling;\n    if (panel.style.maxHeight){\n      panel.style.maxHeight = null;\n    } else {\n      panel.style.maxHeight = panel.scrollHeight + \"px\";\n    }\n  });\n}\n<\/script>\n","protected":false},"excerpt":{"rendered":"<p>FAQ Quali sono gli orari di apertura? Affittiamo i locali del Kindercaf\u00e9 anche per feste private. Per questo motivo, purtroppo, pu\u00f2 capitare che siamo chiusi. I nostri orari di apertura aggiornati si trovano sulla homepage oppure nella descrizione di Google. Grazie per la comprensione. Quando il Kindercaf\u00e9 Spielzimmer non \u00e8 affollato? Quali sono gli orari [&hellip;]<\/p>\n","protected":false},"author":1,"featured_media":0,"parent":0,"menu_order":110,"comment_status":"closed","ping_status":"closed","template":"","meta":{"_acf_changed":false,"footnotes":""},"class_list":["post-1339","page","type-page","status-publish","hentry"],"acf":[],"_links":{"self":[{"href":"https:\/\/spielzimmer.berlin\/it\/wp-json\/wp\/v2\/pages\/1339","targetHints":{"allow":["GET"]}}],"collection":[{"href":"https:\/\/spielzimmer.berlin\/it\/wp-json\/wp\/v2\/pages"}],"about":[{"href":"https:\/\/spielzimmer.berlin\/it\/wp-json\/wp\/v2\/types\/page"}],"author":[{"embeddable":true,"href":"https:\/\/spielzimmer.berlin\/it\/wp-json\/wp\/v2\/users\/1"}],"replies":[{"embeddable":true,"href":"https:\/\/spielzimmer.berlin\/it\/wp-json\/wp\/v2\/comments?post=1339"}],"version-history":[{"count":5,"href":"https:\/\/spielzimmer.berlin\/it\/wp-json\/wp\/v2\/pages\/1339\/revisions"}],"predecessor-version":[{"id":5288,"href":"https:\/\/spielzimmer.berlin\/it\/wp-json\/wp\/v2\/pages\/1339\/revisions\/5288"}],"wp:attachment":[{"href":"https:\/\/spielzimmer.berlin\/it\/wp-json\/wp\/v2\/media?parent=1339"}],"curies":[{"name":"wp","href":"https:\/\/api.w.org\/{rel}","templated":true}]}}