{"id":1305,"date":"2022-12-02T23:41:24","date_gmt":"2022-12-02T22:41:24","guid":{"rendered":"https:\/\/spielzimmer.berlin\/firmenfeier-kinder-berlin-prenzlauer-berg\/"},"modified":"2024-09-01T19:58:34","modified_gmt":"2024-09-01T17:58:34","slug":"impreze-firmowa-dziecmi-berlin-prenzlauer-berg","status":"publish","type":"page","link":"https:\/\/spielzimmer.berlin\/pl\/impreze-firmowa-dziecmi-berlin-prenzlauer-berg\/","title":{"rendered":"Imprezy firmowe z udzia\u0142em dzieci w Prenzlauer Berg w Berlinie"},"content":{"rendered":"\n<figure class=\"wp-block-image aligncenter size-full\"><img loading=\"lazy\" decoding=\"async\" width=\"1263\" height=\"455\" src=\"https:\/\/spielzimmer.berlin\/wp-content\/uploads\/2022\/12\/kindercafe-spielzimmer-firmenfeier.jpg\" alt=\"Imprezy firmowe z udzia\u0142em dzieci w Prenzlauer Berg w Berlinie\" class=\"wp-image-639\" srcset=\"https:\/\/spielzimmer.berlin\/wp-content\/uploads\/2022\/12\/kindercafe-spielzimmer-firmenfeier.jpg 1263w, https:\/\/spielzimmer.berlin\/wp-content\/uploads\/2022\/12\/kindercafe-spielzimmer-firmenfeier-300x108.jpg 300w, https:\/\/spielzimmer.berlin\/wp-content\/uploads\/2022\/12\/kindercafe-spielzimmer-firmenfeier-1024x369.jpg 1024w, https:\/\/spielzimmer.berlin\/wp-content\/uploads\/2022\/12\/kindercafe-spielzimmer-firmenfeier-768x277.jpg 768w\" sizes=\"auto, (max-width: 1263px) 100vw, 1263px\" \/><\/figure>\n\n\n\n<p><strong>Impreza firmowa<\/strong> to \u015bwietna okazja do budowania <strong>wi\u0119zi w\u015br\u00f3d cz\u0142onk\u00f3w zespo\u0142u<\/strong>. Wszyscy &#8211; prze\u0142o\u017ceni i pracownicy &#8211; mog\u0105 spotka\u0107 si\u0119 w wolnej od konwenans\u00f3w atmosferze. Mo\u017cliwo\u015b\u0107 poznania si\u0119 lepiej przy pysznym cateringu \u015bwietnie wp\u0142ywa na interakcje spo\u0142eczne i zapewnia d\u0142ugofalow\u0105 motywacj\u0119.<\/p>\n\n\n\n<p>Jednak <strong>impreza firmowa <\/strong>mo\u017ce si\u0119 okaza\u0107 wyzwaniem, gdy pracownicy <strong>maj\u0105 ma\u0142e dzieci<\/strong>, kt\u00f3rych rozmowy doros\u0142ych nie interesuj\u0105. A o <strong>opiek\u0119 nad dzie\u0107mi<\/strong> w <strong>Berlinie <\/strong>cz\u0119sto jest trudno.<\/p>\n\n\n\n<p>W <a href=\"https:\/\/spielzimmer.berlin\/pl\/\" data-type=\"page\" data-id=\"1313\">Spielzimmer<\/a> w kawiarence rodzinnej mo\u017cna urz\u0105dzi\u0107 <strong>imprez\u0119 firmow\u0105 z udzia\u0142em dzieci <\/strong>w niekr\u0119puj\u0105cej go\u015bcinnej atmosferze. Na takiej <strong>imprezie, zamkni\u0119tej dla os\u00f3b z zewn\u0105trz<\/strong>, obs\u0142uga kelnerska jest tylko do dyspozycji jej uczestnik\u00f3w. Mo\u017cna je\u015b\u0107 i pi\u0107 bez obaw o zak\u0142\u00f3cenie prywatnego charakteru spotkania. A dzieci mog\u0105 w mi\u0119dzyczasie bawi\u0107 si\u0119 na <strong>placu zabaw pod dachem <\/strong>lub w <strong>k\u0105ciku maluszka<\/strong>. Jest to optymalne rozwi\u0105zanie, satysfakcjonuj\u0105ce doros\u0142ych i wprawiaj\u0105ce w zachwyt dzieci!<\/p>\n\n\n\n<p>Na imprezie zamkni\u0119tej w naszej kawiarence mo\u017ce \u015bwi\u0119towa\u0107 <strong>nie wi\u0119cej ni\u017c 50 os\u00f3b<\/strong>. <strong>Spielzimmer w kawiarence dzieci\u0119cej <\/strong>to wspania\u0142e miejsce na imprezy firmowe <strong>start-up\u00f3w<\/strong> lub<strong> ma\u0142ych <\/strong>i<strong> \u015brednich firm<\/strong>. To tak\u017ce \u015bwietna przestrze\u0144 z dobr\u0105 atmosfer\u0105, kt\u00f3ra sprzyja powstawaniu nowych pomys\u0142\u00f3w.<\/p>\n\n\n\n<h3 class=\"wp-block-heading\">Wasza w\u0142asna impreza firmowa w Berlinie<\/h3>\n\n\n\n<p>A mo\u017ce chcieliby\u015bcie pokaza\u0107 swoim <strong>partnerom biznesowym<\/strong> lub <strong>przysz\u0142ym pracownikom<\/strong>, \u017ce jeste\u015bcie <strong>firm\u0105 przyjazn\u0105 rodzinie<\/strong>? Wybieraj\u0105c nasz\u0105 przytuln\u0105 <strong>kawiarenk\u0119 dzieci\u0119c\u0105<\/strong>, zrobicie to w wyj\u0105tkowo uroczy spos\u00f3b.<\/p>\n\n\n\n<p>U nas mo\u017cna r\u00f3wnie\u017c zrealizowa\u0107 <strong>r\u00f3\u017cne pomys\u0142y na gry na imprezie firmowej<\/strong>. Nale\u017cy do nich na przyk\u0142ad gra typu <strong>&#8222;poznajmy si\u0119&#8221;<\/strong>, w kt\u00f3rej mo\u017cna posortowa\u0107 uczestnik\u00f3w wed\u0142ug wzrostu, imion w kolejno\u015bci alfabetycznej lub wieku? Mo\u017cna te\u017c wcze\u015bniej przygotowa\u0107 zabawny quiz na temat swojej firmy.<\/p>\n\n\n\n<p>Co powiecie na gr\u0119, kt\u00f3ra poka\u017ce, \u017ce ka\u017cdy jest cz\u0119\u015bci\u0105 dru\u017cyny? Wystarczy przynie\u015b\u0107 pust\u0105 plansz\u0119 poci\u0119t\u0105 <strong>na puzzle<\/strong>, z kt\u00f3rych ka\u017cdy zoatanie na miejscu pomalowany przez uczestnika gry. Po z\u0142o\u017ceniu ca\u0142ej uk\u0142adanki, utworzy ona ciekaw\u0105 dekoracj\u0119, kt\u00f3ra b\u0119dzie mo\u017cna na przyk\u0142ad zawiesi\u0107 na \u015bcianie w biurze.<\/p>\n\n\n\n<p>Dlatego urz\u0105d\u017acie swoj\u0105 <strong>imprez\u0119 firmow\u0105<\/strong> u nas w mi\u0142ej atmosferze. <strong>Jubileusz firmy<\/strong>, <a href=\"https:\/\/spielzimmer.berlin\/pl\/urodziny-dziecka\/\" data-type=\"page\" data-id=\"1293\">urodziny<\/a> czy osi\u0105gni\u0119cie rocznych cel\u00f3w &#8211; najwa\u017cniejsze, aby nastr\u00f3j by\u0142 dobry. Ze wzmocnienia wi\u0119zi w zespole skorzystaj\u0105 wszyscy. A w ko\u0144cu to w\u0142a\u015bnie zapewnia odniesienie sukcesu!<\/p>\n\n\n\n<p><code><\/code><\/p>\n\n\n\n<p><code><\/code><\/p>\n\n\n\n<div class=\"wp-block-group has-custom-bilder-boxen-background-color has-background has-global-padding is-layout-constrained wp-block-group-is-layout-constrained\" style=\"padding-top:var(--wp--preset--spacing--30);padding-bottom:var(--wp--preset--spacing--30)\">\n<h5 class=\"wp-block-heading\">Impreza firmowa z udzia\u0142em dzieci jako wydarzenie zamkni\u0119te dla os\u00f3b z zewn\u0105trz<\/h5>\n\n\n\n<ul class=\"wp-block-list\">\n<li>ca\u0142y lokal do wy\u0142\u0105cznej dyspozycji<\/li>\n\n\n\n<li>obs\u0142uga, kt\u00f3ra o wszystko zadba, do Waszej dyspozycji przez ca\u0142\u0105 imprez\u0119<\/li>\n\n\n\n<li>od\u015bwi\u0119tny wystr\u00f3j sali<\/li>\n\n\n\n<li>smakowity katering zgodnie z Waszym \u017cyczeniem (np. \u015bniadanie lub kolacja w formie bufetu)<\/li>\n\n\n\n<li>niezak\u0142\u00f3cona zabawa na placu zabaw pod dachem, w k\u0105ciku zabaw dla maluszk\u00f3w i ze wszystkimi zabawkami<\/li>\n\n\n\n<li>wspania\u0142a zabawa dla wszystkich w gronie najbli\u017cszych<\/li>\n<\/ul>\n\n\n\n<p><strong><strong>Czas trwania imprezy<\/strong>:<\/strong> 3,5 godz. \u2013 <strong><strong>Zaliczka<\/strong>:<\/strong> 750,00 \u20ac<\/p>\n<\/div>\n\n\n\n<div class=\"wp-block-group has-border-color has-custom-rahmen-border-color has-custom-bookly-boxen-background-color has-background has-global-padding is-layout-constrained wp-block-group-is-layout-constrained\" style=\"border-width:2px;padding-top:var(--wp--preset--spacing--30);padding-bottom:var(--wp--preset--spacing--30)\">\n<h2 class=\"wp-block-heading\">Ju\u017c teraz zarezerwuj Spielzimmer w kawiarence dzieci\u0119cej na imprez\u0119 firmow\u0105!<\/h2>\n\n\n\n<hr class=\"wp-block-separator has-text-color has-vivid-cyan-blue-color has-alpha-channel-opacity has-vivid-cyan-blue-background-color has-background is-style-wide\"\/>\n\n\n\n<div class=\"wp-block-bookly-form\"><!--\nPlugin Name: Bookly - Responsive WordPress Appointment Booking and Scheduling Plugin\nPlugin URI: https:\/\/www.booking-wp-plugin.com\/?utm_source=bookly_admin&utm_medium=plugins_page&utm_campaign=plugins_page\nVersion: 27.3-->\n<style type=\"text\/css\">\n    :root {\n        --bookly-main-color: #ff6f96 !important;\n        --bookly-color: #ff6f96 !important;\n    }\n\n        .active{\nbackground-color: unset !important;\npadding: unset !important;\nfont-size: unset !important;\n}\n.bookly-form select{\n  background-color: #ebeaea;\n}\n.bookly-form-group input{\n  background-color: #dcdcdc;\n}\n.bookly-form-group textarea{\n  background-color: #dcdcdc;\n}\n\n\/* Basis: Label als Karten + Bildfl\u00e4che *\/\n.bookly-form input[name=\"bookly-js-custom-field-99434-2\"] + span, .bookly-form input[name=\"bookly-js-custom-field-99434-3\"] + span, .bookly-form input[name=\"bookly-js-custom-field-99434-12\"] + span {\n  display: flex;\n  flex-direction: column-reverse; \/* Text oben, Bild unten *\/\n  align-items: flex-start;        \/* Inhalte links ausrichten *\/\n  text-align: left;               \/* Text linksb\u00fcndig *\/\n  gap: 10px;\n  padding: 8px 12px;\n  margin: 6px;\n  cursor: pointer;\n}\n\n\/* Bildfl\u00e4che davor *\/\n.bookly-form input[name=\"bookly-js-custom-field-99434-2\"] + span::before, .bookly-form input[name=\"bookly-js-custom-field-99434-3\"] + span::before, .bookly-form input[name=\"bookly-js-custom-field-99434-12\"] + span::before {\n  content: \"\";\n  display: block;\n  width: 150px;\n  height: 150px;\n  background-size: cover;\n  background-position: center;\n  border-radius: 8px;\n}\n\n\/* Bild f\u00fcr Obstteller *\/\n.bookly-form input[name=\"bookly-js-custom-field-99434-2\"][value=\"Obstteller\"] + span::before, .bookly-form input[name=\"bookly-js-custom-field-99434-3\"][value=\"Obstteller\"] + span::before, .bookly-form input[name=\"bookly-js-custom-field-99434-12\"][value=\"Obstteller\"] + span::before {\n  background-image: url('\/wp-content\/uploads\/2025\/08\/geburtstag-obstteller.png');\n}\n\n\/* Bild f\u00fcr Gem\u00fcseteller *\/\n.bookly-form input[name=\"bookly-js-custom-field-99434-2\"][value*=\"Gem\u00fcseteller\"] + span::before, .bookly-form input[name=\"bookly-js-custom-field-99434-3\"][value*=\"Gem\u00fcseteller\"] + span::before, .bookly-form input[name=\"bookly-js-custom-field-99434-12\"][value*=\"Gem\u00fcseteller\"] + span::before {\n  background-image: url('\/wp-content\/uploads\/2025\/08\/geburtstag-gemueseteller.png');\n}\n\n\/* Aktive Auswahl hervorheben *\/\n.bookly-form input[name=\"bookly-js-custom-field-99434-2\"]:checked + span, .bookly-form input[name=\"bookly-js-custom-field-99434-3\"]:checked + span, .bookly-form input[name=\"bookly-js-custom-field-99434-12\"]:checked + span {\n  outline: 2px solid #111;\n  outline-offset: 2px;\n}\n@media (max-width: 480px) {\n  .bookly-form input[name=\"bookly-js-custom-field-99434-2\"] + span::before, .bookly-form input[name=\"bookly-js-custom-field-99434-3\"] + span::before, .bookly-form input[name=\"bookly-js-custom-field-99434-12\"] + span::before {\n    width: 100px;\n    height: 100px;\n  }\n}\n\n\n\n\/* Basis: Label als Karten + Bildfl\u00e4che (Gruppe Geburtstagskuchen) *\/\n.bookly-form input[name=\"bookly-js-custom-field-55363-1\"] + span, .bookly-form input[name=\"bookly-js-custom-field-55363-2\"] + span, .bookly-form input[name=\"bookly-js-custom-field-55363-3\"] + span, .bookly-form input[name=\"bookly-js-custom-field-55363-4\"] + span,\n.bookly-form input[name=\"bookly-js-custom-field-55363-11\"] + span, .bookly-form input[name=\"bookly-js-custom-field-55363-12\"] + span {\n  display: flex;\n  flex-direction: column-reverse; \/* Text oben, Bild unten *\/\n  align-items: flex-start;        \/* Inhalte links ausrichten *\/\n  text-align: left;               \/* Text linksb\u00fcndig *\/\n  gap: 10px;\n  padding: 8px 12px;\n  margin: 6px;\n  cursor: pointer;\n}\n\n\/* Bildfl\u00e4che davor *\/\n.bookly-form input[name=\"bookly-js-custom-field-55363-1\"] + span::before, .bookly-form input[name=\"bookly-js-custom-field-55363-2\"] + span::before, .bookly-form input[name=\"bookly-js-custom-field-55363-3\"] + span::before, .bookly-form input[name=\"bookly-js-custom-field-55363-4\"] + span::before, .bookly-form input[name=\"bookly-js-custom-field-55363-11\"] + span::before, .bookly-form input[name=\"bookly-js-custom-field-55363-12\"] + span::before {\n  content: \"\";\n  display: block;\n  width: 150px;\n  height: 150px;\n  background-size: cover;\n  background-position: center;\n  border-radius: 8px;\n}\n\n\/* Papagei-Kuchen *\/\n.bookly-form input[name=\"bookly-js-custom-field-55363-1\"][value*=\"Papagei-Kuchen\"] + span::before, .bookly-form input[name=\"bookly-js-custom-field-55363-2\"][value*=\"Papagei-Kuchen\"] + span::before, .bookly-form input[name=\"bookly-js-custom-field-55363-3\"][value*=\"Papagei-Kuchen\"] + span::before, .bookly-form input[name=\"bookly-js-custom-field-55363-4\"][value*=\"Papagei-Kuchen\"] + span::before, .bookly-form input[name=\"bookly-js-custom-field-55363-11\"][value*=\"Papagei-Kuchen\"] + span::before, .bookly-form input[name=\"bookly-js-custom-field-55363-12\"][value*=\"Papagei-Kuchen\"] + span::before {\n  background-image: url('\/wp-content\/uploads\/2025\/08\/geburtstag-papageikuchen.png');\n}\n\n\/* Marmorkuchen *\/\n.bookly-form input[name=\"bookly-js-custom-field-55363-1\"][value*=\"Marmorkuchen\"] + span::before, .bookly-form input[name=\"bookly-js-custom-field-55363-2\"][value*=\"Marmorkuchen\"] + span::before, .bookly-form input[name=\"bookly-js-custom-field-55363-3\"][value*=\"Marmorkuchen\"] + span::before, .bookly-form input[name=\"bookly-js-custom-field-55363-4\"][value*=\"Marmorkuchen\"] + span::before, .bookly-form input[name=\"bookly-js-custom-field-55363-11\"][value*=\"Marmorkuchen\"] + span::before, .bookly-form input[name=\"bookly-js-custom-field-55363-12\"][value*=\"Marmorkuchen\"] + span::before {\n  background-image: url('\/wp-content\/uploads\/2025\/08\/geburtstag-marmorkuchen.png');\n}\n\n\/* Belgische Waffeln *\/\n.bookly-form input[name=\"bookly-js-custom-field-55363-1\"][value*=\"Belgische Waffeln\"] + span::before, .bookly-form input[name=\"bookly-js-custom-field-55363-2\"][value*=\"Belgische Waffeln\"] + span::before, .bookly-form input[name=\"bookly-js-custom-field-55363-3\"][value*=\"Belgische Waffeln\"] + span::before, .bookly-form input[name=\"bookly-js-custom-field-55363-4\"][value*=\"Belgische Waffeln\"] + span::before, .bookly-form input[name=\"bookly-js-custom-field-55363-11\"][value*=\"Belgische Waffeln\"] + span::before, .bookly-form input[name=\"bookly-js-custom-field-55363-12\"][value*=\"Belgische Waffeln\"] + span::before {\n  background-image: url('\/wp-content\/uploads\/2025\/08\/geburtstag-belgische-waffeln.png');\n}\n\n\/* Zitronenkuchen *\/\n.bookly-form input[name=\"bookly-js-custom-field-55363-1\"][value*=\"Zitronenkuchen\"] + span::before, .bookly-form input[name=\"bookly-js-custom-field-55363-2\"][value*=\"Zitronenkuchen\"] + span::before, .bookly-form input[name=\"bookly-js-custom-field-55363-3\"][value*=\"Zitronenkuchen\"] + span::before, .bookly-form input[name=\"bookly-js-custom-field-55363-4\"][value*=\"Zitronenkuchen\"] + span::before, .bookly-form input[name=\"bookly-js-custom-field-55363-11\"][value*=\"Zitronenkuchen\"] + span::before, .bookly-form input[name=\"bookly-js-custom-field-55363-12\"][value*=\"Zitronenkuchen\"] + span::before {\n  background-image: url('\/wp-content\/uploads\/2025\/08\/geburtstag-zitronenkuchen.png');\n}\n\n\/* Aktive Auswahl hervorheben *\/\n.bookly-form input[name=\"bookly-js-custom-field-55363-1\"]:checked + span, .bookly-form input[name=\"bookly-js-custom-field-55363-2\"]:checked + span, .bookly-form input[name=\"bookly-js-custom-field-55363-3\"]:checked + span, .bookly-form input[name=\"bookly-js-custom-field-55363-4\"]:checked + span, .bookly-form input[name=\"bookly-js-custom-field-55363-11\"]:checked + span, .bookly-form input[name=\"bookly-js-custom-field-55363-12\"]:checked + span {\n  outline: 2px solid #111;\n  outline-offset: 2px;\n}\n\n\/* Responsive: kleinere Bilder am Handy *\/\n@media (max-width: 480px){\n  .bookly-form input[name=\"bookly-js-custom-field-55363-1\"] + span::before,  .bookly-form input[name=\"bookly-js-custom-field-55363-2\"] + span::before,  .bookly-form input[name=\"bookly-js-custom-field-55363-3\"] + span::before,  .bookly-form input[name=\"bookly-js-custom-field-55363-4\"] + span::before,  .bookly-form input[name=\"bookly-js-custom-field-55363-11\"] + span::before,  .bookly-form input[name=\"bookly-js-custom-field-55363-12\"] + span::before {\n    width: 100px;\n    height: 100px;\n  }\n}\n\n\n\n\n\/* Basis: Label als Karten + Bildfl\u00e4che (Gruppe Essen im Geburtstagspaket) *\/\n.bookly-form input[name=\"bookly-js-custom-field-32463-3\"] + span {\n  display: flex;\n  flex-direction: column-reverse; \/* Text oben, Bild unten *\/\n  align-items: flex-start;        \/* Inhalte links ausrichten *\/\n  text-align: left;               \/* Text linksb\u00fcndig *\/\n  gap: 10px;\n  padding: 8px 12px;\n  margin: 6px;\n  cursor: pointer;\n}\n\n\/* Bildfl\u00e4che davor *\/\n.bookly-form input[name=\"bookly-js-custom-field-32463-3\"] + span::before {\n  content: \"\";\n  display: block;\n  width: 150px;\n  height: 150px;\n  background-size: cover;\n  background-position: center;\n  border-radius: 8px;\n}\n\n\/* Gefl\u00fcgel-HotDogs *\/\n.bookly-form input[name=\"bookly-js-custom-field-32463-3\"][value*=\"Gefl\u00fcgel-HotDogs\"] + span::before {\n  background-image: url('\/wp-content\/uploads\/2025\/08\/gefluegel-hotdogs.png');\n}\n\n\/* Gefl\u00fcgel-Wiener mit Toastecken *\/\n.bookly-form input[name=\"bookly-js-custom-field-32463-3\"][value*=\"Gefl\u00fcgel-Wiener mit Toastecken\"] + span::before {\n  background-image: url('\/wp-content\/uploads\/2025\/08\/gefluegel-wiener-mit-toastecken.png');\n}\n\n\/* Nudeln mit Tomatensauce *\/\n.bookly-form input[name=\"bookly-js-custom-field-32463-3\"][value*=\"Nudeln mit Tomatensauce\"] + span::before {\n  background-image: url('\/wp-content\/uploads\/2025\/08\/nudeln-mit-tomatensauce.png');\n}\n\n\/* Aktive Auswahl hervorheben *\/\n.bookly-form input[name=\"bookly-js-custom-field-32463-3\"]:checked + span {\n  outline: 2px solid #111;\n  outline-offset: 2px;\n}\n\n\/* Responsive: kleinere Bilder am Handy *\/\n@media (max-width: 480px){\n  .bookly-form input[name=\"bookly-js-custom-field-32463-3\"] + span::before {\n    width: 100px;\n    height: 100px;\n  }\n}\n\n.bookly-form label {\n  display: flex;\n  align-items: center;\n  gap: 12px;\n}\n\n.bookly-form label span {\n  display: flex;\n  flex-direction: column-reverse;\n  align-items: center;\n}    <\/style><div class=\"bookly-css-root\">\n    <div id=\"bookly-form-container-69ddf349902bc\" class=\"bookly-form\" data-form_id=\"\" aria-live=\"polite\">\n        <div style=\"text-align: center\"><img decoding=\"async\" src=\"https:\/\/spielzimmer.berlin\/wp-includes\/js\/tinymce\/skins\/lightgray\/img\/loader.gif\" alt=\"\u0141adowanie...\"\/><\/div>\n    <\/div>\n<\/div>\n<script type=\"text\/javascript\">\n    (function (win, fn) {\n        var done = false, top = true,\n            doc = win.document,\n            root = doc.documentElement,\n            modern = doc.addEventListener,\n            add = modern ? 'addEventListener' : 'attachEvent',\n            rem = modern ? 'removeEventListener' : 'detachEvent',\n            pre = modern ? '' : 'on',\n            init = function (e) {\n                if (e.type == 'readystatechange') if (doc.readyState != 'complete') return;\n                (e.type == 'load' ? win : doc)[rem](pre + e.type, init, false);\n                if (!done) {\n                    done = true;\n                    fn.call(win, e.type || e);\n                }\n            },\n            poll = function () {\n                try {\n                    root.doScroll('left');\n                } catch (e) {\n                    setTimeout(poll, 50);\n                    return;\n                }\n                init('poll');\n            };\n        if (doc.readyState == 'complete') fn.call(win, 'lazy');\n        else {\n            if (!modern) if (root.doScroll) {\n                try {\n                    top = !win.frameElement;\n                } catch (e) {\n                }\n                if (top) poll();\n            }\n            doc[add](pre + 'DOMContentLoaded', init, false);\n            doc[add](pre + 'readystatechange', init, false);\n            win[add](pre + 'load', init, false);\n        }\n    })(window, function () {\n        window.bookly( {\"form_id\":\"69ddf349902bc\",\"form_data\":{\"skip_service_step\":0,\"hide_service_part1\":0,\"hide_service_part2\":1,\"defaults\":{\"service_id\":0,\"staff_id\":0,\"location_id\":0,\"category_id\":13,\"units\":0,\"date_from\":0,\"time_from\":0,\"time_to\":0}},\"status\":{\"booking\":\"new\"},\"form_token\":null,\"skip_steps\":{\"service_part1\":0,\"service_part2\":1,\"extras\":0,\"time\":0,\"repeat\":1,\"cart\":1},\"errors\":{\"session_error\":\"B\\u0142\\u0105d sesji.\",\"form_id_error\":\"B\\u0142\\u0105d ID formularza.\",\"cart_item_not_available\":\"Die eingestellte Zeit ist nicht mehr vorhanden. Bitte w\\u00e4hlen Sie ein anderes Zeitfenster\\n.\",\"pay_locally_not_available\":\"P\\u0142atno\\u015b\\u0107 lokalna jest niedost\\u0119pna.\",\"invalid_gateway\":\"Nieprawid\\u0142owa bramka p\\u0142atnicza.\",\"payment_error\":\"B\\u0142\\u0105d.\",\"incorrect_username_password\":\"B\\u0142\\u0119dna nazwa lub has\\u0142o.\"},\"form_attributes\":{\"hide_categories\":true,\"hide_services\":false,\"hide_staff_members\":true,\"show_number_of_persons\":false,\"hide_service_duration\":true,\"hide_locations\":true,\"hide_quantity\":true,\"hide_date\":true,\"hide_week_days\":true,\"hide_time_range\":true,\"const_category_id\":13},\"use_client_time_zone\":0,\"defaults\":{\"service_id\":0,\"staff_id\":0,\"location_id\":0,\"category_id\":13},\"datepicker_mode\":\"text-accent\",\"facebook\":{\"enabled\":0,\"appId\":\"\"},\"step_extras\":\"after_step_time\"} );\n    });\n<\/script><\/div>\n<\/div>\n\n\n\n<p><code><\/code><\/p>\n","protected":false},"excerpt":{"rendered":"<p>Impreza firmowa to \u015bwietna okazja do budowania wi\u0119zi w\u015br\u00f3d cz\u0142onk\u00f3w zespo\u0142u. Wszyscy &#8211; prze\u0142o\u017ceni i pracownicy &#8211; mog\u0105 spotka\u0107 si\u0119 w wolnej od konwenans\u00f3w atmosferze. Mo\u017cliwo\u015b\u0107 poznania si\u0119 lepiej przy pysznym cateringu \u015bwietnie wp\u0142ywa na interakcje spo\u0142eczne i zapewnia d\u0142ugofalow\u0105 motywacj\u0119. Jednak impreza firmowa mo\u017ce si\u0119 okaza\u0107 wyzwaniem, gdy pracownicy maj\u0105 ma\u0142e dzieci, kt\u00f3rych rozmowy [&hellip;]<\/p>\n","protected":false},"author":1,"featured_media":0,"parent":0,"menu_order":87,"comment_status":"closed","ping_status":"closed","template":"","meta":{"_acf_changed":false,"footnotes":""},"class_list":["post-1305","page","type-page","status-publish","hentry"],"acf":[],"_links":{"self":[{"href":"https:\/\/spielzimmer.berlin\/pl\/wp-json\/wp\/v2\/pages\/1305","targetHints":{"allow":["GET"]}}],"collection":[{"href":"https:\/\/spielzimmer.berlin\/pl\/wp-json\/wp\/v2\/pages"}],"about":[{"href":"https:\/\/spielzimmer.berlin\/pl\/wp-json\/wp\/v2\/types\/page"}],"author":[{"embeddable":true,"href":"https:\/\/spielzimmer.berlin\/pl\/wp-json\/wp\/v2\/users\/1"}],"replies":[{"embeddable":true,"href":"https:\/\/spielzimmer.berlin\/pl\/wp-json\/wp\/v2\/comments?post=1305"}],"version-history":[{"count":6,"href":"https:\/\/spielzimmer.berlin\/pl\/wp-json\/wp\/v2\/pages\/1305\/revisions"}],"predecessor-version":[{"id":5394,"href":"https:\/\/spielzimmer.berlin\/pl\/wp-json\/wp\/v2\/pages\/1305\/revisions\/5394"}],"wp:attachment":[{"href":"https:\/\/spielzimmer.berlin\/pl\/wp-json\/wp\/v2\/media?parent=1305"}],"curies":[{"name":"wp","href":"https:\/\/api.w.org\/{rel}","templated":true}]}}