{"id":1309,"date":"2022-11-29T12:07:14","date_gmt":"2022-11-29T11:07:14","guid":{"rendered":"https:\/\/spielzimmer.berlin\/speisekarte\/"},"modified":"2025-10-11T14:48:04","modified_gmt":"2025-10-11T12:48:04","slug":"menu","status":"publish","type":"page","link":"https:\/\/spielzimmer.berlin\/pl\/menu\/","title":{"rendered":"Napoje i Jedzenie"},"content":{"rendered":"\r\n<div class=\"wp-block-columns speisekarte is-layout-flex wp-container-core-columns-is-layout-28f84493 wp-block-columns-is-layout-flex\">\r\n<div class=\"wp-block-column is-layout-flow wp-block-column-is-layout-flow\">\r\n<table>\r\n<tbody>\r\n<tr>\r\n<td>\r\n<h4>S\u0142odki pok\u00f3j zabaw<\/h4>\r\n<ul>\r\n<li>Chleb<\/li>\r\n<li>Bu\u0142ki<\/li>\r\n<li>D\u017cem<\/li>\r\n<li>Jajko<\/li>\r\n<\/ul>\r\n<\/td>\r\n<td valign=top>\r\n<h4 class=\"nobr\">12,00&nbsp;\u20ac<\/h4>\r\n<\/td>\r\n<\/tr>\r\n<tr>\r\n<td>\r\n<h4>Serdeczny pok\u00f3j zabaw<\/h4>\r\n<ul>\r\n<li>Chleb<\/li>\r\n<li>Bu\u0142ki<\/li>\r\n<li>Ser<\/li>\r\n<li>Salami<\/li>\r\n<li>Szynka<\/li>\r\n<li>Jajko<\/li>\r\n<\/ul>\r\n<\/td>\r\n<td valign=top>\r\n<h4 class=\"nobr\">14,00&nbsp;\u20ac<\/h4>\r\n<\/td>\r\n<\/tr>\r\n<tr>\r\n<td>\r\n<h4>Wegetaria\u0144ski pok\u00f3j zabaw<\/h4>\r\n<ul>\r\n<li>Chleb<\/li>\r\n<li>Bu\u0142ki<\/li>\r\n<li>R\u00f3\u017cne sery<\/li>\r\n<li>Jajko<\/li>\r\n<\/ul>\r\n<\/td>\r\n<td valign=top>\r\n<h4 class=\"nobr\">15,00&nbsp;\u20ac<\/h4>\r\n<\/td>\r\n<\/tr>\r\n<tr>\r\n<td>\r\n<h4>Du\u017cy pok\u00f3j zabaw<\/h4>\r\n<ul>\r\n<li>Chleb<\/li>\r\n<li>Bu\u0142ki<\/li>\r\n<li>D\u017cem<\/li>\r\n<li>Ser<\/li>\r\n<li>Salami<\/li>\r\n<li>Szynka<\/li>\r\n<li>Jajko<\/li>\r\n<li>Pomidor \u2013 mozzarella<\/li>\r\n<\/ul>\r\n<\/td>\r\n<td valign=top>\r\n<h4 class=\"nobr\">17,00&nbsp;\u20ac<\/h4>\r\n<\/td>\r\n<\/tr>\r\n<\/tbody>\r\n<\/table>\r\n<\/div>\r\n\r\n\r\n\r\n<div class=\"wp-block-column is-layout-flow wp-block-column-is-layout-flow\">\r\n<table>\r\n<tbody>\r\n<tr>\r\n<td>\r\n<h4>\u015awie\u017ce belgijskie gofry<\/h4>\r\n<ul>\r\n<li>Cukier puder<\/li>\r\n<li>Cynamon i cukier<\/li>\r\n<li>Mus jab\u0142kowy<\/li>\r\n<li>Wi\u015bnie<\/li>\r\n<\/ul>\r\n<\/td>\r\n<td valign=top>\r\n<h4 class=\"nobr\">4,50 \u20ac<\/h4>\r\n<\/td>\r\n<\/tr>\r\n<tr>\r\n<td>\r\n<h4>Kanapka z wybranym dodatkiem<\/h4>\r\n<ul>\r\n<li>Ser<\/li>\r\n<li>Salami<\/li>\r\n<li>Szynka<\/li>\r\n<li>Og\u00f3rek<\/li>\r\n<li>Pomidor<\/li>\r\n<li>Pesto<\/li>\r\n<li>Mozzarella<\/li>\r\n<\/ul>\r\n<\/td>\r\n<td valign=top>\r\n<h4 class=\"nobr\">4,50&nbsp;\u20ac<\/h4>\r\n<\/td>\r\n<\/tr>\r\n<tr>\r\n<td>\r\n<h4>2 kie\u0142baski wiede\u0144skie z grzankami<\/h4>\r\n<\/td>\r\n<td valign=top>\r\n<h4 class=\"nobr\">3,80 \u20ac<\/h4>\r\n<\/td>\r\n<\/tr>\r\n<tr>\r\n<td>\r\n<h4>Owsianka \u2013 jab\u0142kowa lub bananowa<\/h4>\r\n<\/td>\r\n<td valign=top>\r\n<h4 class=\"nobr\">4,90 \u20ac<\/h4>\r\n<\/td>\r\n<\/tr>\r\n<tr>\r\n<td>\r\n<h4>Talerz z owocami \/ Talerz z warzywami<\/h4>\r\n<\/td>\r\n<td valign=top>\r\n<h4 class=\"nobr\">4,80 \u20ac<\/h4>\r\n<\/td>\r\n<\/tr>\r\n<tr>\r\n<td>\r\n<h4>Makaron z sosem pomidorowym<\/h4>\r\n<\/td>\r\n<td valign=top>\r\n<h4 class=\"nobr\">4,90 \u20ac<\/h4>\r\n<\/td>\r\n<\/tr>\r\n<tr>\r\n<td>\r\n<h4>Budy\u0144 ry\u017cowy<\/h4>\r\n<\/td>\r\n<td valign=top>\r\n<h4 class=\"nobr\">4,90 \u20ac<\/h4>\r\n<\/td>\r\n<\/tr>\r\n<\/tbody>\r\n<\/table>\r\n<\/div>\r\n<\/div>\r\n\r\n\r\n\r\n<div class=\"wp-block-columns speisekarte is-layout-flex wp-container-core-columns-is-layout-28f84493 wp-block-columns-is-layout-flex\">\r\n<div class=\"wp-block-column is-layout-flow wp-block-column-is-layout-flow\">\r\n<table>\r\n<tbody>\r\n<tr>\r\n<td>\r\n<h4>Kawa<\/h4>\r\n<\/td>\r\n<td valign=top>\r\n<h4 class=\"nobr\">3,50&nbsp;\u20ac<\/h4>\r\n<\/td>\r\n<\/tr>\r\n<tr>\r\n<td>\r\n<h4>Cappuccino<\/h4>\r\n<\/td>\r\n<td valign=top>\r\n<h4 class=\"nobr\">3,90&nbsp;\u20ac<\/h4>\r\n<\/td>\r\n<\/tr>\r\n<tr>\r\n<td>\r\n<h4>Latte Macchiato<\/h4>\r\n<\/td>\r\n<td valign=top>\r\n<h4 class=\"nobr\">4,80&nbsp;\u20ac<\/h4>\r\n<\/td>\r\n<\/tr>\r\n<tr>\r\n<td>\r\n<h4>Espresso<\/h4>\r\n<\/td>\r\n<td valign=top>\r\n<h4 class=\"nobr\">2,90&nbsp;\u20ac<\/h4>\r\n<\/td>\r\n<\/tr>\r\n<tr>\r\n<td>\r\n<h4>Espresso Macchiato<\/h4>\r\n<\/td>\r\n<td valign=top>\r\n<h4 class=\"nobr\">3,50&nbsp;\u20ac<\/h4>\r\n<\/td>\r\n<\/tr>\r\n<tr>\r\n<td>\r\n<h4>Kawa z mlekiem<\/h4>\r\n<\/td>\r\n<td valign=top>\r\n<h4 class=\"nobr\">4,80&nbsp;\u20ac<\/h4>\r\n<\/td>\r\n<\/tr>\r\n<\/tbody>\r\n<\/table>\r\n<\/div>\r\n\r\n\r\n\r\n<div class=\"wp-block-column is-layout-flow wp-block-column-is-layout-flow\">\r\n<table>\r\n<tbody>\r\n<tr>\r\n<td>\r\n<h4>Herbata BIO<\/h4>\r\n<\/td>\r\n<td valign=top>\r\n<h4 class=\"nobr\">2,90&nbsp;\u20ac<\/h4>\r\n<\/td>\r\n<\/tr>\r\n<tr>\r\n<td>\r\n<h4>Chai Latte<\/h4>\r\n<\/td>\r\n<td valign=top>\r\n<h4 class=\"nobr\">4,90&nbsp;\u20ac<\/h4>\r\n<\/td>\r\n<\/tr>\r\n<tr>\r\n<td>\r\n<h4>Ovomaltine<\/h4>\r\n<\/td>\r\n<td valign=top>\r\n<h4 class=\"nobr\">4,20&nbsp;\u20ac<\/h4>\r\n<\/td>\r\n<\/tr>\r\n<tr>\r\n<td>\r\n<h4>Czekolada do picia<\/h4>\r\n<ul>\r\n<li>Ciemna<\/li>\r\n<li>Bia\u0142a<\/li>\r\n<\/ul>\r\n<\/td>\r\n<td valign=top>\r\n<h4 class=\"nobr\">4,90&nbsp;\u20ac<\/h4>\r\n<\/td>\r\n<\/tr>\r\n<tr>\r\n<td>\r\n<h4>Gor\u0105ce mleko + mi\u00f3d<\/h4>\r\n<\/td>\r\n<td valign=top>\r\n<h4 class=\"nobr\">3,50&nbsp;\u20ac<\/h4>\r\n<\/td>\r\n<\/tr>\r\n<\/tbody>\r\n<\/table>\r\n<\/div>\r\n\r\n\r\n<div class=\"wp-block-column is-layout-flow wp-block-column-is-layout-flow\">\r\n<table>\r\n<tbody>\r\n<tr>\r\n<td>\r\n<h4>Mleczna pianka<\/h4>\r\n<\/td>\r\n<td valign=top>\r\n<h4 class=\"nobr\">1,50&nbsp;\u20ac<\/h4>\r\n<\/td>\r\n<\/tr>\r\n<tr>\r\n<td>\r\n<h4>Mleko dla dzieci<\/h4>\r\n<ul>\r\n<li>Kakao<\/li>\r\n<li>Wanilia<\/li>\r\n<li>Banan<\/li>\r\n<li>Poziomka<\/li>\r\n<\/ul>\r\n<\/td>\r\n<td valign=top>\r\n<h4 class=\"nobr\">2,50&nbsp;\u20ac<\/h4>\r\n<\/td>\r\n<\/tr>\r\n<\/tbody>\r\n<\/table>\r\n<\/div>\r\n<\/div>\r\n\r\n\r\n\r\n<div class=\"wp-block-columns speisekarte is-layout-flex wp-container-core-columns-is-layout-28f84493 wp-block-columns-is-layout-flex\">\r\n<div class=\"wp-block-column is-layout-flow wp-block-column-is-layout-flow\">\r\n<table>\r\n<tbody>\r\n<tr>\r\n<td>\r\n<h4>Bionade<\/h4>\r\n<\/td>\r\n<td valign=top>\r\n<h4 class=\"nobr\">3,50 \u20ac<\/h4>\r\n<\/td>\r\n<\/tr>\r\n<tr>\r\n<td>\r\n<h4>Fritz-Limo<\/h4>\r\n<\/td>\r\n<td valign=top>\r\n<h4 class=\"nobr\">3,50 \u20ac<\/h4>\r\n<\/td>\r\n<\/tr>\r\n<tr>\r\n<td>\r\n<h4>Almdudler<\/h4>\r\n<\/td>\r\n<td valign=top>\r\n<h4 class=\"nobr\">3,50 \u20ac<\/h4>\r\n<\/td>\r\n<\/tr>\r\n<tr>\r\n<td>\r\n<h4>Club-Mate<\/h4>\r\n<\/td>\r\n<td valign=top>\r\n<h4 class=\"nobr\">3,50 \u20ac<\/h4>\r\n<\/td>\r\n<\/tr>\r\n<tr>\r\n<td>\r\n<h4>Schweppes<\/h4>\r\n<\/td>\r\n<td valign=top>\r\n<h4 class=\"nobr\">3,00 \u20ac<\/h4>\r\n<\/td>\r\n<\/tr>\r\n<tr>\r\n<td>\r\n<h4>Piwo s\u0142odowe<\/h4>\r\n<\/td>\r\n<td valign=top>\r\n<h4 class=\"nobr\">3,30 \u20ac<\/h4>\r\n<\/td>\r\n<\/tr>\r\n<tr>\r\n<td>\r\n<h4>Cola, Fanta, Sprite<\/h4>\r\n<\/td>\r\n<td valign=top>\r\n<h4 class=\"nobr\">3,50 \u20ac<\/h4>\r\n<\/td>\r\n<\/tr>\r\n<\/tbody>\r\n<\/table>\r\n<\/div>\r\n\r\n\r\n\r\n<div class=\"wp-block-column is-layout-flow wp-block-column-is-layout-flow\">\r\n<table>\r\n<tbody>\r\n<tr>\r\n<td>\r\n<h4>Sok jab\u0142kowy<\/h4>\r\n<\/td>\r\n<td valign=top>\r\n<h4 class=\"nobr\">0,2 l: 2,90 \u20ac \/ 0,3 l: 3,70 \u20ac<\/h4>\r\n<\/td>\r\n<\/tr>\r\n<tr>\r\n<td>\r\n<h4>Sok pomara\u0144czowy<\/h4>\r\n<\/td>\r\n<td valign=top>\r\n<h4 class=\"nobr\">0,2 l: 2,90 \u20ac \/ 0,3 l: 3,70 \u20ac<\/h4>\r\n<\/td>\r\n<\/tr>\r\n<tr>\r\n<td>\r\n<h4>Nektar wi\u015bniowy<\/h4>\r\n<\/td>\r\n<td valign=top>\r\n<h4 class=\"nobr\">0,2 l: 2,90 \u20ac \/ 0,3 l: 3,70 \u20ac<\/h4>\r\n<\/td>\r\n<\/tr>\r\n<tr>\r\n<td>\r\n<h4>Nektar z owoc\u00f3w mango<\/h4>\r\n<\/td>\r\n<td valign=top>\r\n<h4 class=\"nobr\">0,2 l: 2,90 \u20ac \/ 0,3 l: 3,70 \u20ac<\/h4>\r\n<\/td>\r\n<\/tr>\r\n<tr>\r\n<td>\r\n<h4>Nektar z rabarbaru<\/h4>\r\n<\/td>\r\n<td valign=top>\r\n<h4 class=\"nobr\">0,2 l: 2,90 \u20ac \/ 0,3 l: 3,70 \u20ac<\/h4>\r\n<\/td>\r\n<\/tr>\r\n<tr>\r\n<td>\r\n<h4>Woda<\/h4>\r\n<\/td>\r\n<td valign=top>\r\n<h4 class=\"nobr\">0,2 l: 2,50 \u20ac \/ 0,3 l: 3,00 \u20ac<\/h4>\r\n<\/td>\r\n<\/tr>\r\n<tr>\r\n<td>\r\n<h4>Butelka wody mineralnej<\/h4>\r\n<\/td>\r\n<td valign=top>\r\n<h4 class=\"nobr\">0,75 l: 5,50 \u20ac<\/h4>\r\n<\/td>\r\n<\/tr>\r\n<\/tbody>\r\n<\/table>\r\n<\/div>\r\n<\/div>\r\n","protected":false},"excerpt":{"rendered":"<p>S\u0142odki pok\u00f3j zabaw Chleb Bu\u0142ki D\u017cem Jajko 12,00&nbsp;\u20ac Serdeczny pok\u00f3j zabaw Chleb Bu\u0142ki Ser Salami Szynka Jajko 14,00&nbsp;\u20ac Wegetaria\u0144ski pok\u00f3j zabaw Chleb Bu\u0142ki R\u00f3\u017cne sery Jajko 15,00&nbsp;\u20ac Du\u017cy pok\u00f3j zabaw Chleb Bu\u0142ki D\u017cem Ser Salami Szynka Jajko Pomidor \u2013 mozzarella 17,00&nbsp;\u20ac \u015awie\u017ce belgijskie gofry Cukier puder Cynamon i cukier Mus jab\u0142kowy Wi\u015bnie 4,50 \u20ac Kanapka [&hellip;]<\/p>\n","protected":false},"author":1,"featured_media":0,"parent":0,"menu_order":40,"comment_status":"closed","ping_status":"closed","template":"","meta":{"_acf_changed":false,"footnotes":""},"class_list":["post-1309","page","type-page","status-publish","hentry"],"acf":[],"_links":{"self":[{"href":"https:\/\/spielzimmer.berlin\/pl\/wp-json\/wp\/v2\/pages\/1309","targetHints":{"allow":["GET"]}}],"collection":[{"href":"https:\/\/spielzimmer.berlin\/pl\/wp-json\/wp\/v2\/pages"}],"about":[{"href":"https:\/\/spielzimmer.berlin\/pl\/wp-json\/wp\/v2\/types\/page"}],"author":[{"embeddable":true,"href":"https:\/\/spielzimmer.berlin\/pl\/wp-json\/wp\/v2\/users\/1"}],"replies":[{"embeddable":true,"href":"https:\/\/spielzimmer.berlin\/pl\/wp-json\/wp\/v2\/comments?post=1309"}],"version-history":[{"count":3,"href":"https:\/\/spielzimmer.berlin\/pl\/wp-json\/wp\/v2\/pages\/1309\/revisions"}],"predecessor-version":[{"id":6185,"href":"https:\/\/spielzimmer.berlin\/pl\/wp-json\/wp\/v2\/pages\/1309\/revisions\/6185"}],"wp:attachment":[{"href":"https:\/\/spielzimmer.berlin\/pl\/wp-json\/wp\/v2\/media?parent=1309"}],"curies":[{"name":"wp","href":"https:\/\/api.w.org\/{rel}","templated":true}]}}