{"id":1332,"date":"2022-12-01T10:17:35","date_gmt":"2022-12-01T09:17:35","guid":{"rendered":"https:\/\/spielzimmer.berlin\/impressum\/"},"modified":"2022-12-14T14:14:23","modified_gmt":"2022-12-14T13:14:23","slug":"impressum","status":"publish","type":"page","link":"https:\/\/spielzimmer.berlin\/pl\/impressum\/","title":{"rendered":"Impressum"},"content":{"rendered":"\n<p><strong><strong>Wymagane przepisami prawa dane identyfikuj\u0105ce sprzedawc\u0119:<\/strong><\/strong><\/p>\n\n\n\n<p>Kindercaf\u00e9 Spielzimmer<br>Bernd Bellgrau-Parey<br>Schliemannstra\u00dfe 37<br>10437 Berlin<br>Niemcy<br>Telefon: 030\/44037635<br>E-Mail: kontakt@spielzimmer.berlin<\/p>\n","protected":false},"excerpt":{"rendered":"<p>Wymagane przepisami prawa dane identyfikuj\u0105ce sprzedawc\u0119: Kindercaf\u00e9 SpielzimmerBernd Bellgrau-PareySchliemannstra\u00dfe 3710437 BerlinNiemcyTelefon: 030\/44037635E-Mail: kontakt@spielzimmer.berlin<\/p>\n","protected":false},"author":1,"featured_media":0,"parent":0,"menu_order":99,"comment_status":"closed","ping_status":"closed","template":"","meta":{"_acf_changed":false,"footnotes":""},"class_list":["post-1332","page","type-page","status-publish","hentry"],"acf":[],"_links":{"self":[{"href":"https:\/\/spielzimmer.berlin\/pl\/wp-json\/wp\/v2\/pages\/1332","targetHints":{"allow":["GET"]}}],"collection":[{"href":"https:\/\/spielzimmer.berlin\/pl\/wp-json\/wp\/v2\/pages"}],"about":[{"href":"https:\/\/spielzimmer.berlin\/pl\/wp-json\/wp\/v2\/types\/page"}],"author":[{"embeddable":true,"href":"https:\/\/spielzimmer.berlin\/pl\/wp-json\/wp\/v2\/users\/1"}],"replies":[{"embeddable":true,"href":"https:\/\/spielzimmer.berlin\/pl\/wp-json\/wp\/v2\/comments?post=1332"}],"version-history":[{"count":1,"href":"https:\/\/spielzimmer.berlin\/pl\/wp-json\/wp\/v2\/pages\/1332\/revisions"}],"predecessor-version":[{"id":1345,"href":"https:\/\/spielzimmer.berlin\/pl\/wp-json\/wp\/v2\/pages\/1332\/revisions\/1345"}],"wp:attachment":[{"href":"https:\/\/spielzimmer.berlin\/pl\/wp-json\/wp\/v2\/media?parent=1332"}],"curies":[{"name":"wp","href":"https:\/\/api.w.org\/{rel}","templated":true}]}}