{"id":1336,"date":"2022-11-29T12:08:49","date_gmt":"2022-11-29T11:08:49","guid":{"rendered":"https:\/\/spielzimmer.berlin\/datenschutzerklaerung\/"},"modified":"2022-12-30T11:00:29","modified_gmt":"2022-12-30T10:00:29","slug":"polityka-prywatnosci","status":"publish","type":"page","link":"https:\/\/spielzimmer.berlin\/pl\/polityka-prywatnosci\/","title":{"rendered":"Polityka prywatno\u015bci"},"content":{"rendered":"\n<p>Udost\u0119pnianie Twoich danych osobowych nie jest zalecane ustawowo ani umownie, ani te\u017c w celu zawarcia umowy, o ile w tek\u015bcie poni\u017cej nie podano innych informacji. Nie jeste\u015b zobowi\u0105zana\/-y do udost\u0119pnienia danych. Nieudost\u0119pnienie nie poci\u0105ga za sob\u0105 \u017cadnych konsekwencji. W odniesieniu do poni\u017cszych proces\u00f3w przetwarzania danych zasada ta obowi\u0105zuje tylko w przypadku, gdy niniejszy tekst nie zawiera odmiennych informacji.<\/p>\n\n\n\n<p>\u201eDane osobowe\u201d to wszelkie informacje, kt\u00f3re odnosz\u0105 si\u0119 do zidentyfikowanych lub mo\u017cliwych do identyfikacji os\u00f3b fizycznych.<\/p>\n\n\n\n<h4 class=\"wp-block-heading\"><strong><strong>Pliki dziennik\u00f3w serwer\u00f3w<\/strong><\/strong><\/h4>\n\n\n\n<p>Mo\u017cna odwiedza\u0107 nasze strony internetowe, nie podaj\u0105c danych osobowych.&nbsp;<\/p>\n\n\n\n<p>Podczas ka\u017cdego dost\u0119pu do naszej strony internetowej przegl\u0105darka u\u017cytkownika przekazuje nam lub naszym dostawcom us\u0142ug hostingowych \/ us\u0142ugodawcom IT dane dotycz\u0105ce korzystania, kt\u00f3re zapisywane s\u0105 w danych protoko\u0142u (tzw. plikach dziennik\u00f3w serwer\u00f3w). Do tych zapisanych danych nale\u017cy np. nazwa uruchomionej strony, data i godzina uruchomienia, adres IP, przes\u0142ana ilo\u015b\u0107 danych i dostawca wysy\u0142aj\u0105cy zapytanie. Przetwarzanie odbywa si\u0119 na podstawie art. 6 punkt 1 lit. f RODO z tytu\u0142u uprawnionego interesu dotycz\u0105cego zapewnienia prawid\u0142owego dzia\u0142ania naszej strony internetowej oraz w celu poprawy naszej oferty.&nbsp;<\/p>\n\n\n\n<h4 class=\"wp-block-heading\"><em><strong>Kontakt<\/strong><\/em><\/h4>\n\n\n\n<p><strong><strong>Administrator<\/strong><\/strong><br>Skontaktuj si\u0119 z nami, je\u015bli masz takie \u017cyczenie.&nbsp;Podmiot odpowiedzialny za przetwarzanie danych:&nbsp;Kindercaf\u00e9 Spielzimmer,&nbsp;Schliemannstra\u00dfe 37,&nbsp;10437&nbsp;Berlin&nbsp;Deutschland,&nbsp;+49 (0)30 44037635,&nbsp;kontakt@spielzimmer.berlin<\/p>\n\n\n\n<p><strong><strong>Kontakt z inicjatywy klienta za po\u015brednictwem e-maila<\/strong><\/strong><br>Je\u015bli z w\u0142asnej inicjatywy skontaktuj\u0105 si\u0119 Pa\u0144stwo z nami za po\u015brednictwem e-maila, b\u0119dziemy zbiera\u0107 Pa\u0144stwa dane osobowe (imi\u0119 i nazwisko, adres e-mail, tekst wiadomo\u015bci) tylko w takim zakresie, w jakim je Pa\u0144stwo podali. Przetwarzanie danych s\u0142u\u017cy do przetwarzania Pa\u0144stwa zapytania zwi\u0105zanego z kontaktem i udzielenia na nie odpowiedzi.<br>Je\u017celi celem kontaktu jest przeprowadzenie dzia\u0142a\u0144 przedumownych (np. doradztwo w przypadku zainteresowania zakupem, przygotowanie ofert) lub je\u017celi dotyczy on umowy ju\u017c zawartej mi\u0119dzy Pa\u0144stwem a nami, przetwarzanie danych odbywa si\u0119 na podstawie art. 6 ust. 1 lit. b RODO.<br>Je\u017celi nawi\u0105zanie kontaktu nast\u0119puje z innych powod\u00f3w, przetwarzanie danych odbywa si\u0119 na podstawie art. 6 ust. 1 lit. f RODO z uwagi na nasz przewa\u017caj\u0105cy uzasadniony interes polegaj\u0105cy na przetworzeniu Pa\u0144stwa zapytania i udzieleniu odpowiedzi na nie. <strong><em>W takim przypadku, z przyczyn zwi\u0105zanych z Pa\u0144stwa szczeg\u00f3ln\u0105 sytuacj\u0105, maj\u0105 Pa\u0144stwo w ka\u017cdej chwili prawo wniesienia sprzeciwu wobec opartego na art. 6 ust. 1 lit. f RODO przetwarzania danych osobowych, kt\u00f3re Pa\u0144stwa dotycz\u0105.<\/em><\/strong><br>Pa\u0144stwa adres e-mail wykorzystamy tylko w celu przetworzenia Pa\u0144stwa zapytania. Pa\u0144stwa dane zostan\u0105 nast\u0119pnie usuni\u0119te z uwzgl\u0119dnieniem ustawowych okres\u00f3w przechowywania, o ile nie wyrazili Pa\u0144stwo zgody na dalsze przetwarzanie i wykorzystanie.<\/p>\n\n\n\n<p><strong><strong>Gromadzenie i przetwarzanie danych w przypadku korzystania z formularza kontaktowego&nbsp;<\/strong><\/strong><br>Podczas korzystania z formularza kontaktowego pobieramy Twoje dane osobowe (nazwisko, adres e-mail, tekst wiadomo\u015bci) tylko w udost\u0119pnionym przez Ciebie zakresie. Przetwarzanie danych dokonywane jest w celu nawi\u0105zania kontaktu.<br>Je\u017celi celem kontaktu jest przeprowadzenie dzia\u0142a\u0144 przedumownych (np. doradztwo w przypadku zainteresowania zakupem, przygotowanie ofert) lub je\u017celi dotyczy on umowy ju\u017c zawartej mi\u0119dzy Pa\u0144stwem a nami, przetwarzanie danych odbywa si\u0119 na podstawie art. 6 ust. 1 lit. b RODO.<br>Je\u017celi nawi\u0105zanie kontaktu nast\u0119puje z innych powod\u00f3w, przetwarzanie danych odbywa si\u0119 na podstawie art. 6 ust. 1 lit. f RODO z uwagi na nasz przewa\u017caj\u0105cy uzasadniony interes polegaj\u0105cy na przetworzeniu Pa\u0144stwa zapytania i udzieleniu odpowiedzi na nie.&nbsp;<strong><em>W takim przypadku, z przyczyn zwi\u0105zanych z Pa\u0144stwa szczeg\u00f3ln\u0105 sytuacj\u0105, maj\u0105 Pa\u0144stwo w ka\u017cdej chwili prawo wniesienia sprzeciwu wobec opartego na art. 6 ust. 1 lit. f RODO przetwarzania danych osobowych, kt\u00f3re Pa\u0144stwa dotycz\u0105.<\/em><\/strong><br>Tw\u00f3j adres e-mail wykorzystamy tylko w celu przetworzenia Twojego zapytania. Twoje dane zostan\u0105 nast\u0119pnie usuni\u0119te, o ile nie wyrazi\u0142a\u015b\/-e\u015b zgody na dalsze przetwarzanie i wykorzystanie.<\/p>\n\n\n\n<h4 class=\"wp-block-heading\"><strong><em><em><strong>Pliki cookie<\/strong><\/em><\/em><\/strong><\/h4>\n\n\n\n<p>Nasza witryna internetowa wykorzystuje pliki cookie. Pliki cookie to ma\u0142e pliki tekstowe, kt\u00f3re zapisywane s\u0105 w przegl\u0105darce internetowej, wzgl. przez przegl\u0105dark\u0119 internetow\u0105 w systemie komputerowym u\u017cytkownika. Je\u017celi u\u017cytkownik wywo\u0142a witryn\u0119 internetow\u0105, w systemie operacyjnym u\u017cytkownika mo\u017ce zosta\u0107 zapisany plik cookie. Plik ten zawiera charakterystyczny ci\u0105g znak\u00f3w, kt\u00f3ry umo\u017cliwia jednoznaczn\u0105 identyfikacj\u0119 przegl\u0105darki podczas ponownego wywo\u0142ania witryny internetowej.<\/p>\n\n\n\n<p>Pliki cookie s\u0105 zapisywane na Twoim komputerze. Dlatego masz pe\u0142n\u0105 kontrol\u0119 nad wykorzystaniem tych plik\u00f3w. Dzi\u0119ki wybraniu odpowiednich ustawie\u0144 technicznych na Twojej przegl\u0105darce internetowej otrzymujesz informacj\u0119 przed wstawieniem plik\u00f3w cookie i mo\u017cesz decydowa\u0107 o przyj\u0119ciu ka\u017cdego z nich z osobna oraz uniemo\u017cliwi\u0107 ich zapisywanie i przekazywanie danych. Pliki cookie, kt\u00f3re ju\u017c zosta\u0142y zapisane, mo\u017cna w ka\u017cdej chwili usun\u0105\u0107. Pragniemy jednak zwr\u00f3ci\u0107 uwag\u0119, \u017ce w takim przypadku korzystanie przez Ciebie ze wszystkich funkcji niniejszej witryny internetowej mo\u017ce nie by\u0107 mo\u017cliwe w pe\u0142nym zakresie.<\/p>\n\n\n\n<p>Pod podanymi poni\u017cej linkami mo\u017cesz zasi\u0119gn\u0105\u0107 informacji, w jaki spos\u00f3b zarz\u0105dza\u0107 plikami cookie (m.in. r\u00f3wnie\u017c je dezaktywowa\u0107) w najwa\u017cniejszych przegl\u0105darkach.<\/p>\n\n\n\n<p>Przegl\u0105darka Chrome:&nbsp;<a href=\"https:\/\/support.google.com\/accounts\/answer\/61416?hl=pl\" target=\"_blank\" rel=\"noreferrer noopener\">https:\/\/support.google.com\/accounts\/answer\/61416?hl=pl<\/a><br>Internet Explorer:&nbsp;<a href=\"https:\/\/support.microsoft.com\/de-de\/windows\/l%C3%B6schen-und-verwalten-von-cookies-168dab11-0753-043d-7c16-ede5947fc64d\" target=\"_blank\" rel=\"noreferrer noopener\">https:\/\/support.microsoft.com\/de-de\/help\/17442\/windows-internet-explorer-delete-manage-cookies<\/a><br>Mozilla Firefox:&nbsp;<a href=\"https:\/\/support.mozilla.org\/de\/kb\/cookies-erlauben-und-ablehnen\" target=\"_blank\" rel=\"noreferrer noopener\">https:\/\/support.mozilla.org\/de\/kb\/cookies-erlauben-und-ablehnen<\/a><br>Safari:&nbsp;<a href=\"https:\/\/support.apple.com\/de-de\/guide\/safari\/manage-cookies-and-website-data-sfri11471\/mac\" target=\"_blank\" rel=\"noreferrer noopener\">https:\/\/support.apple.com\/de-de\/guide\/safari\/manage-cookies-and-website-data-sfri11471\/mac<\/a><\/p>\n\n\n\n<p><strong><strong>Technicznie niezb\u0119dne pliki cookie<\/strong><\/strong><br>O ile w poni\u017cszej deklaracji o ochronie danych osobowych nie podano \u017cadnych innych informacji,&nbsp;aczkolwiek te technicznie niezb\u0119dne pliki cookie stosujemy&nbsp;w tym celu, aby nasza oferta by\u0142a efektywniejsza, bezpieczniejsza i przyja\u017aniejsza dla u\u017cytkownika. Ponadto pliki cookie umo\u017cliwiaj\u0105 naszym systemom rozpoznanie Twojej przegl\u0105darki r\u00f3wnie\u017c po przej\u015bciu na inn\u0105 stron\u0119 oraz oferowanie us\u0142ug. Niekt\u00f3re funkcje naszej strony internetowej nie mog\u0105 by\u0107 oferowane bez stosowania plik\u00f3w cookie. Funkcje te wymagaj\u0105, aby przegl\u0105darka zosta\u0142a ponownie rozpoznana r\u00f3wnie\u017c po przej\u015bciu na inn\u0105 stron\u0119.<\/p>\n\n\n\n<p>Korzystanie z plik\u00f3w cookie lub por\u00f3wnywalnych technologii odbywa si\u0119 na podstawie \u00a7 25 ust. 1 zdanie 1 TTDSG (niemiecka ustawa o ochronie danych osobowych w telekomunikacji i mediach elektronicznych).&nbsp;Przetwarzanie danych odbywa si\u0119 zgodnie z art. 6 ust. 1 lit. f RODO na podstawie naszego nadrz\u0119dnego, prawnie uzasadnionego interesu, polegaj\u0105cego na zapewnieniu optymalnego dzia\u0142ania witryny internetowej oraz kszta\u0142towania naszej oferty w spos\u00f3b efektywny i przyjazny dla u\u017cytkownika.<br><em><strong>Z przyczyn, kt\u00f3re wynikaj\u0105 z Pa\u0144stwa szczeg\u00f3lnej sytuacji, w ka\u017cdej chwili maj\u0105 Pa\u0144stwo prawo sprzeciwi\u0107 si\u0119 opartemu na art. 6 (1) lit. f DSGVO przetwarzaniu dotycz\u0105cych Pa\u0144stwa danych osobowych.<\/strong><\/em><\/p>\n\n\n\n<h4 class=\"wp-block-heading\"><em><strong><em><strong>Analiza<\/strong><\/em><\/strong><\/em><\/h4>\n\n\n\n<p><strong><strong>Korzystanie z Google Analytics<\/strong><\/strong><br>Na naszej witrynie internetowej korzystamy z us\u0142ugi analiz internetowych Google Analytics firmy Google Ireland Limited (Gordon House, Barrow Street, Dublin 4, Irlandia \u201cGoogle\u201d). Przetwarzanie danych s\u0142u\u017cy analizie tej witryny internetowej i odwiedzaj\u0105cych j\u0105 os\u00f3b, a tak\u017ce do cel\u00f3w marketingu i reklamy. W tym celu, na zlecenie administratora tej witryny internetowej, firma Google b\u0119dzie korzysta\u0107 z pozyskanych informacji dla potrzeb analizy korzystania przez Ciebie z niniejszej witryny w celu sporz\u0105dzania raport\u00f3w o aktywno\u015bciach na witrynie oraz \u015bwiadczenia na rzecz administratora witryny dalszych us\u0142ug zwi\u0105zanych z korzystaniem z witryny i internetu. Zbierane mog\u0105 by\u0107 przy tym nast\u0119puj\u0105ce informacje: adres IP, data i godzina wywo\u0142ywania strony, \u015bcie\u017cka klikni\u0119\u0107, informacje o u\u017cywanej przez Ciebie przegl\u0105darce i urz\u0105dzeniu, z kt\u00f3rego korzystasz, odwiedzanych stronach, URL wcze\u015bniej odwiedzanej strony (witryna internetowa, z kt\u00f3rej nast\u0105pi\u0142o przekierowanie na nasz\u0105 witryn\u0119), dane lokalizacyjne, dokonane zakupy. Adres IP przekazany przez Twoj\u0105 przegl\u0105dark\u0119 w ramach us\u0142ugi Google Analytics nie jest kojarzony z innymi danymi przez firm\u0119 Google. Google Analytics wykorzystuje takie technologie, jak pliki cookie, webspace w przegl\u0105darce i piksele \u015bledz\u0105ce, kt\u00f3re umo\u017cliwiaj\u0105 analiz\u0119 Twojego korzystania z witryny internetowej. Wygenerowane przez nie informacje na temat Twojego korzystania z tej witryny internetowej trafiaj\u0105 z regu\u0142y na serwer Google w Stanach Zjednoczonych, gdzie s\u0105 zapisywane.&nbsp;Google opiera si\u0119 przy tym na standardowych klauzulach umownych, kt\u00f3re stanowi\u0105 odpowiedni\u0105 gwarancj\u0119 ochrony danych osobowych; s\u0105 one dost\u0119pne do wgl\u0105du pod adresem:&nbsp;<a href=\"https:\/\/policies.google.com\/privacy\/frameworks\" target=\"_blank\" rel=\"noreferrer noopener\">https:\/\/policies.google.com\/privacy\/frameworks<\/a>. Dost\u0119p do danych u\u017cytkownik\u00f3w ma zar\u00f3wno Google, jak i ameryka\u0144skie organy pa\u0144stwowe. Google mo\u017ce \u0142\u0105czy\u0107 dane u\u017cytkownik\u00f3w z innymi danymi, np. histori\u0105 wyszukiwania, osobistymi kontami, danymi dotycz\u0105cymi u\u017cytkowania innych urz\u0105dze\u0144 oraz wszystkimi innymi danymi, kt\u00f3re Google udost\u0119pni\u0142 na temat u\u017cytkownik\u00f3w.&nbsp;<br>Anonimizacja IP na tej witrynie internetowej jest aktywna. Dzi\u0119ki temu Tw\u00f3j adres IP zostanie najpierw przetworzony przez Google na form\u0119 skr\u00f3con\u0105 w obr\u0119bie pa\u0144stw cz\u0142onkowskich Unii Europejskiej lub innych pa\u0144stw nale\u017c\u0105cych do Europejskiego Obszaru Gospodarczego. Tylko w wyj\u0105tkowych przypadkach na serwer Google w Stanach Zjednoczonych przesy\u0142any jest pe\u0142en adres IP, gdzie nast\u0119pnie jest skracany.<br>Korzystanie z plik\u00f3w cookie lub por\u00f3wnywalnych technologii odbywa si\u0119 za zgod\u0105 u\u017cytkownika na podstawie \u00a7 25 ust. 1 zdanie 1 TTDSG (niemiecka ustawa o ochronie danych osobowych w telekomunikacji i mediach elektronicznych) w powi\u0105zaniu z art. 6 ust. 1 lit. a RODO. Dane osobowe u\u017cytkownik\u00f3w s\u0105 przetwarzane za ich zgod\u0105 na podstawie art. 6 ust. 1 lit. a RODO.&nbsp;W ka\u017cdej chwili mo\u017cesz wycofa\u0107 zgod\u0119, nie ulega przy tym naruszeniu legalno\u015b\u0107 dokonanego na podstawie udzielonej zgody przetworzenia danych do momentu jej wycofania. Szczeg\u00f3\u0142owe informacje o warunkach u\u017cytkowania i ochronie danych osobowych znajdziesz pod adresem <a href=\"https:\/\/www.google.com\/analytics\/terms\/de.html\" target=\"_blank\" rel=\"noreferrer noopener\">https:\/\/www.google.com\/analytics\/terms\/de.html<\/a> lub <a href=\"https:\/\/www.google.de\/intl\/de\/policies\/\" target=\"_blank\" rel=\"noreferrer noopener\">https:\/\/www.google.de\/intl\/de\/policies\/<\/a> oraz <a href=\"https:\/\/policies.google.com\/technologies\/cookies?hl=de\" target=\"_blank\" rel=\"noreferrer noopener\">https:\/\/policies.google.com\/technologies\/cookies?hl=de<\/a>.<br><br><strong><strong>U\u017cywanie czcionek Google<\/strong><\/strong><br>Na naszej stronie internetowej stosujemy czcionki Google firmy Google Ireland Limited (Gordon House, Barrow Street, Dublin 4, Irlandia; \u201eGoogle\u201d).<br>Przetwarzanie danych s\u0142u\u017cy jednolitej prezentacji czcionek na naszej stronie internetowej. W celu za\u0142adowania czcionek podczas wywo\u0142ywania strony zostaje nawi\u0105zane po\u0142\u0105czenie z serwerami Google. Przetwarzane i przekazywane do Google s\u0105 przy tym m.in. adres IP u\u017cytkownika oraz informacje dotycz\u0105ce u\u017cywanej przez niego przegl\u0105darki. Dane te nie s\u0105 \u0142\u0105czone z Pa\u0144stwa kontem Google. Pa\u0144stwa dane mog\u0105 ewentualnie zosta\u0107 przes\u0142ane do USA. Transfer\u00f3w danych do Stan\u00f3w Zjednoczonych nie reguluje \u017cadna decyzja Komisji Europejskiej stwierdzaj\u0105ca odpowiedni stopie\u0144 ochrony. Przekazywanie danych odbywa si\u0119 m.in. na podstawie standardowych klauzul umownych jako odpowiednich gwarancjach ochrony danych osobowych; s\u0105 one dost\u0119pne do wgl\u0105du na stronie:&nbsp;<a href=\"https:\/\/policies.google.com\/privacy\/frameworks\" target=\"_blank\" rel=\"noreferrer noopener\">https:\/\/policies.google.com\/privacy\/frameworks<\/a>.<br>Korzystanie z plik\u00f3w cookie lub por\u00f3wnywalnych technologii odbywa si\u0119 za zgod\u0105 u\u017cytkownika na podstawie \u00a7 25 ust. 1 zdanie 1 TTDSG (niemiecka ustawa o ochronie danych osobowych w telekomunikacji i mediach elektronicznych) w powi\u0105zaniu z art. 6 ust. 1 lit. a RODO. Dane osobowe u\u017cytkownik\u00f3w s\u0105 przetwarzane za ich zgod\u0105 na podstawie art. 6 ust. 1 lit. a RODO. U\u017cytkownik mo\u017ce w ka\u017cdej chwili odwo\u0142a\u0107 swoj\u0105 zgod\u0119 bez wp\u0142ywu na zgodno\u015b\u0107 z prawem przetwarzania danych prowadzonego na podstawie zgody do momentu odwo\u0142ania.<br>Wi\u0119cej informacji na temat przetwarzania danych i ochrony danych mo\u017cna znale\u017a\u0107 na stronach&nbsp;<a href=\"https:\/\/www.google.de\/intl\/de\/policies\/\" target=\"_blank\" rel=\"noreferrer noopener\">https:\/\/www.google.de\/intl\/de\/policies\/<\/a>&nbsp;i&nbsp;<a href=\"https:\/\/developers.google.com\/fonts\/faq\" target=\"_blank\" rel=\"noreferrer noopener\">https:\/\/developers.google.com\/fonts\/faq<\/a>.<\/p>\n\n\n\n<h4 class=\"wp-block-heading\"><strong><em><strong><em>Prawa os\u00f3b, kt\u00f3rych dane dotycz\u0105, i okres przechowywania danych<\/em><\/strong><\/em><\/strong><\/h4>\n\n\n\n<p><strong><strong>Okres przechowywania danych<\/strong><\/strong><br>Dane s\u0105 przechowywane z uwzgl\u0119dnieniem ustawowych okres\u00f3w przechowywania i nast\u0119pnie usuwane po up\u0142ywie terminu, je\u015bli nie wyrazili Pa\u0144stwo zgody na dalsze przetwarzanie i wykorzystywanie.<\/p>\n\n\n\n<p><strong><strong>Prawa osoby zainteresowanej<\/strong><\/strong><br><\/p>\n\n\n\n<p>Je\u017celi spe\u0142nione s\u0105 wymogi ustawowe, przys\u0142uguj\u0105 Ci nast\u0119puj\u0105ce prawa zgodnie z art. 15-20 DSGVO: prawo do informacji, sprostowania, usuni\u0119cia, ograniczenia przetwarzania oraz mo\u017cliwo\u015bci transferu danych.<\/p>\n\n\n\n<p>Opr\u00f3cz tego, zgodnie z art. 21 (1) DSGVO, przys\u0142uguje Ci prawo sprzeciwu na przetwarzanie danych, kt\u00f3re opiera si\u0119 na art. 6 (1) f DSGVO, jak r\u00f3wnie\u017c na przetwarzanie dla potrzeb reklamy bezpo\u015bredniej.<br><br><strong><strong>Prawo do wniesienia za\u017calenia do organu nadzorczego<\/strong><\/strong><br>Zgodnie z art. 77 DSGVO masz prawo do wniesienia za\u017calenia do organu nadzorczego, je\u017celi uwa\u017casz, \u017ce przetwarzanie Twoich danych osobowych nie odbywa si\u0119 zgodnie z prawem.<br><br><strong><strong>Prawo sprzeciwu<\/strong><\/strong><br>Je\u015bli podstaw\u0119 opisanego tu przetwarzania danych osobowych stanowi nasz uzasadniony interes zgodnie z art. 6 punkt 1 lit. f RODO, u\u017cytkownik ma prawo sprzeciwu w ka\u017cdej chwili wobec przetwarzania danych ze skutkiem na przysz\u0142o\u015b\u0107 z przyczyn wynikaj\u0105cych z jego szczeg\u00f3lnej sytuacji.<\/p>\n\n\n\n<p>Po wniesieniu sprzeciwu przetwarzanie danych zostanie zako\u0144czone, chyba \u017ce b\u0119dziemy mogli udowodni\u0107 bezwzgl\u0119dne przyczyny przetwarzania nienaruszaj\u0105ce ochrony, kt\u00f3re s\u0105 nadrz\u0119dne wobec interes\u00f3w, praw i wolno\u015bci u\u017cytkownika, lub je\u015bli przetwarzanie s\u0142u\u017cy dochodzeniu, wykonywaniu lub obronie roszcze\u0144 prawnych.<\/p>\n","protected":false},"excerpt":{"rendered":"<p>Udost\u0119pnianie Twoich danych osobowych nie jest zalecane ustawowo ani umownie, ani te\u017c w celu zawarcia umowy, o ile w tek\u015bcie poni\u017cej nie podano innych informacji. Nie jeste\u015b zobowi\u0105zana\/-y do udost\u0119pnienia danych. Nieudost\u0119pnienie nie poci\u0105ga za sob\u0105 \u017cadnych konsekwencji. W odniesieniu do poni\u017cszych proces\u00f3w przetwarzania danych zasada ta obowi\u0105zuje tylko w przypadku, gdy niniejszy tekst nie [&hellip;]<\/p>\n","protected":false},"author":1,"featured_media":0,"parent":0,"menu_order":100,"comment_status":"closed","ping_status":"closed","template":"","meta":{"_acf_changed":false,"footnotes":""},"class_list":["post-1336","page","type-page","status-publish","hentry"],"acf":[],"_links":{"self":[{"href":"https:\/\/spielzimmer.berlin\/pl\/wp-json\/wp\/v2\/pages\/1336","targetHints":{"allow":["GET"]}}],"collection":[{"href":"https:\/\/spielzimmer.berlin\/pl\/wp-json\/wp\/v2\/pages"}],"about":[{"href":"https:\/\/spielzimmer.berlin\/pl\/wp-json\/wp\/v2\/types\/page"}],"author":[{"embeddable":true,"href":"https:\/\/spielzimmer.berlin\/pl\/wp-json\/wp\/v2\/users\/1"}],"replies":[{"embeddable":true,"href":"https:\/\/spielzimmer.berlin\/pl\/wp-json\/wp\/v2\/comments?post=1336"}],"version-history":[{"count":3,"href":"https:\/\/spielzimmer.berlin\/pl\/wp-json\/wp\/v2\/pages\/1336\/revisions"}],"predecessor-version":[{"id":1839,"href":"https:\/\/spielzimmer.berlin\/pl\/wp-json\/wp\/v2\/pages\/1336\/revisions\/1839"}],"wp:attachment":[{"href":"https:\/\/spielzimmer.berlin\/pl\/wp-json\/wp\/v2\/media?parent=1336"}],"curies":[{"name":"wp","href":"https:\/\/api.w.org\/{rel}","templated":true}]}}