{"id":1340,"date":"2022-12-01T12:29:10","date_gmt":"2022-12-01T11:29:10","guid":{"rendered":"https:\/\/spielzimmer.berlin\/kontakt\/"},"modified":"2024-08-09T19:20:58","modified_gmt":"2024-08-09T17:20:58","slug":"styk","status":"publish","type":"page","link":"https:\/\/spielzimmer.berlin\/pl\/styk\/","title":{"rendered":"Serdecznie witamy na naszej stronie obs\u0142ugi klient\u00f3w"},"content":{"rendered":"\n<ul class=\"wp-block-list\">\n<li class=\"dripicons-checkmark-phone\"><strong>Telefon:&nbsp;&nbsp;<\/strong><a href=\"tel:+49-030 44037635\">+49-30-44037635<\/a><\/li>\n\n\n\n<li class=\"dripicons-checkmark-mail\"><strong>E-mail:&nbsp;&nbsp;<\/strong>kontakt@spielzimmer.berlin<\/li>\n<\/ul>\n\n\n\n<div class=\"wp-block-group has-border-color has-vivid-cyan-blue-border-color has-background is-layout-flow wp-block-group-is-layout-flow\" style=\"border-width:1px;background-color:#edfafcad;padding-top:var(--wp--preset--spacing--30);padding-right:var(--wp--preset--spacing--30);padding-bottom:var(--wp--preset--spacing--30);padding-left:var(--wp--preset--spacing--30)\">\n<h3 class=\"wp-block-heading has-text-align-left\">FAQ<\/h3>\n\n\n\n<hr class=\"wp-block-separator has-text-color has-vivid-cyan-blue-color has-alpha-channel-opacity has-vivid-cyan-blue-background-color has-background is-style-wide\"\/>\n\n\n\n<button class=\"accordion\">W jakich godzinach jeste\u015bcie otwarci?<\/button>\n<div class=\"contactinfoarea\">\n<p>Wynajmujemy r\u00f3wnie\u017c kawiarenk\u0119 dzieci\u0119c\u0105 <strong>na imprezy prywatne<\/strong>. Dlatego te\u017c niekiedy si\u0119 zdarza, \u017ce do naszego lokalu nie ma wst\u0119pu. <a href=\"\/pl\/#oeffungszeiten-spielzimmer\" title=\"Nasze aktualne godziny otwarcia mo\u017cna zawsze znale\u017a\u0107 tutaj na stronie g\u0142\u00f3wnej\">Nasze aktualne godziny otwarcia mo\u017cna zawsze znale\u017a\u0107 tutaj na stronie g\u0142\u00f3wnej<\/a> lub <a href=\"https:\/\/www.google.com\/search?client=firefox-b-d&amp;q=kindercafe+spielzimmer#loh=true\" title=\"w opisie w Google\" target=\"_blank\" rel=\"noopener\">w opisie w Google<\/a>. Dzi\u0119kujemy za zrozumienie.<\/p><\/div>\n\n<button class=\"accordion\">Kiedy w Spielzimmer w kawiarence dzieci\u0119cej nie jest tak t\u0142oczno? Kiedy s\u0105 godziny szczytu?<\/button>\n<div class=\"contactinfoarea\">\n<p>Z do\u015bwiadczenia wynika, \u017ce Spielzimmer w kawiarence dzieci\u0119cej jest najbardziej obl\u0119\u017cony w zimie. Jednak <strong>w tygodniu<\/strong> zawsze mo\u017cna znale\u017a\u0107 tu miejsce. Najspokojniej jest tu od poniedzia\u0142ku do pi\u0105tku <strong>w godzinach przedpo\u0142udniowych<\/strong> \u2013 zanim wi\u0119kszo\u015b\u0107 dzieci wr\u00f3ci do domu z przedszkola czy szko\u0142y. W <strong>weekend<\/strong> weekend robi si\u0119 tu mniej gwarno mi\u0119dzy <strong>godzin\u0105 13 a 14<\/strong>. NIe mo\u017cemy si\u0119 doczeka\u0107, a\u017c nas odwiedzisz!<\/p><\/div>\n\n<button class=\"accordion\">Czy mog\u0119 przynie\u015b\u0107 ze sob\u0105 w\u0142asne jedzenie?<\/button>\n<div class=\"contactinfoarea\">\n<p>Prowadz\u0105c punkt gastronomiczny <strong>\u017cyjemy ze sprzeda\u017cy naszych produkt\u00f3w spo\u017cywczych<\/strong>, da\u0144 i napoj\u00f3w. Dlatego prosimy o zrozumienie dla naszego wymogu, aby <strong>nie wnosi\u0107 do naszego lokalu jedzenia ani napoj\u00f3w<\/strong>. Dzi\u0119kujemy za zastosowanie si\u0119 do naszej pro\u015bby!<\/p><\/div>\n\n<button class=\"accordion\">Czy mo\u017cna zarezerwowa\u0107 Spielzimmer?<\/button>\n<div class=\"contactinfoarea\">\n<p>Niestety, nie mo\u017cemy rezerwowa\u0107 pojedynczych stolik\u00f3w. W przypadku <strong>grupy licz\u0105cej wi\u0119cej ni\u017c 10 os\u00f3b<\/strong> prosimy o wcze\u015bniejszy kontakt poprzez <strong>formularz kontaktowy<\/strong> lub <strong>telefonicznie<\/strong>.\nMo\u017cemy zaproponowa\u0107 Pa\u0144stwu <strong>zarezerwowanie miejsc<\/strong> w ramach <a href=\"\/fruehstueck-prenzlauer-berg\/\" title=\"rodzinnego \u015bniadania\">rodzinnego \u015bniadania<\/a>, <a href=\"\/kindergeburtstage\/\" title=\"przyj\u0119cia urodzinowego\">przyj\u0119cia urodzinowego<\/a> lub <a href=\"\/kindergeburtstage\/#geschlossene-gesellschaft\" title=\"imprezy zamkni\u0119tej\">imprezy zamkni\u0119tej<\/a>.<\/p><\/div>\n\n<button class=\"accordion\">Czy w kawiarence mo\u017cna zaparkowa\u0107 w\u00f3zki dzieci\u0119ce?<\/button>\n<div class=\"contactinfoarea\">\n<p>Bardzo prosimy o <strong>parkowanie<\/strong> w\u00f3zk\u00f3w i rowerk\u00f3w dzieci\u0119cych, rower\u00f3w, rowerk\u00f3w biegowych itp. <strong>przed nasz\u0105 kawiarenk\u0105<\/strong>. Mamy ku temu <strong>wa\u017cne powody<\/strong>: w\u00f3zki dzieci\u0119ce blokuj\u0105 przej\u015bcia wewn\u0105trz kawiarenki, co stwarza te\u017c ryzyko urazu dla bawi\u0105cych si\u0119 tu i biegaj\u0105cych dzieci. Oczywi\u015bcie, chcemy tego unikn\u0105\u0107.<\/p>\n\n<p>Od momentu za\u0142o\u017cenia Spielzimmer w kawiarence dzieci\u0119cej, ka\u017cdy do tej pory zostawia\u0142 w\u00f3zek przed nasz\u0105 kawiarenk\u0105. W zale\u017cno\u015bci od tego, gdzie usi\u0105dziesz w kawiarence, mo\u017cesz mie\u0107 oko na sw\u00f3j w\u00f3zek przez du\u017c\u0105 witryn\u0119 od frontu. W razie potrzeby mo\u017cna te\u017c zabezpieczy\u0107 w\u00f3zek zamkiem.<\/p>\n\n<p>Mamy nadziej\u0119, \u017ce Spielzimmer w kawiarence dzieci\u0119cej b\u0119dzie dla wszystkich naszych go\u015bci &#8211; ma\u0142ych i du\u017cych &#8211; mi\u0142ym miejscem do zabawy. Dzi\u0119kujemy za zrozumienie i za zastosowanie si\u0119 do naszej pro\u015bby!<\/p><\/div>\n\n<button class=\"accordion\">Czy do kawiarenki mo\u017cna przyj\u015b\u0107 z psem?<\/button>\n<div class=\"contactinfoarea\">\n<p>Bardzo prosimy o <strong>nieprzychodzenie do nas z psami<\/strong>. Mamy ku temu <strong>wa\u017cne powody<\/strong>: Po pierwsze, pobyt u nas by\u0142by zapewne bardzo stresuj\u0105cy dla Twojego pupila. W kawiarence dzieci\u0119cej jest zazwyczaj g\u0142o\u015bno i du\u017co ruchu. Pe\u0142no jest te\u017c os\u00f3b, kt\u00f3re s\u0105 obce dla Twojego psa.<\/p>\n\n<p>Ponadto mo\u017ce si\u0119 okaza\u0107, \u017ce niekt\u00f3rzy z naszych go\u015bci &#8211; du\u017cych i ma\u0142ych &#8211; s\u0105 uczuleni na sier\u015b\u0107 psa. Niekt\u00f3rzy go\u015bcie mog\u0105 te\u017c ba\u0107 si\u0119 ps\u00f3w. Dlatego prosimy &#8211; nie zabieraj do nas swojego czworono\u017cnego przyjaciela. Dzi\u0119kujemy za zrozumienie!<\/p><\/div>\n\n<button class=\"accordion\">Czy mog\u0119 zap\u0142aci\u0107 kart\u0105 EC?<\/button>\n<div class=\"contactinfoarea\">\n<p><strong>Niestety<\/strong>, p\u0142atno\u015b\u0107 przy u\u017cyciu karty EC <strong>nie jest mo\u017cliwa<\/strong>. Przyjmujemy wy\u0142\u0105cznie zap\u0142at\u0119 <strong>got\u00f3wk\u0105<\/strong>.<\/p><\/div>\n<\/div>\n\n\n\n<div class=\"wp-block-group has-custom-kontaktformular-background-color has-background has-global-padding is-layout-constrained wp-block-group-is-layout-constrained\" style=\"padding-top:var(--wp--preset--spacing--30);padding-bottom:var(--wp--preset--spacing--30)\">\n<h2 class=\"wp-block-heading\">Styk<\/h2>\n\n\n\n<hr class=\"wp-block-separator has-text-color has-custom-trenner-kontakt-color has-alpha-channel-opacity has-custom-trenner-kontakt-background-color has-background is-style-wide\"\/>\n\n\n\n<div class=\"wp-block-contact-form-7-contact-form-selector is-style-wide\">\n<div class=\"wpcf7 no-js\" id=\"wpcf7-f1359-o1\" lang=\"pl-PL\" dir=\"ltr\" data-wpcf7-id=\"1359\">\n<div class=\"screen-reader-response\"><p role=\"status\" aria-live=\"polite\" aria-atomic=\"true\"><\/p> <ul><\/ul><\/div>\n<form action=\"\/pl\/wp-json\/wp\/v2\/pages\/1340#wpcf7-f1359-o1\" method=\"post\" class=\"wpcf7-form init\" aria-label=\"Formularz kontaktowy\" novalidate=\"novalidate\" data-status=\"init\">\n<fieldset class=\"hidden-fields-container\"><input type=\"hidden\" name=\"_wpcf7\" value=\"1359\" \/><input type=\"hidden\" name=\"_wpcf7_version\" value=\"6.1.5\" \/><input type=\"hidden\" name=\"_wpcf7_locale\" value=\"pl_PL\" \/><input type=\"hidden\" name=\"_wpcf7_unit_tag\" value=\"wpcf7-f1359-o1\" \/><input type=\"hidden\" name=\"_wpcf7_container_post\" value=\"0\" \/><input type=\"hidden\" name=\"_wpcf7_posted_data_hash\" value=\"\" \/>\n<\/fieldset>\n<p>Imi\u0119<br \/>\n<span class=\"wpcf7-form-control-wrap\" data-name=\"firstname\"><input size=\"40\" maxlength=\"400\" class=\"wpcf7-form-control wpcf7-text\" aria-invalid=\"false\" value=\"\" type=\"text\" name=\"firstname\" \/><\/span>\n<\/p>\n<p>Nazwisko<br \/>\n<span class=\"wpcf7-form-control-wrap\" data-name=\"lastname\"><input size=\"40\" maxlength=\"400\" class=\"wpcf7-form-control wpcf7-text\" aria-invalid=\"false\" value=\"\" type=\"text\" name=\"lastname\" \/><\/span><span id=\"wpcf7-69de2886a0a8f-wrapper\" class=\"wpcf7-form-control-wrap first-name-wrap\" style=\"display:none !important; visibility:hidden !important;\"><label for=\"wpcf7-69de2886a0a8f-field\" class=\"hp-message\">Please leave this field empty.<\/label><input id=\"wpcf7-69de2886a0a8f-field\"  class=\"wpcf7-form-control wpcf7-text\" type=\"text\" name=\"first-name\" value=\"\" size=\"40\" tabindex=\"-1\" autocomplete=\"new-password\" \/><\/span><span id=\"wpcf7-69de2886a0acc-wrapper\" class=\"wpcf7-form-control-wrap last-name-wrap\" style=\"display:none !important; visibility:hidden !important;\"><label for=\"wpcf7-69de2886a0acc-field\" class=\"hp-message\">Please leave this field empty.<\/label><input id=\"wpcf7-69de2886a0acc-field\"  class=\"wpcf7-form-control wpcf7-text\" type=\"text\" name=\"last-name\" value=\"\" size=\"40\" tabindex=\"-1\" autocomplete=\"new-password\" \/><\/span>\n<\/p>\n<p>Adres e-mail*<br \/>\n<span class=\"wpcf7-form-control-wrap\" data-name=\"email\"><input size=\"40\" maxlength=\"400\" class=\"wpcf7-form-control wpcf7-email wpcf7-validates-as-required wpcf7-text wpcf7-validates-as-email\" aria-required=\"true\" aria-invalid=\"false\" value=\"\" type=\"email\" name=\"email\" \/><\/span>\n<\/p>\n<p>Telefon<br \/>\n<span class=\"wpcf7-form-control-wrap\" data-name=\"phone\"><input size=\"40\" maxlength=\"400\" class=\"wpcf7-form-control wpcf7-tel wpcf7-text wpcf7-validates-as-tel\" aria-invalid=\"false\" value=\"\" type=\"tel\" name=\"phone\" \/><\/span>\n<\/p>\n<p>Temat*<br \/>\n<span class=\"wpcf7-form-control-wrap\" data-name=\"subject\"><input size=\"40\" maxlength=\"400\" class=\"wpcf7-form-control wpcf7-text wpcf7-validates-as-required\" aria-required=\"true\" aria-invalid=\"false\" value=\"\" type=\"text\" name=\"subject\" \/><\/span>\n<\/p>\n<p>Wiadomo\u015b\u0107<br \/>\n<span class=\"wpcf7-form-control-wrap\" data-name=\"message\"><textarea cols=\"40\" rows=\"10\" maxlength=\"2000\" class=\"wpcf7-form-control wpcf7-textarea\" aria-invalid=\"false\" name=\"message\"><\/textarea><\/span>\n<\/p>\n<p><input class=\"wpcf7-form-control wpcf7-submit has-spinner\" type=\"submit\" value=\"Wy\u015blij\" \/>\n<\/p><div class=\"wpcf7-response-output\" aria-hidden=\"true\"><\/div>\n<\/form>\n<\/div>\n<\/div>\n<\/div>\n\n\n\n<script src=\"https:\/\/ajax.googleapis.com\/ajax\/libs\/jquery\/2.2.4\/jquery.min.js\"><\/script>\n<script>\nvar acc = document.getElementsByClassName(\"accordion\");\nvar i;\nfor (i = 0; i < acc.length; i++) {\n  acc[i].addEventListener(\"click\", function() {\n\n    this.classList.toggle(\"active\");\n    var panel = this.nextElementSibling;\n    if (panel.style.maxHeight){\n      panel.style.maxHeight = null;\n    } else {\n      panel.style.maxHeight = panel.scrollHeight + \"px\";\n    }\n  });\n}\n<\/script>\n","protected":false},"excerpt":{"rendered":"<p>FAQ W jakich godzinach jeste\u015bcie otwarci? Wynajmujemy r\u00f3wnie\u017c kawiarenk\u0119 dzieci\u0119c\u0105 na imprezy prywatne. Dlatego te\u017c niekiedy si\u0119 zdarza, \u017ce do naszego lokalu nie ma wst\u0119pu. Nasze aktualne godziny otwarcia mo\u017cna zawsze znale\u017a\u0107 tutaj na stronie g\u0142\u00f3wnej lub w opisie w Google. Dzi\u0119kujemy za zrozumienie. Kiedy w Spielzimmer w kawiarence dzieci\u0119cej nie jest tak t\u0142oczno? Kiedy [&hellip;]<\/p>\n","protected":false},"author":1,"featured_media":0,"parent":0,"menu_order":110,"comment_status":"closed","ping_status":"closed","template":"","meta":{"_acf_changed":false,"footnotes":""},"class_list":["post-1340","page","type-page","status-publish","hentry"],"acf":[],"_links":{"self":[{"href":"https:\/\/spielzimmer.berlin\/pl\/wp-json\/wp\/v2\/pages\/1340","targetHints":{"allow":["GET"]}}],"collection":[{"href":"https:\/\/spielzimmer.berlin\/pl\/wp-json\/wp\/v2\/pages"}],"about":[{"href":"https:\/\/spielzimmer.berlin\/pl\/wp-json\/wp\/v2\/types\/page"}],"author":[{"embeddable":true,"href":"https:\/\/spielzimmer.berlin\/pl\/wp-json\/wp\/v2\/users\/1"}],"replies":[{"embeddable":true,"href":"https:\/\/spielzimmer.berlin\/pl\/wp-json\/wp\/v2\/comments?post=1340"}],"version-history":[{"count":8,"href":"https:\/\/spielzimmer.berlin\/pl\/wp-json\/wp\/v2\/pages\/1340\/revisions"}],"predecessor-version":[{"id":5289,"href":"https:\/\/spielzimmer.berlin\/pl\/wp-json\/wp\/v2\/pages\/1340\/revisions\/5289"}],"wp:attachment":[{"href":"https:\/\/spielzimmer.berlin\/pl\/wp-json\/wp\/v2\/media?parent=1340"}],"curies":[{"name":"wp","href":"https:\/\/api.w.org\/{rel}","templated":true}]}}