{"id":1307,"date":"2022-12-02T23:41:24","date_gmt":"2022-12-02T22:41:24","guid":{"rendered":"https:\/\/spielzimmer.berlin\/firmenfeier-kinder-berlin-prenzlauer-berg\/"},"modified":"2024-09-01T20:01:34","modified_gmt":"2024-09-01T18:01:34","slug":"sirket-partisi-cocuklar-berlin-prenzlauer-berg","status":"publish","type":"page","link":"https:\/\/spielzimmer.berlin\/tr\/sirket-partisi-cocuklar-berlin-prenzlauer-berg\/","title":{"rendered":"Berlin Prenzlauer Berg&#8217;de \u00e7ocuklarla \u015firket partisi"},"content":{"rendered":"\n<figure class=\"wp-block-image aligncenter size-full\"><img loading=\"lazy\" decoding=\"async\" width=\"1263\" height=\"455\" src=\"https:\/\/spielzimmer.berlin\/wp-content\/uploads\/2022\/12\/kindercafe-spielzimmer-firmenfeier.jpg\" alt=\"Berlin Prenzlauer Berg'de \u00e7ocuklarla \u015firket partisi\" class=\"wp-image-639\" srcset=\"https:\/\/spielzimmer.berlin\/wp-content\/uploads\/2022\/12\/kindercafe-spielzimmer-firmenfeier.jpg 1263w, https:\/\/spielzimmer.berlin\/wp-content\/uploads\/2022\/12\/kindercafe-spielzimmer-firmenfeier-300x108.jpg 300w, https:\/\/spielzimmer.berlin\/wp-content\/uploads\/2022\/12\/kindercafe-spielzimmer-firmenfeier-1024x369.jpg 1024w, https:\/\/spielzimmer.berlin\/wp-content\/uploads\/2022\/12\/kindercafe-spielzimmer-firmenfeier-768x277.jpg 768w\" sizes=\"auto, (max-width: 1263px) 100vw, 1263px\" \/><\/figure>\n\n\n\n<p><strong>Bir \u015firket partisi<\/strong>, <strong>ekip olu\u015fturmak<\/strong> i\u00e7in harika bir f\u0131rsatt\u0131r. T\u00fcm meslekta\u015flar s\u00fcperviz\u00f6rlerle birlikte sosyal bir toplant\u0131da bir araya gelir. Birbirimizi lezzetli yemeklerle daha iyi tan\u0131mak sosyal etkile\u015fim i\u00e7in harikad\u0131r ve uzun vadede motive eder.<\/p>\n\n\n\n<p>Ancak b\u00f6yle bir <strong>\u015firket etkinli\u011fi<\/strong>, \u00e7al\u0131\u015fanlar\u0131n <strong>ebeveyn<\/strong> olmas\u0131 durumunda zorlay\u0131c\u0131 olabilir. Sonu\u00e7ta, anne ve babalar\u0131n <strong>\u00e7ocuklar\u0131n\u0131n <\/strong>me\u015fgul olmas\u0131n\u0131 ister. Ve Berlin&#8217;de <strong>\u00e7ocuk bak\u0131m hizmeti<\/strong> bulmak genellikle o kadar kolay de\u011fildir.<\/p>\n\n\n\n<p><a href=\"https:\/\/spielzimmer.berlin\/tr\/\" data-type=\"page\" data-id=\"1315\">Familiencaf\u00e9 Spielzimmer<\/a>&#8216;de ise \u00e7ocuklarla rahat ve ne\u015feli bir \u015firket partisi yapabilirsiniz. <strong>\u00d6zel bir parti<\/strong> olarak, bir hizmet g\u00f6revlisi sadece sizin i\u00e7in oradad\u0131r. Tamamen kendi aran\u0131zda zevkle yiyip i\u00e7iyorsunuz. Bu arada, \u00e7ocuklar <strong>kapal\u0131 oyun alan\u0131nda<\/strong> veya <strong>y\u00fcr\u00fcmeye ba\u015flayan \u00e7ocuk oyun alan\u0131nda<\/strong> \u00e7ok e\u011flenirler. Bu y\u00fczden size gen\u00e7leri ve ya\u015fl\u0131lar\u0131 mutlu eden g\u00fczel bir \u00e7\u00f6z\u00fcm sunuyoruz!<\/p>\n\n\n\n<p><strong>En fazla 50 ki\u015fi ile<\/strong> kapal\u0131 parti olarak kutlama yapabilirsiniz. Bu nedenle <strong>Kindercaf\u00e9 Spielzimmer<\/strong>, <strong>yeni kurulan veya orta \u00f6l\u00e7ekli \u015firketler<\/strong> i\u00e7in harika bir parti mekan\u0131d\u0131r. Size co\u015fkulu bir ruh hali ve yeni fikirler i\u00e7in alan sunuyoruz.<\/p>\n\n\n\n<h3 class=\"wp-block-heading\">Ki\u015fisel Berlin \u015firket partiniz<\/h3>\n\n\n\n<p>Belki de <strong>i\u015f ortaklar\u0131n\u0131za veya gelecekteki \u00e7al\u0131\u015fanlar\u0131n\u0131za<\/strong> <strong>aile dostu bir \u015firket<\/strong> oldu\u011funuzu g\u00f6stermek istersiniz? Sevimli <strong>Kindercaf\u00e9<\/strong>&#8216;mizi se\u00e7erek, bunu \u00f6zellikle b\u00fcy\u00fcleyici bir \u015fekilde yapars\u0131n\u0131z.<\/p>\n\n\n\n<p><strong>\u015eirket partileri <\/strong>i\u00e7in \u00e7e\u015fitli <strong>oyun fikirlerinizi <\/strong>de bizimle hayata ge\u00e7irebilirsiniz: \u00d6rne\u011fin, kendinizi boyunuza, alfabeye veya ya\u015f\u0131n\u0131za g\u00f6re s\u0131ralad\u0131\u011f\u0131n\u0131z bir <strong>tan\u0131\u015fma oyununa<\/strong> ne dersiniz? Ya da \u00f6nceden \u015firketiniz hakk\u0131nda e\u011flenceli bir test haz\u0131rlayabilirsiniz.<\/p>\n\n\n\n<p>Her bireyin tak\u0131m\u0131n bir par\u00e7as\u0131 oldu\u011funu g\u00f6steren bir oyuna ne dersiniz? Yan\u0131n\u0131zda beyaz bir <strong>yapboz oyunu<\/strong> getirin. \u015eirket partinizde yapboz par\u00e7alar\u0131n\u0131 tek tek boyars\u0131n\u0131z. Birle\u015ftirilmi\u015f yapboz ofis i\u00e7in g\u00fczel bir duvar dekorasyonu.<\/p>\n\n\n\n<p><strong>\u015eirket partinizi <\/strong>bizimle birlikte rahat bir atmosferde kutlay\u0131n. \u0130ster bir <strong>\u015firket y\u0131ld\u00f6n\u00fcm\u00fc<\/strong>, ister bir <a href=\"https:\/\/spielzimmer.berlin\/tr\/cocuk-dogum-guenleri\/\" data-type=\"page\" data-id=\"1295\">do\u011fum g\u00fcn\u00fc<\/a> veya y\u0131ll\u0131k bir hedefe ula\u015f\u0131lmas\u0131 olsun &#8211; \u00f6nemli olan ruh halinin ne\u015feli olmas\u0131d\u0131r. Hepiniz ekip i\u00e7inde daha fazla memnuniyetten faydalan\u0131rs\u0131n\u0131z. Ve bu da nihayetinde daha fazla ba\u015far\u0131 sa\u011flar!<\/p>\n\n\n\n<p><code><\/code><\/p>\n\n\n\n<p><code><\/code><\/p>\n\n\n\n<div class=\"wp-block-group has-custom-bilder-boxen-background-color has-background has-global-padding is-layout-constrained wp-block-group-is-layout-constrained\" style=\"padding-top:var(--wp--preset--spacing--30);padding-bottom:var(--wp--preset--spacing--30)\">\n<h5 class=\"wp-block-heading\">\u00d6zel bir parti olarak \u00e7ocuklarla \u015firket partisi<\/h5>\n\n\n\n<ul class=\"wp-block-list\">\n<li>T\u00fcm tesisin m\u00fcnhas\u0131r kullan\u0131m\u0131<\/li>\n\n\n\n<li>Bir servis eleman\u0131 parti boyunca sizinle ilgilenecek ve arkan\u0131z\u0131 kollayacakt\u0131r<\/li>\n\n\n\n<li>\u015fenli\u0307k dekorasyonu<\/li>\n\n\n\n<li>\u0130ste\u011finize g\u00f6re lezzetli yemek servisi (\u00f6rn. kahvalt\u0131 veya ak\u015fam yeme\u011fi b\u00fcfesi)<\/li>\n\n\n\n<li>Kapal\u0131 oyun alan\u0131nda, y\u00fcr\u00fcmeye ba\u015flayan \u00e7ocuk oyun alan\u0131nda ve t\u00fcm oyuncaklarla rahats\u0131z edilmeden oynama<\/li>\n\n\n\n<li>T\u00fcm sevdiklerinizle birlikte harika bir e\u011flence i\u00e7in sab\u0131rs\u0131zlan\u0131yoruz<\/li>\n<\/ul>\n\n\n\n<p><strong><strong>Partinin s\u00fcresi<\/strong>:<\/strong> 3,5 Saat \u2013 <strong><strong>Sat\u0131\u015f garantisi<\/strong>:<\/strong> 750,00 \u20ac<\/p>\n<\/div>\n\n\n\n<div class=\"wp-block-group has-border-color has-custom-rahmen-border-color has-custom-bookly-boxen-background-color has-background has-global-padding is-layout-constrained wp-block-group-is-layout-constrained\" style=\"border-width:2px;padding-top:var(--wp--preset--spacing--30);padding-bottom:var(--wp--preset--spacing--30)\">\n<h2 class=\"wp-block-heading\">Bir \u015firket partisi i\u00e7in Kindercaf\u00e9 Spielzimmer&#8217;\u0131 hemen ay\u0131rt\u0131n!<\/h2>\n\n\n\n<hr class=\"wp-block-separator has-text-color has-vivid-cyan-blue-color has-alpha-channel-opacity has-vivid-cyan-blue-background-color has-background is-style-wide\"\/>\n\n\n\n<div class=\"wp-block-bookly-form\"><!--\nPlugin Name: Bookly - Responsive WordPress Appointment Booking and Scheduling Plugin\nPlugin URI: https:\/\/www.booking-wp-plugin.com\/?utm_source=bookly_admin&utm_medium=plugins_page&utm_campaign=plugins_page\nVersion: 27.3-->\n<style type=\"text\/css\">\n    :root {\n        --bookly-main-color: #ff6f96 !important;\n        --bookly-color: #ff6f96 !important;\n    }\n\n        .active{\nbackground-color: unset !important;\npadding: unset !important;\nfont-size: unset !important;\n}\n.bookly-form select{\n  background-color: #ebeaea;\n}\n.bookly-form-group input{\n  background-color: #dcdcdc;\n}\n.bookly-form-group textarea{\n  background-color: #dcdcdc;\n}\n\n\/* Basis: Label als Karten + Bildfl\u00e4che *\/\n.bookly-form input[name=\"bookly-js-custom-field-99434-2\"] + span, .bookly-form input[name=\"bookly-js-custom-field-99434-3\"] + span, .bookly-form input[name=\"bookly-js-custom-field-99434-12\"] + span {\n  display: flex;\n  flex-direction: column-reverse; \/* Text oben, Bild unten *\/\n  align-items: flex-start;        \/* Inhalte links ausrichten *\/\n  text-align: left;               \/* Text linksb\u00fcndig *\/\n  gap: 10px;\n  padding: 8px 12px;\n  margin: 6px;\n  cursor: pointer;\n}\n\n\/* Bildfl\u00e4che davor *\/\n.bookly-form input[name=\"bookly-js-custom-field-99434-2\"] + span::before, .bookly-form input[name=\"bookly-js-custom-field-99434-3\"] + span::before, .bookly-form input[name=\"bookly-js-custom-field-99434-12\"] + span::before {\n  content: \"\";\n  display: block;\n  width: 150px;\n  height: 150px;\n  background-size: cover;\n  background-position: center;\n  border-radius: 8px;\n}\n\n\/* Bild f\u00fcr Obstteller *\/\n.bookly-form input[name=\"bookly-js-custom-field-99434-2\"][value=\"Obstteller\"] + span::before, .bookly-form input[name=\"bookly-js-custom-field-99434-3\"][value=\"Obstteller\"] + span::before, .bookly-form input[name=\"bookly-js-custom-field-99434-12\"][value=\"Obstteller\"] + span::before {\n  background-image: url('\/wp-content\/uploads\/2025\/08\/geburtstag-obstteller.png');\n}\n\n\/* Bild f\u00fcr Gem\u00fcseteller *\/\n.bookly-form input[name=\"bookly-js-custom-field-99434-2\"][value*=\"Gem\u00fcseteller\"] + span::before, .bookly-form input[name=\"bookly-js-custom-field-99434-3\"][value*=\"Gem\u00fcseteller\"] + span::before, .bookly-form input[name=\"bookly-js-custom-field-99434-12\"][value*=\"Gem\u00fcseteller\"] + span::before {\n  background-image: url('\/wp-content\/uploads\/2025\/08\/geburtstag-gemueseteller.png');\n}\n\n\/* Aktive Auswahl hervorheben *\/\n.bookly-form input[name=\"bookly-js-custom-field-99434-2\"]:checked + span, .bookly-form input[name=\"bookly-js-custom-field-99434-3\"]:checked + span, .bookly-form input[name=\"bookly-js-custom-field-99434-12\"]:checked + span {\n  outline: 2px solid #111;\n  outline-offset: 2px;\n}\n@media (max-width: 480px) {\n  .bookly-form input[name=\"bookly-js-custom-field-99434-2\"] + span::before, .bookly-form input[name=\"bookly-js-custom-field-99434-3\"] + span::before, .bookly-form input[name=\"bookly-js-custom-field-99434-12\"] + span::before {\n    width: 100px;\n    height: 100px;\n  }\n}\n\n\n\n\/* Basis: Label als Karten + Bildfl\u00e4che (Gruppe Geburtstagskuchen) *\/\n.bookly-form input[name=\"bookly-js-custom-field-55363-1\"] + span, .bookly-form input[name=\"bookly-js-custom-field-55363-2\"] + span, .bookly-form input[name=\"bookly-js-custom-field-55363-3\"] + span, .bookly-form input[name=\"bookly-js-custom-field-55363-4\"] + span,\n.bookly-form input[name=\"bookly-js-custom-field-55363-11\"] + span, .bookly-form input[name=\"bookly-js-custom-field-55363-12\"] + span {\n  display: flex;\n  flex-direction: column-reverse; \/* Text oben, Bild unten *\/\n  align-items: flex-start;        \/* Inhalte links ausrichten *\/\n  text-align: left;               \/* Text linksb\u00fcndig *\/\n  gap: 10px;\n  padding: 8px 12px;\n  margin: 6px;\n  cursor: pointer;\n}\n\n\/* Bildfl\u00e4che davor *\/\n.bookly-form input[name=\"bookly-js-custom-field-55363-1\"] + span::before, .bookly-form input[name=\"bookly-js-custom-field-55363-2\"] + span::before, .bookly-form input[name=\"bookly-js-custom-field-55363-3\"] + span::before, .bookly-form input[name=\"bookly-js-custom-field-55363-4\"] + span::before, .bookly-form input[name=\"bookly-js-custom-field-55363-11\"] + span::before, .bookly-form input[name=\"bookly-js-custom-field-55363-12\"] + span::before {\n  content: \"\";\n  display: block;\n  width: 150px;\n  height: 150px;\n  background-size: cover;\n  background-position: center;\n  border-radius: 8px;\n}\n\n\/* Papagei-Kuchen *\/\n.bookly-form input[name=\"bookly-js-custom-field-55363-1\"][value*=\"Papagei-Kuchen\"] + span::before, .bookly-form input[name=\"bookly-js-custom-field-55363-2\"][value*=\"Papagei-Kuchen\"] + span::before, .bookly-form input[name=\"bookly-js-custom-field-55363-3\"][value*=\"Papagei-Kuchen\"] + span::before, .bookly-form input[name=\"bookly-js-custom-field-55363-4\"][value*=\"Papagei-Kuchen\"] + span::before, .bookly-form input[name=\"bookly-js-custom-field-55363-11\"][value*=\"Papagei-Kuchen\"] + span::before, .bookly-form input[name=\"bookly-js-custom-field-55363-12\"][value*=\"Papagei-Kuchen\"] + span::before {\n  background-image: url('\/wp-content\/uploads\/2025\/08\/geburtstag-papageikuchen.png');\n}\n\n\/* Marmorkuchen *\/\n.bookly-form input[name=\"bookly-js-custom-field-55363-1\"][value*=\"Marmorkuchen\"] + span::before, .bookly-form input[name=\"bookly-js-custom-field-55363-2\"][value*=\"Marmorkuchen\"] + span::before, .bookly-form input[name=\"bookly-js-custom-field-55363-3\"][value*=\"Marmorkuchen\"] + span::before, .bookly-form input[name=\"bookly-js-custom-field-55363-4\"][value*=\"Marmorkuchen\"] + span::before, .bookly-form input[name=\"bookly-js-custom-field-55363-11\"][value*=\"Marmorkuchen\"] + span::before, .bookly-form input[name=\"bookly-js-custom-field-55363-12\"][value*=\"Marmorkuchen\"] + span::before {\n  background-image: url('\/wp-content\/uploads\/2025\/08\/geburtstag-marmorkuchen.png');\n}\n\n\/* Belgische Waffeln *\/\n.bookly-form input[name=\"bookly-js-custom-field-55363-1\"][value*=\"Belgische Waffeln\"] + span::before, .bookly-form input[name=\"bookly-js-custom-field-55363-2\"][value*=\"Belgische Waffeln\"] + span::before, .bookly-form input[name=\"bookly-js-custom-field-55363-3\"][value*=\"Belgische Waffeln\"] + span::before, .bookly-form input[name=\"bookly-js-custom-field-55363-4\"][value*=\"Belgische Waffeln\"] + span::before, .bookly-form input[name=\"bookly-js-custom-field-55363-11\"][value*=\"Belgische Waffeln\"] + span::before, .bookly-form input[name=\"bookly-js-custom-field-55363-12\"][value*=\"Belgische Waffeln\"] + span::before {\n  background-image: url('\/wp-content\/uploads\/2025\/08\/geburtstag-belgische-waffeln.png');\n}\n\n\/* Zitronenkuchen *\/\n.bookly-form input[name=\"bookly-js-custom-field-55363-1\"][value*=\"Zitronenkuchen\"] + span::before, .bookly-form input[name=\"bookly-js-custom-field-55363-2\"][value*=\"Zitronenkuchen\"] + span::before, .bookly-form input[name=\"bookly-js-custom-field-55363-3\"][value*=\"Zitronenkuchen\"] + span::before, .bookly-form input[name=\"bookly-js-custom-field-55363-4\"][value*=\"Zitronenkuchen\"] + span::before, .bookly-form input[name=\"bookly-js-custom-field-55363-11\"][value*=\"Zitronenkuchen\"] + span::before, .bookly-form input[name=\"bookly-js-custom-field-55363-12\"][value*=\"Zitronenkuchen\"] + span::before {\n  background-image: url('\/wp-content\/uploads\/2025\/08\/geburtstag-zitronenkuchen.png');\n}\n\n\/* Aktive Auswahl hervorheben *\/\n.bookly-form input[name=\"bookly-js-custom-field-55363-1\"]:checked + span, .bookly-form input[name=\"bookly-js-custom-field-55363-2\"]:checked + span, .bookly-form input[name=\"bookly-js-custom-field-55363-3\"]:checked + span, .bookly-form input[name=\"bookly-js-custom-field-55363-4\"]:checked + span, .bookly-form input[name=\"bookly-js-custom-field-55363-11\"]:checked + span, .bookly-form input[name=\"bookly-js-custom-field-55363-12\"]:checked + span {\n  outline: 2px solid #111;\n  outline-offset: 2px;\n}\n\n\/* Responsive: kleinere Bilder am Handy *\/\n@media (max-width: 480px){\n  .bookly-form input[name=\"bookly-js-custom-field-55363-1\"] + span::before,  .bookly-form input[name=\"bookly-js-custom-field-55363-2\"] + span::before,  .bookly-form input[name=\"bookly-js-custom-field-55363-3\"] + span::before,  .bookly-form input[name=\"bookly-js-custom-field-55363-4\"] + span::before,  .bookly-form input[name=\"bookly-js-custom-field-55363-11\"] + span::before,  .bookly-form input[name=\"bookly-js-custom-field-55363-12\"] + span::before {\n    width: 100px;\n    height: 100px;\n  }\n}\n\n\n\n\n\/* Basis: Label als Karten + Bildfl\u00e4che (Gruppe Essen im Geburtstagspaket) *\/\n.bookly-form input[name=\"bookly-js-custom-field-32463-3\"] + span {\n  display: flex;\n  flex-direction: column-reverse; \/* Text oben, Bild unten *\/\n  align-items: flex-start;        \/* Inhalte links ausrichten *\/\n  text-align: left;               \/* Text linksb\u00fcndig *\/\n  gap: 10px;\n  padding: 8px 12px;\n  margin: 6px;\n  cursor: pointer;\n}\n\n\/* Bildfl\u00e4che davor *\/\n.bookly-form input[name=\"bookly-js-custom-field-32463-3\"] + span::before {\n  content: \"\";\n  display: block;\n  width: 150px;\n  height: 150px;\n  background-size: cover;\n  background-position: center;\n  border-radius: 8px;\n}\n\n\/* Gefl\u00fcgel-HotDogs *\/\n.bookly-form input[name=\"bookly-js-custom-field-32463-3\"][value*=\"Gefl\u00fcgel-HotDogs\"] + span::before {\n  background-image: url('\/wp-content\/uploads\/2025\/08\/gefluegel-hotdogs.png');\n}\n\n\/* Gefl\u00fcgel-Wiener mit Toastecken *\/\n.bookly-form input[name=\"bookly-js-custom-field-32463-3\"][value*=\"Gefl\u00fcgel-Wiener mit Toastecken\"] + span::before {\n  background-image: url('\/wp-content\/uploads\/2025\/08\/gefluegel-wiener-mit-toastecken.png');\n}\n\n\/* Nudeln mit Tomatensauce *\/\n.bookly-form input[name=\"bookly-js-custom-field-32463-3\"][value*=\"Nudeln mit Tomatensauce\"] + span::before {\n  background-image: url('\/wp-content\/uploads\/2025\/08\/nudeln-mit-tomatensauce.png');\n}\n\n\/* Aktive Auswahl hervorheben *\/\n.bookly-form input[name=\"bookly-js-custom-field-32463-3\"]:checked + span {\n  outline: 2px solid #111;\n  outline-offset: 2px;\n}\n\n\/* Responsive: kleinere Bilder am Handy *\/\n@media (max-width: 480px){\n  .bookly-form input[name=\"bookly-js-custom-field-32463-3\"] + span::before {\n    width: 100px;\n    height: 100px;\n  }\n}\n\n.bookly-form label {\n  display: flex;\n  align-items: center;\n  gap: 12px;\n}\n\n.bookly-form label span {\n  display: flex;\n  flex-direction: column-reverse;\n  align-items: center;\n}    <\/style><div class=\"bookly-css-root\">\n    <div id=\"bookly-form-container-69de28f18b790\" class=\"bookly-form\" data-form_id=\"\" aria-live=\"polite\">\n        <div style=\"text-align: center\"><img decoding=\"async\" src=\"https:\/\/spielzimmer.berlin\/wp-includes\/js\/tinymce\/skins\/lightgray\/img\/loader.gif\" alt=\"Loading...\"\/><\/div>\n    <\/div>\n<\/div>\n<script type=\"text\/javascript\">\n    (function (win, fn) {\n        var done = false, top = true,\n            doc = win.document,\n            root = doc.documentElement,\n            modern = doc.addEventListener,\n            add = modern ? 'addEventListener' : 'attachEvent',\n            rem = modern ? 'removeEventListener' : 'detachEvent',\n            pre = modern ? '' : 'on',\n            init = function (e) {\n                if (e.type == 'readystatechange') if (doc.readyState != 'complete') return;\n                (e.type == 'load' ? win : doc)[rem](pre + e.type, init, false);\n                if (!done) {\n                    done = true;\n                    fn.call(win, e.type || e);\n                }\n            },\n            poll = function () {\n                try {\n                    root.doScroll('left');\n                } catch (e) {\n                    setTimeout(poll, 50);\n                    return;\n                }\n                init('poll');\n            };\n        if (doc.readyState == 'complete') fn.call(win, 'lazy');\n        else {\n            if (!modern) if (root.doScroll) {\n                try {\n                    top = !win.frameElement;\n                } catch (e) {\n                }\n                if (top) poll();\n            }\n            doc[add](pre + 'DOMContentLoaded', init, false);\n            doc[add](pre + 'readystatechange', init, false);\n            win[add](pre + 'load', init, false);\n        }\n    })(window, function () {\n        window.bookly( {\"form_id\":\"69de28f18b790\",\"form_data\":{\"skip_service_step\":0,\"hide_service_part1\":0,\"hide_service_part2\":1,\"defaults\":{\"service_id\":0,\"staff_id\":0,\"location_id\":0,\"category_id\":13,\"units\":0,\"date_from\":0,\"time_from\":0,\"time_to\":0}},\"status\":{\"booking\":\"new\"},\"form_token\":null,\"skip_steps\":{\"service_part1\":0,\"service_part2\":1,\"extras\":0,\"time\":0,\"repeat\":1,\"cart\":1},\"errors\":{\"session_error\":\"Session error.\",\"form_id_error\":\"Form ID error.\",\"cart_item_not_available\":\"Die eingestellte Zeit ist nicht mehr vorhanden. Bitte w\\u00e4hlen Sie ein anderes Zeitfenster\\n.\",\"pay_locally_not_available\":\"Pay locally is not available.\",\"invalid_gateway\":\"Invalid gateway.\",\"payment_error\":\"Error.\",\"incorrect_username_password\":\"Ge\\u00e7ersiz kullan\\u0131c\\u0131 ad\\u0131 ya da parola.\"},\"form_attributes\":{\"hide_categories\":true,\"hide_services\":false,\"hide_staff_members\":true,\"show_number_of_persons\":false,\"hide_service_duration\":true,\"hide_locations\":true,\"hide_quantity\":true,\"hide_date\":true,\"hide_week_days\":true,\"hide_time_range\":true,\"const_category_id\":13},\"use_client_time_zone\":0,\"defaults\":{\"service_id\":0,\"staff_id\":0,\"location_id\":0,\"category_id\":13},\"datepicker_mode\":\"text-accent\",\"facebook\":{\"enabled\":0,\"appId\":\"\"},\"step_extras\":\"after_step_time\"} );\n    });\n<\/script><\/div>\n<\/div>\n\n\n\n<p><code><\/code><\/p>\n","protected":false},"excerpt":{"rendered":"<p>Bir \u015firket partisi, ekip olu\u015fturmak i\u00e7in harika bir f\u0131rsatt\u0131r. T\u00fcm meslekta\u015flar s\u00fcperviz\u00f6rlerle birlikte sosyal bir toplant\u0131da bir araya gelir. Birbirimizi lezzetli yemeklerle daha iyi tan\u0131mak sosyal etkile\u015fim i\u00e7in harikad\u0131r ve uzun vadede motive eder. Ancak b\u00f6yle bir \u015firket etkinli\u011fi, \u00e7al\u0131\u015fanlar\u0131n ebeveyn olmas\u0131 durumunda zorlay\u0131c\u0131 olabilir. Sonu\u00e7ta, anne ve babalar\u0131n \u00e7ocuklar\u0131n\u0131n me\u015fgul olmas\u0131n\u0131 ister. Ve Berlin&#8217;de [&hellip;]<\/p>\n","protected":false},"author":1,"featured_media":0,"parent":0,"menu_order":87,"comment_status":"closed","ping_status":"closed","template":"","meta":{"_acf_changed":false,"footnotes":""},"class_list":["post-1307","page","type-page","status-publish","hentry"],"acf":[],"_links":{"self":[{"href":"https:\/\/spielzimmer.berlin\/tr\/wp-json\/wp\/v2\/pages\/1307","targetHints":{"allow":["GET"]}}],"collection":[{"href":"https:\/\/spielzimmer.berlin\/tr\/wp-json\/wp\/v2\/pages"}],"about":[{"href":"https:\/\/spielzimmer.berlin\/tr\/wp-json\/wp\/v2\/types\/page"}],"author":[{"embeddable":true,"href":"https:\/\/spielzimmer.berlin\/tr\/wp-json\/wp\/v2\/users\/1"}],"replies":[{"embeddable":true,"href":"https:\/\/spielzimmer.berlin\/tr\/wp-json\/wp\/v2\/comments?post=1307"}],"version-history":[{"count":6,"href":"https:\/\/spielzimmer.berlin\/tr\/wp-json\/wp\/v2\/pages\/1307\/revisions"}],"predecessor-version":[{"id":5397,"href":"https:\/\/spielzimmer.berlin\/tr\/wp-json\/wp\/v2\/pages\/1307\/revisions\/5397"}],"wp:attachment":[{"href":"https:\/\/spielzimmer.berlin\/tr\/wp-json\/wp\/v2\/media?parent=1307"}],"curies":[{"name":"wp","href":"https:\/\/api.w.org\/{rel}","templated":true}]}}