{"id":1311,"date":"2022-11-29T12:07:14","date_gmt":"2022-11-29T11:07:14","guid":{"rendered":"https:\/\/spielzimmer.berlin\/speisekarte\/"},"modified":"2025-10-11T15:03:43","modified_gmt":"2025-10-11T13:03:43","slug":"yemek-listesi","status":"publish","type":"page","link":"https:\/\/spielzimmer.berlin\/tr\/yemek-listesi\/","title":{"rendered":"I\u00e7ecekler ve Yiyecek"},"content":{"rendered":"\r\n<div class=\"wp-block-columns speisekarte is-layout-flex wp-container-core-columns-is-layout-28f84493 wp-block-columns-is-layout-flex\">\r\n<div class=\"wp-block-column is-layout-flow wp-block-column-is-layout-flow\">\r\n<table>\r\n<tbody>\r\n<tr>\r\n<td>\r\n<h4>Tatl\u0131 Spielzimmer<\/h4>\r\n<ul>\r\n<li>Ekmek<\/li>\r\n<li>Po\u011fa\u00e7a<\/li>\r\n<li>Re\u00e7el<\/li>\r\n<li>Yumurta<\/li>\r\n<\/ul>\r\n<\/td>\r\n<td valign=top>\r\n<h4 class=\"nobr\">12,00&nbsp;\u20ac<\/h4>\r\n<\/td>\r\n<\/tr>\r\n<tr>\r\n<td>\r\n<h4>Douyurucu Spielzimmer<\/h4>\r\n<ul>\r\n<li>Ekmek<\/li>\r\n<li>Po\u011fa\u00e7a<\/li>\r\n<li>Peynir<\/li>\r\n<li>Salam<\/li>\r\n<li>Jambon<\/li>\r\n<li>Yumurta<\/li>\r\n<\/ul>\r\n<\/td>\r\n<td valign=top>\r\n<h4 class=\"nobr\">14,00&nbsp;\u20ac<\/h4>\r\n<\/td>\r\n<\/tr>\r\n<tr>\r\n<td>\r\n<h4>Vejetaryen Spielzimmer<\/h4>\r\n<ul>\r\n<li>Ekmek<\/li>\r\n<li>Po\u011fa\u00e7a<\/li>\r\n<li>Farkl\u0131 peynir \u00e7e\u015fitleri<\/li>\r\n<li>Yumurta<\/li>\r\n<\/ul>\r\n<\/td>\r\n<td valign=top>\r\n<h4 class=\"nobr\">15,00&nbsp;\u20ac<\/h4>\r\n<\/td>\r\n<\/tr>\r\n<tr>\r\n<td>\r\n<h4>B\u00fcy\u00fck Spielzimmer<\/h4>\r\n<ul>\r\n<li>Ekmek<\/li>\r\n<li>Po\u011fa\u00e7a<\/li>\r\n<li>Re\u00e7el<\/li>\r\n<li>Peynir<\/li>\r\n<li>Salam<\/li>\r\n<li>Jambon<\/li>\r\n<li>Yumurta<\/li>\r\n<li>Domates-Mozzarella<\/li>\r\n<\/ul>\r\n<\/td>\r\n<td valign=top>\r\n<h4 class=\"nobr\">17,00&nbsp;\u20ac<\/h4>\r\n<\/td>\r\n<\/tr>\r\n<\/tbody>\r\n<\/table>\r\n<\/div>\r\n\r\n\r\n\r\n<div class=\"wp-block-column is-layout-flow wp-block-column-is-layout-flow\">\r\n<table>\r\n<tbody>\r\n<tr>\r\n<td>\r\n<h4>Taze Bel\u00e7ika waffle&#8217;lar\u0131<\/h4>\r\n<ul>\r\n<li>Pudra \u015fekeri<\/li>\r\n<li>Tar\u00e7\u0131n ve \u015eeker<\/li>\r\n<li>Elma P\u00fcresi<\/li>\r\n<li>Kiraz<\/li>\r\n<\/ul>\r\n<\/td>\r\n<td valign=top>\r\n<h4 class=\"nobr\">4,50 \u20ac<\/h4>\r\n<\/td>\r\n<\/tr>\r\n<tr>\r\n<td>\r\n<h4>Se\u00e7ti\u011finiz sandvi\u00e7in \u00fczerine<\/h4>\r\n<ul>\r\n<li>Peynir<\/li>\r\n<li>Salam<\/li>\r\n<li>Jambon<\/li>\r\n<li>Salatal\u0131k<\/li>\r\n<li>Domates<\/li>\r\n<li>Pesto<\/li>\r\n<li>Mozzarella<\/li>\r\n<\/ul>\r\n<\/td>\r\n<td valign=top>\r\n<h4 class=\"nobr\">4,50&nbsp;\u20ac<\/h4>\r\n<\/td>\r\n<\/tr>\r\n<tr>\r\n<td>\r\n<h4>2 Viyana sosisi ve k\u0131zarm\u0131\u015f ekmek dilimleri<\/h4>\r\n<\/td>\r\n<td valign=top>\r\n<h4 class=\"nobr\">3,80 \u20ac<\/h4>\r\n<\/td>\r\n<\/tr>\r\n<tr>\r\n<td>\r\n<h4>Yulaf lapas\u0131 &#8211; elma veya muz<\/h4>\r\n<\/td>\r\n<td valign=top>\r\n<h4 class=\"nobr\">4,90 \u20ac<\/h4>\r\n<\/td>\r\n<\/tr>\r\n<tr>\r\n<td>\r\n<h4>Meyve taba\u011f\u0131 \/ Sebze taba\u011f\u0131<\/h4>\r\n<\/td>\r\n<td valign=top>\r\n<h4 class=\"nobr\">4,80 \u20ac<\/h4>\r\n<\/td>\r\n<\/tr>\r\n<tr>\r\n<td>\r\n<h4>Domates soslu makarna<\/h4>\r\n<\/td>\r\n<td valign=top>\r\n<h4 class=\"nobr\">4,90 \u20ac<\/h4>\r\n<\/td>\r\n<\/tr>\r\n<tr>\r\n<td>\r\n<h4>S\u00fctla\u00e7<\/h4>\r\n<\/td>\r\n<td valign=top>\r\n<h4 class=\"nobr\">4,90 \u20ac<\/h4>\r\n<\/td>\r\n<\/tr>\r\n<\/tbody>\r\n<\/table>\r\n<\/div>\r\n<\/div>\r\n\r\n\r\n\r\n<div class=\"wp-block-columns speisekarte is-layout-flex wp-container-core-columns-is-layout-28f84493 wp-block-columns-is-layout-flex\">\r\n<div class=\"wp-block-column is-layout-flow wp-block-column-is-layout-flow\">\r\n<table>\r\n<tbody>\r\n<tr>\r\n<td>\r\n<h4>Kahve<\/h4>\r\n<\/td>\r\n<td valign=top>\r\n<h4 class=\"nobr\">3,50&nbsp;\u20ac<\/h4>\r\n<\/td>\r\n<\/tr>\r\n<tr>\r\n<td>\r\n<h4>Cappuccino<\/h4>\r\n<\/td>\r\n<td valign=top>\r\n<h4 class=\"nobr\">3,90&nbsp;\u20ac<\/h4>\r\n<\/td>\r\n<\/tr>\r\n<tr>\r\n<td>\r\n<h4>Latte Macchiato<\/h4>\r\n<\/td>\r\n<td valign=top>\r\n<h4 class=\"nobr\">4,80&nbsp;\u20ac<\/h4>\r\n<\/td>\r\n<\/tr>\r\n<tr>\r\n<td>\r\n<h4>Espresso<\/h4>\r\n<\/td>\r\n<td valign=top>\r\n<h4 class=\"nobr\">2,90&nbsp;\u20ac<\/h4>\r\n<\/td>\r\n<\/tr>\r\n<tr>\r\n<td>\r\n<h4>Espresso Macchiato<\/h4>\r\n<\/td>\r\n<td valign=top>\r\n<h4 class=\"nobr\">3,50&nbsp;\u20ac<\/h4>\r\n<\/td>\r\n<\/tr>\r\n<tr>\r\n<td>\r\n<h4>S\u00fctl\u00fc kahve<\/h4>\r\n<\/td>\r\n<td valign=top>\r\n<h4 class=\"nobr\">4,80&nbsp;\u20ac<\/h4>\r\n<\/td>\r\n<\/tr>\r\n<\/tbody>\r\n<\/table>\r\n<\/div>\r\n\r\n\r\n\r\n<div class=\"wp-block-column is-layout-flow wp-block-column-is-layout-flow\">\r\n<table>\r\n<tbody>\r\n<tr>\r\n<td>\r\n<h4>Organik \u00e7ay<\/h4>\r\n<\/td>\r\n<td valign=top>\r\n<h4 class=\"nobr\">2,90&nbsp;\u20ac<\/h4>\r\n<\/td>\r\n<\/tr>\r\n<tr>\r\n<td>\r\n<h4>Chai Latte<\/h4>\r\n<\/td>\r\n<td valign=top>\r\n<h4 class=\"nobr\">4,90&nbsp;\u20ac<\/h4>\r\n<\/td>\r\n<\/tr>\r\n<tr>\r\n<td>\r\n<h4>Ovomaltine<\/h4>\r\n<\/td>\r\n<td valign=top>\r\n<h4 class=\"nobr\">4,20&nbsp;\u20ac<\/h4>\r\n<\/td>\r\n<\/tr>\r\n<tr>\r\n<td>\r\n<h4>S\u0131cak \u00e7ikolata<\/h4>\r\n<ul>\r\n<li>Koyu<\/li>\r\n<li>Beyaz<\/li>\r\n<\/ul>\r\n<\/td>\r\n<td valign=top>\r\n<h4 class=\"nobr\">4,90&nbsp;\u20ac<\/h4>\r\n<\/td>\r\n<\/tr>\r\n<tr>\r\n<td>\r\n<h4>S\u0131cak s\u00fct + bal<\/h4>\r\n<\/td>\r\n<td valign=top>\r\n<h4 class=\"nobr\">3,50&nbsp;\u20ac<\/h4>\r\n<\/td>\r\n<\/tr>\r\n<\/tbody>\r\n<\/table>\r\n<\/div>\r\n\r\n\r\n\r\n<div class=\"wp-block-column is-layout-flow wp-block-column-is-layout-flow\">\r\n<table>\r\n<tbody>\r\n<tr>\r\n<td>\r\n<h4>S\u00fct k\u00f6p\u00fc\u011f\u00fc<\/h4>\r\n<\/td>\r\n<td valign=top>\r\n<h4 class=\"nobr\">1,50&nbsp;\u20ac<\/h4>\r\n<\/td>\r\n<\/tr>\r\n<tr>\r\n<td>\r\n<h4>\u00c7ocuk s\u00fct\u00fc<\/h4>\r\n<ul>\r\n<li>Kakaolu<\/li>\r\n<li>Vanilyal\u0131<\/li>\r\n<li>Muzlu<\/li>\r\n<li>\u00c7ilekli<\/li>\r\n<\/ul>\r\n<\/td>\r\n<td valign=top>\r\n<h4 class=\"nobr\">2,50&nbsp;\u20ac<\/h4>\r\n<\/td>\r\n<\/tr>\r\n<\/tbody>\r\n<\/table>\r\n<\/div>\r\n<\/div>\r\n\r\n\r\n\r\n<div class=\"wp-block-columns speisekarte is-layout-flex wp-container-core-columns-is-layout-28f84493 wp-block-columns-is-layout-flex\">\r\n<div class=\"wp-block-column is-layout-flow wp-block-column-is-layout-flow\">\r\n<table>\r\n<tbody>\r\n<tr>\r\n<td>\r\n<h4>Bionade<\/h4>\r\n<\/td>\r\n<td valign=top>\r\n<h4 class=\"nobr\">3,50 \u20ac<\/h4>\r\n<\/td>\r\n<\/tr>\r\n<tr>\r\n<td>\r\n<h4>Fritz-Limo<\/h4>\r\n<\/td>\r\n<td valign=top>\r\n<h4 class=\"nobr\">3,50 \u20ac<\/h4>\r\n<\/td>\r\n<\/tr>\r\n<tr>\r\n<td>\r\n<h4>Almdudler<\/h4>\r\n<\/td>\r\n<td valign=top>\r\n<h4 class=\"nobr\">3,50 \u20ac<\/h4>\r\n<\/td>\r\n<\/tr>\r\n<tr>\r\n<td>\r\n<h4>Club-Mate<\/h4>\r\n<\/td>\r\n<td valign=top>\r\n<h4 class=\"nobr\">3,50 \u20ac<\/h4>\r\n<\/td>\r\n<\/tr>\r\n<tr>\r\n<td>\r\n<h4>Schweppes<\/h4>\r\n<\/td>\r\n<td valign=top>\r\n<h4 class=\"nobr\">3,00 \u20ac<\/h4>\r\n<\/td>\r\n<\/tr>\r\n<tr>\r\n<td>\r\n<h4>Malt biras\u0131<\/h4>\r\n<\/td>\r\n<td valign=top>\r\n<h4 class=\"nobr\">3,30 \u20ac<\/h4>\r\n<\/td>\r\n<\/tr>\r\n<tr>\r\n<td>\r\n<h4>Cola, Fanta, Sprite<\/h4>\r\n<\/td>\r\n<td valign=top>\r\n<h4 class=\"nobr\">3,50 \u20ac<\/h4>\r\n<\/td>\r\n<\/tr>\r\n<\/tbody>\r\n<\/table>\r\n<\/div>\r\n\r\n\r\n\r\n<div class=\"wp-block-column is-layout-flow wp-block-column-is-layout-flow\">\r\n<table>\r\n<tbody>\r\n<tr>\r\n<td>\r\n<h4>Elma suyu<\/h4>\r\n<\/td>\r\n<td valign=top>\r\n<h4 class=\"nobr\">0,2 l: 2,90 \u20ac \/ 0,3 l: 3,70 \u20ac<\/h4>\r\n<\/td>\r\n<\/tr>\r\n<tr>\r\n<td>\r\n<h4>Portakal suyu<\/h4>\r\n<\/td>\r\n<td valign=top>\r\n<h4 class=\"nobr\">0,2 l: 2,90 \u20ac \/ 0,3 l: 3,70 \u20ac<\/h4>\r\n<\/td>\r\n<\/tr>\r\n<tr>\r\n<td>\r\n<h4>Vi\u015fne nektar\u0131<\/h4>\r\n<\/td>\r\n<td valign=top>\r\n<h4 class=\"nobr\">0,2 l: 2,90 \u20ac \/ 0,3 l: 3,70 \u20ac<\/h4>\r\n<\/td>\r\n<\/tr>\r\n<tr>\r\n<td>\r\n<h4>Mango nektar\u0131<\/h4>\r\n<\/td>\r\n<td valign=top>\r\n<h4 class=\"nobr\">0,2 l: 2,90 \u20ac \/ 0,3 l: 3,70 \u20ac<\/h4>\r\n<\/td>\r\n<\/tr>\r\n<tr>\r\n<td>\r\n<h4>U\u00e7kun nektar\u0131<\/h4>\r\n<\/td>\r\n<td valign=top>\r\n<h4 class=\"nobr\">0,2 l: 2,90 \u20ac \/ 0,3 l: 3,70 \u20ac<\/h4>\r\n<\/td>\r\n<\/tr>\r\n<tr>\r\n<td>\r\n<h4>Su<\/h4>\r\n<\/td>\r\n<td valign=top>\r\n<h4 class=\"nobr\">0,2 l: 2,50 \u20ac \/ 0,3 l: 3,00 \u20ac<\/h4>\r\n<\/td>\r\n<\/tr>\r\n<tr>\r\n<td>\r\n<h4>\u015ei\u015fe maden suyu<\/h4>\r\n<\/td>\r\n<td valign=top>\r\n<h4 class=\"nobr\">0,75 l: 5,50 \u20ac<\/h4>\r\n<\/td>\r\n<\/tr>\r\n<\/tbody>\r\n<\/table>\r\n<\/div>\r\n<\/div>\r\n","protected":false},"excerpt":{"rendered":"<p>Tatl\u0131 Spielzimmer Ekmek Po\u011fa\u00e7a Re\u00e7el Yumurta 12,00&nbsp;\u20ac Douyurucu Spielzimmer Ekmek Po\u011fa\u00e7a Peynir Salam Jambon Yumurta 14,00&nbsp;\u20ac Vejetaryen Spielzimmer Ekmek Po\u011fa\u00e7a Farkl\u0131 peynir \u00e7e\u015fitleri Yumurta 15,00&nbsp;\u20ac B\u00fcy\u00fck Spielzimmer Ekmek Po\u011fa\u00e7a Re\u00e7el Peynir Salam Jambon Yumurta Domates-Mozzarella 17,00&nbsp;\u20ac Taze Bel\u00e7ika waffle&#8217;lar\u0131 Pudra \u015fekeri Tar\u00e7\u0131n ve \u015eeker Elma P\u00fcresi Kiraz 4,50 \u20ac Se\u00e7ti\u011finiz sandvi\u00e7in \u00fczerine Peynir Salam Jambon [&hellip;]<\/p>\n","protected":false},"author":1,"featured_media":0,"parent":0,"menu_order":40,"comment_status":"closed","ping_status":"closed","template":"","meta":{"_acf_changed":false,"footnotes":""},"class_list":["post-1311","page","type-page","status-publish","hentry"],"acf":[],"_links":{"self":[{"href":"https:\/\/spielzimmer.berlin\/tr\/wp-json\/wp\/v2\/pages\/1311","targetHints":{"allow":["GET"]}}],"collection":[{"href":"https:\/\/spielzimmer.berlin\/tr\/wp-json\/wp\/v2\/pages"}],"about":[{"href":"https:\/\/spielzimmer.berlin\/tr\/wp-json\/wp\/v2\/types\/page"}],"author":[{"embeddable":true,"href":"https:\/\/spielzimmer.berlin\/tr\/wp-json\/wp\/v2\/users\/1"}],"replies":[{"embeddable":true,"href":"https:\/\/spielzimmer.berlin\/tr\/wp-json\/wp\/v2\/comments?post=1311"}],"version-history":[{"count":4,"href":"https:\/\/spielzimmer.berlin\/tr\/wp-json\/wp\/v2\/pages\/1311\/revisions"}],"predecessor-version":[{"id":6188,"href":"https:\/\/spielzimmer.berlin\/tr\/wp-json\/wp\/v2\/pages\/1311\/revisions\/6188"}],"wp:attachment":[{"href":"https:\/\/spielzimmer.berlin\/tr\/wp-json\/wp\/v2\/media?parent=1311"}],"curies":[{"name":"wp","href":"https:\/\/api.w.org\/{rel}","templated":true}]}}