{"id":1342,"date":"2022-12-01T12:29:10","date_gmt":"2022-12-01T11:29:10","guid":{"rendered":"https:\/\/spielzimmer.berlin\/kontakt\/"},"modified":"2024-08-09T19:21:40","modified_gmt":"2024-08-09T17:21:40","slug":"contact","status":"publish","type":"page","link":"https:\/\/spielzimmer.berlin\/tr\/contact\/","title":{"rendered":"\u0130leti\u015fim"},"content":{"rendered":"\n<ul class=\"wp-block-list\">\n<li class=\"dripicons-checkmark-phone\"><strong>Telefon:&nbsp;&nbsp;<\/strong><a href=\"tel:+49-030 44037635\">+49-30-44037635<\/a><\/li>\n\n\n\n<li class=\"dripicons-checkmark-mail\"><strong>E-posta:&nbsp;&nbsp;<\/strong>kontakt@spielzimmer.berlin<\/li>\n<\/ul>\n\n\n\n<div class=\"wp-block-group has-border-color has-vivid-cyan-blue-border-color has-background is-layout-flow wp-block-group-is-layout-flow\" style=\"border-width:1px;background-color:#edfafcad;padding-top:var(--wp--preset--spacing--30);padding-right:var(--wp--preset--spacing--30);padding-bottom:var(--wp--preset--spacing--30);padding-left:var(--wp--preset--spacing--30)\">\n<h3 class=\"wp-block-heading has-text-align-left\">FAQ<\/h3>\n\n\n\n<hr class=\"wp-block-separator has-text-color has-vivid-cyan-blue-color has-alpha-channel-opacity has-vivid-cyan-blue-background-color has-background is-style-wide\"\/>\n\n\n\n<button class=\"accordion\">\u00c7al\u0131\u015fma saatleriniz nedir?<\/button>\n<div class=\"contactinfoarea\">\n<p>Ayr\u0131ca \u00e7ocuk kafesini <strong>\u00f6zel partiler<\/strong> i\u00e7in kiral\u0131yoruz. Bu nedenle maalesef kapal\u0131 oldu\u011fumuz zamanlar da olabiliyor. <a href=\"\/tr\/#oeffungszeiten-spielzimmer\" title=\"G\u00fcncel \u00e7al\u0131\u015fma saatlerimizi her zaman burada ana sayfada\">G\u00fcncel \u00e7al\u0131\u015fma saatlerimizi her zaman burada ana sayfada<\/a> veya <a href=\"https:\/\/www.google.com\/search?client=firefox-b-d&amp;q=kindercafe+spielzimmer#loh=true\" title=\"aktuelle Google&#039;daki a\u00e7\u0131klamada\" target=\"_blank\" rel=\"noopener\">Google&#8217;daki a\u00e7\u0131klamada<\/a> bulabilirsiniz. Anlay\u0131\u015f\u0131n\u0131z i\u00e7in te\u015fekk\u00fcr ederiz.<\/p><\/div>\n\n<button class=\"accordion\">Kindercaf\u00e9 Spielzimmer hangi zamanlarda bu kadar kalabal\u0131k de\u011fil? En yo\u011fun oldu\u011funuz zamanlar ne zaman?<\/button>\n<div class=\"contactinfoarea\">\n<p>Deneyimlerimiz, k\u0131\u015f aylar\u0131nda Kindercaf\u00e9 Spielzimmer\u2019in olduk\u00e7a kalabal\u0131k oldu\u011funu g\u00f6stermektedir. <strong>Hafta boyunca<\/strong> sizin i\u00e7in her zaman bir yer bulabiliriz. Pazartesi ve Cuma <strong>sabahlar\u0131<\/strong> do\u011fal olarak en sakin zamanlard\u0131r &#8211; \u00e7ocuklar\u0131n \u00e7o\u011fu anaokulundan veya okuldan eve gelmeden \u00f6nce. <strong>Hafta sonlar\u0131 saat 13:00 ile 14:00 aras\u0131nda<\/strong> daha m\u00fcsaittir. Ziyaretinizi d\u00f6rt g\u00f6zle bekliyoruz!<\/p><\/div>\n\n<button class=\"accordion\">Kendi yeme\u011fimi getirebilir miyim?<\/button>\n<div class=\"contactinfoarea\">\n<p>Restoran i\u015fletmecileri olarak bizler, <strong>yiyecek ve i\u00e7ecek sat\u0131\u015f\u0131ndan ge\u00e7iniyoruz<\/strong>. Bu nedenle, <strong>yiyecek ve i\u00e7ecek getirmenize<\/strong> izin veremeyece\u011fimizi anlay\u0131\u015fla kar\u015f\u0131laman\u0131z\u0131 rica ediyoruz. Deste\u011finiz i\u00e7in te\u015fekk\u00fcr ederiz!<\/p><\/div>\n\n<button class=\"accordion\">Spielzimmer\u2019de rezervasyon yapt\u0131rmak m\u00fcmk\u00fcn m\u00fc?<\/button>\n<div class=\"contactinfoarea\">\n<p>Ne yaz\u0131k ki tek tek masa ay\u0131ram\u0131yoruz. <strong>10 ki\u015fiden fazlas\u0131<\/strong> i\u00e7in l\u00fctfen <strong>ileti\u015fim formu<\/strong> veya <strong>telefon<\/strong> arac\u0131l\u0131\u011f\u0131yla bizimle \u00f6nceden ileti\u015fime ge\u00e7in.\nSize bir <a href=\"\/tr\/kahvaltisi-prenzlauer-berg\/\" title=\"aile kahvalt\u0131s\u0131\">aile kahvalt\u0131s\u0131<\/a>, <a href=\"\/tr\/cocuk-dogum-guenleri\/\" title=\"\u00e7ocuk do\u011fum g\u00fcn\u00fc partisi\">\u00e7ocuk do\u011fum g\u00fcn\u00fc partisi<\/a> veya <a href=\"\/tr\/cocuk-dogum-guenleri\/#geschlossene-gesellschaft\" title=\"kapal\u0131 bir etkinli\u011fin\">kapal\u0131 bir etkinli\u011fin<\/a> bir par\u00e7as\u0131 olarak <strong>rezervasyon<\/strong> sunuyoruz.<\/p><\/div>\n\n<button class=\"accordion\">Bebek arabalar\u0131n\u0131 kafeye park edebiliyor musunuz?<\/button>\n<div class=\"contactinfoarea\">\n<p>\u00c7ocuk arabalar\u0131n\u0131z\u0131, bisikletlerinizi, ko\u015fu bisikletlerinizi vb. <strong>kafenin \u00f6n\u00fcne park etmenizi<\/strong> rica ederiz. Bunun <strong>\u00f6nemli bir nedeni<\/strong> var: Bebek arabalar\u0131n\u0131n kafedeki yollar\u0131 kapatmas\u0131. Bu durum, etrafta ko\u015fu\u015fturan ve oynayan \u00e7ocuklar i\u00e7in yaralanma riski olu\u015fturmaktad\u0131r. Elbette bundan ka\u00e7\u0131nmak isteriz.<\/p>\n\n<p>Kindercaf\u00e9s Spielzimmer&#8217;in kurulu\u015fundan bu yana, bug\u00fcne kadar her \u00e7ocuk arabas\u0131 kafenin \u00f6n\u00fcnde durdu. Kafede oturdu\u011funuz yere ba\u011fl\u0131 olarak, cam \u00f6n\u00fcm\u00fczden \u00e7ocuk araban\u0131za g\u00f6z kulak olabilirsiniz. Gerekirse, \u00e7ocuk araban\u0131z\u0131 bir kilitle de sabitleyebilirsiniz.<\/p>\n\n<p>Kindercaf\u00e9 Spielzimmer&#8217;in gen\u00e7 ve ya\u015fl\u0131 t\u00fcm misafirlerimiz i\u00e7in e\u011flenebilecekleri ve oynayabilecekleri g\u00fczel bir yer olmas\u0131n\u0131 istiyoruz. Anlay\u0131\u015f\u0131n\u0131z ve deste\u011finiz i\u00e7in te\u015fekk\u00fcr ederiz!<\/p><\/div>\n\n<button class=\"accordion\">K\u00f6pekler kafeye gelebilir mi?<\/button>\n<div class=\"contactinfoarea\">\n<p>Sizden <strong>k\u00f6pek getirmemenizi<\/strong> rica ediyoruz. Bunun <strong>\u00f6nemli nedenleri<\/strong> vard\u0131r: \u00d6ncelikle, bu konaklama d\u00f6rt ayakl\u0131 canlar\u0131n\u0131z i\u00e7in muhtemelen \u00e7ok stresli olacakt\u0131r. Kindercaf\u00e9 g\u00fcr\u00fclt\u00fcl\u00fc ve kalabal\u0131kt\u0131r. K\u00f6peklerinize yabanc\u0131 olan bir\u00e7ok insan var.<\/p>\n\n<p>\u00d6te yandan, misafirlerin k\u00f6pek t\u00fcy\u00fcne kar\u015f\u0131 alerjisi olabilir. Baz\u0131 misafirler k\u00f6peklerden de korkabilir. Bu nedenle, t\u00fcyl\u00fc dostlar\u0131n\u0131z\u0131 yan\u0131n\u0131zda getirmemenizi rica ediyoruz. Deste\u011finiz i\u00e7in te\u015fekk\u00fcr ederiz!<\/p><\/div>\n\n<button class=\"accordion\">EC kart ile \u00f6deme yapabilir miyim?<\/button>\n<div class=\"contactinfoarea\">\n<p><strong>Ne yaz\u0131k ki<\/strong> EC kart\u0131 ile \u00f6deme m\u00fcmk\u00fcn de\u011fildir. Sadece <strong>nakit<\/strong> \u00f6deme m\u00fcmk\u00fcnd\u00fcr.<\/p><\/div>\n<\/div>\n\n\n\n<div class=\"wp-block-group has-custom-kontaktformular-background-color has-background has-global-padding is-layout-constrained wp-block-group-is-layout-constrained\" style=\"padding-top:var(--wp--preset--spacing--30);padding-bottom:var(--wp--preset--spacing--30)\">\n<h2 class=\"wp-block-heading\">\u0130leti\u015fim Formu<\/h2>\n\n\n\n<hr class=\"wp-block-separator has-text-color has-custom-trenner-kontakt-color has-alpha-channel-opacity has-custom-trenner-kontakt-background-color has-background is-style-wide\"\/>\n\n\n\n<div class=\"wp-block-contact-form-7-contact-form-selector is-style-wide\">\n<div class=\"wpcf7 no-js\" id=\"wpcf7-f1361-o1\" lang=\"tr-TR\" dir=\"ltr\" data-wpcf7-id=\"1361\">\n<div class=\"screen-reader-response\"><p role=\"status\" aria-live=\"polite\" aria-atomic=\"true\"><\/p> <ul><\/ul><\/div>\n<form action=\"\/tr\/wp-json\/wp\/v2\/pages\/1342#wpcf7-f1361-o1\" method=\"post\" class=\"wpcf7-form init\" aria-label=\"\u0130leti\u015fim Formu\" novalidate=\"novalidate\" data-status=\"init\">\n<fieldset class=\"hidden-fields-container\"><input type=\"hidden\" name=\"_wpcf7\" value=\"1361\" \/><input type=\"hidden\" name=\"_wpcf7_version\" value=\"6.1.5\" \/><input type=\"hidden\" name=\"_wpcf7_locale\" value=\"tr_TR\" \/><input type=\"hidden\" name=\"_wpcf7_unit_tag\" value=\"wpcf7-f1361-o1\" \/><input type=\"hidden\" name=\"_wpcf7_container_post\" value=\"0\" \/><input type=\"hidden\" name=\"_wpcf7_posted_data_hash\" value=\"\" \/>\n<\/fieldset>\n<p>Ad\u0131<br \/>\n<span class=\"wpcf7-form-control-wrap\" data-name=\"firstname\"><input size=\"40\" maxlength=\"400\" class=\"wpcf7-form-control wpcf7-text\" aria-invalid=\"false\" value=\"\" type=\"text\" name=\"firstname\" \/><\/span>\n<\/p>\n<p>Soyad\u0131<br \/>\n<span class=\"wpcf7-form-control-wrap\" data-name=\"lastname\"><input size=\"40\" maxlength=\"400\" class=\"wpcf7-form-control wpcf7-text\" aria-invalid=\"false\" value=\"\" type=\"text\" name=\"lastname\" \/><\/span><span id=\"wpcf7-69e73afd61ade-wrapper\" class=\"wpcf7-form-control-wrap first-name-wrap\" style=\"display:none !important; visibility:hidden !important;\"><label for=\"wpcf7-69e73afd61ade-field\" class=\"hp-message\">Please leave this field empty.<\/label><input id=\"wpcf7-69e73afd61ade-field\"  class=\"wpcf7-form-control wpcf7-text\" type=\"text\" name=\"first-name\" value=\"\" size=\"40\" tabindex=\"-1\" autocomplete=\"new-password\" \/><\/span><span id=\"wpcf7-69e73afd61b14-wrapper\" class=\"wpcf7-form-control-wrap last-name-wrap\" style=\"display:none !important; visibility:hidden !important;\"><label for=\"wpcf7-69e73afd61b14-field\" class=\"hp-message\">Please leave this field empty.<\/label><input id=\"wpcf7-69e73afd61b14-field\"  class=\"wpcf7-form-control wpcf7-text\" type=\"text\" name=\"last-name\" value=\"\" size=\"40\" tabindex=\"-1\" autocomplete=\"new-password\" \/><\/span>\n<\/p>\n<p>E-Posta Adresi*<br \/>\n<span class=\"wpcf7-form-control-wrap\" data-name=\"email\"><input size=\"40\" maxlength=\"400\" class=\"wpcf7-form-control wpcf7-email wpcf7-validates-as-required wpcf7-text wpcf7-validates-as-email\" aria-required=\"true\" aria-invalid=\"false\" value=\"\" type=\"email\" name=\"email\" \/><\/span>\n<\/p>\n<p>Telefon<br \/>\n<span class=\"wpcf7-form-control-wrap\" data-name=\"phone\"><input size=\"40\" maxlength=\"400\" class=\"wpcf7-form-control wpcf7-tel wpcf7-text wpcf7-validates-as-tel\" aria-invalid=\"false\" value=\"\" type=\"tel\" name=\"phone\" \/><\/span>\n<\/p>\n<p>Konu*<br \/>\n<span class=\"wpcf7-form-control-wrap\" data-name=\"subject\"><input size=\"40\" maxlength=\"400\" class=\"wpcf7-form-control wpcf7-text wpcf7-validates-as-required\" aria-required=\"true\" aria-invalid=\"false\" value=\"\" type=\"text\" name=\"subject\" \/><\/span>\n<\/p>\n<p>\u0130leti<br \/>\n<span class=\"wpcf7-form-control-wrap\" data-name=\"message\"><textarea cols=\"40\" rows=\"10\" maxlength=\"2000\" class=\"wpcf7-form-control wpcf7-textarea\" aria-invalid=\"false\" name=\"message\"><\/textarea><\/span>\n<\/p>\n<p><input class=\"wpcf7-form-control wpcf7-submit has-spinner\" type=\"submit\" value=\"G\u00f6nder\" \/>\n<\/p><div class=\"wpcf7-response-output\" aria-hidden=\"true\"><\/div>\n<\/form>\n<\/div>\n<\/div>\n<\/div>\n\n\n\n<script src=\"https:\/\/ajax.googleapis.com\/ajax\/libs\/jquery\/2.2.4\/jquery.min.js\"><\/script>\n<script>\nvar acc = document.getElementsByClassName(\"accordion\");\nvar i;\nfor (i = 0; i < acc.length; i++) {\n  acc[i].addEventListener(\"click\", function() {\n\n    this.classList.toggle(\"active\");\n    var panel = this.nextElementSibling;\n    if (panel.style.maxHeight){\n      panel.style.maxHeight = null;\n    } else {\n      panel.style.maxHeight = panel.scrollHeight + \"px\";\n    }\n  });\n}\n<\/script>\n","protected":false},"excerpt":{"rendered":"<p>FAQ \u00c7al\u0131\u015fma saatleriniz nedir? Ayr\u0131ca \u00e7ocuk kafesini \u00f6zel partiler i\u00e7in kiral\u0131yoruz. Bu nedenle maalesef kapal\u0131 oldu\u011fumuz zamanlar da olabiliyor. G\u00fcncel \u00e7al\u0131\u015fma saatlerimizi her zaman burada ana sayfada veya Google&#8217;daki a\u00e7\u0131klamada bulabilirsiniz. Anlay\u0131\u015f\u0131n\u0131z i\u00e7in te\u015fekk\u00fcr ederiz. Kindercaf\u00e9 Spielzimmer hangi zamanlarda bu kadar kalabal\u0131k de\u011fil? En yo\u011fun oldu\u011funuz zamanlar ne zaman? Deneyimlerimiz, k\u0131\u015f aylar\u0131nda Kindercaf\u00e9 Spielzimmer\u2019in olduk\u00e7a [&hellip;]<\/p>\n","protected":false},"author":1,"featured_media":0,"parent":0,"menu_order":110,"comment_status":"closed","ping_status":"closed","template":"","meta":{"_acf_changed":false,"footnotes":""},"class_list":["post-1342","page","type-page","status-publish","hentry"],"acf":[],"_links":{"self":[{"href":"https:\/\/spielzimmer.berlin\/tr\/wp-json\/wp\/v2\/pages\/1342","targetHints":{"allow":["GET"]}}],"collection":[{"href":"https:\/\/spielzimmer.berlin\/tr\/wp-json\/wp\/v2\/pages"}],"about":[{"href":"https:\/\/spielzimmer.berlin\/tr\/wp-json\/wp\/v2\/types\/page"}],"author":[{"embeddable":true,"href":"https:\/\/spielzimmer.berlin\/tr\/wp-json\/wp\/v2\/users\/1"}],"replies":[{"embeddable":true,"href":"https:\/\/spielzimmer.berlin\/tr\/wp-json\/wp\/v2\/comments?post=1342"}],"version-history":[{"count":5,"href":"https:\/\/spielzimmer.berlin\/tr\/wp-json\/wp\/v2\/pages\/1342\/revisions"}],"predecessor-version":[{"id":5291,"href":"https:\/\/spielzimmer.berlin\/tr\/wp-json\/wp\/v2\/pages\/1342\/revisions\/5291"}],"wp:attachment":[{"href":"https:\/\/spielzimmer.berlin\/tr\/wp-json\/wp\/v2\/media?parent=1342"}],"curies":[{"name":"wp","href":"https:\/\/api.w.org\/{rel}","templated":true}]}}